{"id":163,"date":"2022-03-09T20:13:42","date_gmt":"2022-03-09T20:13:42","guid":{"rendered":"https:\/\/ct-host.net\/avance998\/?page_id=163"},"modified":"2024-07-18T09:31:20","modified_gmt":"2024-07-18T14:31:20","slug":"about-us","status":"publish","type":"page","link":"https:\/\/test.avance.org\/es\/about-us\/","title":{"rendered":"Sobre Nosotros"},"content":{"rendered":"<h2>\n\t\tSobre Nosotros\n\t<\/h2>\n\t<h1>Misi\u00f3n<\/h1>\n\tAVANCE crea caminos hacia la movilidad econ\u00f3mica para familias predominantemente latinas a trav\u00e9s de una programaci\u00f3n de dos generaciones de alta calidad y culturalmente sensible que garantiza la preparaci\u00f3n escolar para los ni\u00f1os peque\u00f1os y oportunidades para que los padres desarrollen<br \/>\ncapital social y econ\u00f3mico.\n\t<h1>Visi\u00f3n<\/h1>\n\tImaginamos un mundo en el que todos los ni\u00f1os y familias tengan acceso equitativo a los recursos y oportunidades para alcanzar su m\u00e1ximo potencial, transformando las comunidades<br \/>\nen las que vivimos.\n\t<h1><a href=\"\/es\/about-us\/history\/\">Nuestra Historia<\/a><\/h1>\n\t<p>In 1973 the Zale Foundation hired Dr. Gloria Rodriguez to oversee an expansion of the Mother-Infant Program. Dr. Rodriguez founded AVANCE and soon began classes on San Antonio&#8217;s West Side. Twenty-three years later, in 1996, AVANCE-Dallas opened with Lisa Oglesby Rocha as its inaugural Executive Director, overseeing five employees, three sites, and a budget of $300,000.<\/p>\n\t<h1><a href=\"\/es\/about-us\/the-avance-way\/\">El Estilo de AVANCE<\/a><\/h1>\n\tThe AVANCE Way is a distinctive strengths-based approach to working with families that centers on meeting families where they are and building on their strengths to foster community, trust, and learning. We employ specific strategies based on the unique needs of families and children to introduce them to resources and opportunities<br \/>\nin the community.\n\t<h1><a href=\"\/es\/programs\/\">Programas<\/a><\/h1>\n\t<p>Durante 50 a\u00f1os en Texas y casi 30 a\u00f1os en Dallas AVANCE ha estado creando caminos hacia la movilidad econ\u00f3mica para las familias a trav\u00e9s de una programaci\u00f3n innovadora y culturalmente sensible de dos generaciones (2Gen). Nuestro objetivo final es el acceso equitativo de todos los ni\u00f1os y familias a los recursos y oportunidades que les permitan alcanzar su m\u00e1ximo potencial.<\/p>","protected":false},"excerpt":{"rendered":"<p>About Us Mission AVANCE creates pathways to economic mobility for predominantly Latino families through high-quality, culturally responsive, two-generation programming that ensures school-readiness for young children and opportunities for parents to build social and economic capital. Vision We envision a world where all children and families have equitable access to resources and opportunities to reach their &#8230; <a title=\"Sobre Nosotros\" class=\"read-more\" href=\"https:\/\/test.avance.org\/es\/about-us\/\" aria-label=\"Leer m\u00e1s sobre About us\">Leer m\u00e1s<\/a><\/p>","protected":false},"author":1,"featured_media":0,"parent":0,"menu_order":8,"comment_status":"closed","ping_status":"closed","template":"","meta":{"inline_featured_image":false,"_vp_format_video_url":"","_vp_image_focal_point":[],"footnotes":""},"class_list":["post-163","page","type-page","status-publish"],"yoast_head":"<!-- This site is optimized with the Yoast SEO plugin v27.4 - https:\/\/yoast.com\/product\/yoast-seo-wordpress\/ -->\n<title>About us - AVANCE Dallas<\/title>\n<meta name=\"robots\" content=\"index, follow, max-snippet:-1, max-image-preview:large, max-video-preview:-1\" \/>\n<link rel=\"canonical\" href=\"https:\/\/test.avance.org\/es\/about-us\/\" \/>\n<meta property=\"og:locale\" content=\"es_MX\" \/>\n<meta property=\"og:type\" content=\"article\" \/>\n<meta property=\"og:title\" content=\"About us - AVANCE Dallas\" \/>\n<meta property=\"og:description\" content=\"About Us Mission AVANCE creates pathways to economic mobility for predominantly Latino families through high-quality, culturally responsive, two-generation programming that ensures school-readiness for young children and opportunities for parents to build social and economic capital. Vision We envision a world where all children and families have equitable access to resources and opportunities to reach their ... Leer m\u00e1s\" \/>\n<meta property=\"og:url\" content=\"https:\/\/test.avance.org\/es\/about-us\/\" \/>\n<meta property=\"og:site_name\" content=\"AVANCE Dallas\" \/>\n<meta property=\"article:publisher\" content=\"https:\/\/www.facebook.com\/AVANCEinc\/\" \/>\n<meta property=\"article:modified_time\" content=\"2024-07-18T14:31:20+00:00\" \/>\n<meta name=\"twitter:card\" content=\"summary_large_image\" \/>\n<meta name=\"twitter:site\" content=\"@AVANCEinc\" \/>\n<meta name=\"twitter:label1\" content=\"Tiempo de lectura\" \/>\n\t<meta name=\"twitter:data1\" content=\"1 minuto\" \/>\n<script type=\"application\/ld+json\" class=\"yoast-schema-graph\">{\"@context\":\"https:\\\/\\\/schema.org\",\"@graph\":[{\"@type\":\"WebPage\",\"@id\":\"https:\\\/\\\/test.avance.org\\\/about-us\\\/\",\"url\":\"https:\\\/\\\/test.avance.org\\\/about-us\\\/\",\"name\":\"About us - AVANCE Dallas\",\"isPartOf\":{\"@id\":\"https:\\\/\\\/test.avance.org\\\/#website\"},\"datePublished\":\"2022-03-09T20:13:42+00:00\",\"dateModified\":\"2024-07-18T14:31:20+00:00\",\"breadcrumb\":{\"@id\":\"https:\\\/\\\/test.avance.org\\\/about-us\\\/#breadcrumb\"},\"inLanguage\":\"es\",\"potentialAction\":[{\"@type\":\"ReadAction\",\"target\":[\"https:\\\/\\\/test.avance.org\\\/about-us\\\/\"]}]},{\"@type\":\"BreadcrumbList\",\"@id\":\"https:\\\/\\\/test.avance.org\\\/about-us\\\/#breadcrumb\",\"itemListElement\":[{\"@type\":\"ListItem\",\"position\":1,\"name\":\"Home\",\"item\":\"https:\\\/\\\/test.avance.org\\\/\"},{\"@type\":\"ListItem\",\"position\":2,\"name\":\"About us\"}]},{\"@type\":\"WebSite\",\"@id\":\"https:\\\/\\\/test.avance.org\\\/#website\",\"url\":\"https:\\\/\\\/test.avance.org\\\/\",\"name\":\"AVANCE Dallas\",\"description\":\"Unlocking America&#039;s Potential\",\"publisher\":{\"@id\":\"https:\\\/\\\/test.avance.org\\\/#organization\"},\"potentialAction\":[{\"@type\":\"SearchAction\",\"target\":{\"@type\":\"EntryPoint\",\"urlTemplate\":\"https:\\\/\\\/test.avance.org\\\/?s={search_term_string}\"},\"query-input\":{\"@type\":\"PropertyValueSpecification\",\"valueRequired\":true,\"valueName\":\"search_term_string\"}}],\"inLanguage\":\"es\"},{\"@type\":\"Organization\",\"@id\":\"https:\\\/\\\/test.avance.org\\\/#organization\",\"name\":\"AVANCE Dallas\",\"url\":\"https:\\\/\\\/test.avance.org\\\/\",\"logo\":{\"@type\":\"ImageObject\",\"inLanguage\":\"es\",\"@id\":\"https:\\\/\\\/test.avance.org\\\/#\\\/schema\\\/logo\\\/image\\\/\",\"url\":\"https:\\\/\\\/test.avance.org\\\/wp-content\\\/uploads\\\/2024\\\/06\\\/cropped-logo-1.png\",\"contentUrl\":\"https:\\\/\\\/test.avance.org\\\/wp-content\\\/uploads\\\/2024\\\/06\\\/cropped-logo-1.png\",\"width\":1920,\"height\":631,\"caption\":\"AVANCE Dallas\"},\"image\":{\"@id\":\"https:\\\/\\\/test.avance.org\\\/#\\\/schema\\\/logo\\\/image\\\/\"},\"sameAs\":[\"https:\\\/\\\/www.facebook.com\\\/AVANCEinc\\\/\",\"https:\\\/\\\/x.com\\\/AVANCEinc\",\"https:\\\/\\\/www.instagram.com\\\/avance__inc\\\/\",\"https:\\\/\\\/www.linkedin.com\\\/company\\\/avance-inc\"]}]}<\/script>\n<!-- \/ Yoast SEO plugin. -->","yoast_head_json":{"title":"About us - AVANCE Dallas","robots":{"index":"index","follow":"follow","max-snippet":"max-snippet:-1","max-image-preview":"max-image-preview:large","max-video-preview":"max-video-preview:-1"},"canonical":"https:\/\/test.avance.org\/es\/about-us\/","og_locale":"es_MX","og_type":"article","og_title":"About us - AVANCE Dallas","og_description":"About Us Mission AVANCE creates pathways to economic mobility for predominantly Latino families through high-quality, culturally responsive, two-generation programming that ensures school-readiness for young children and opportunities for parents to build social and economic capital. Vision We envision a world where all children and families have equitable access to resources and opportunities to reach their ... Leer m\u00e1s","og_url":"https:\/\/test.avance.org\/es\/about-us\/","og_site_name":"AVANCE Dallas","article_publisher":"https:\/\/www.facebook.com\/AVANCEinc\/","article_modified_time":"2024-07-18T14:31:20+00:00","twitter_card":"summary_large_image","twitter_site":"@AVANCEinc","twitter_misc":{"Tiempo de lectura":"1 minuto"},"schema":{"@context":"https:\/\/schema.org","@graph":[{"@type":"WebPage","@id":"https:\/\/test.avance.org\/about-us\/","url":"https:\/\/test.avance.org\/about-us\/","name":"About us - AVANCE Dallas","isPartOf":{"@id":"https:\/\/test.avance.org\/#website"},"datePublished":"2022-03-09T20:13:42+00:00","dateModified":"2024-07-18T14:31:20+00:00","breadcrumb":{"@id":"https:\/\/test.avance.org\/about-us\/#breadcrumb"},"inLanguage":"es","potentialAction":[{"@type":"ReadAction","target":["https:\/\/test.avance.org\/about-us\/"]}]},{"@type":"BreadcrumbList","@id":"https:\/\/test.avance.org\/about-us\/#breadcrumb","itemListElement":[{"@type":"ListItem","position":1,"name":"Home","item":"https:\/\/test.avance.org\/"},{"@type":"ListItem","position":2,"name":"About us"}]},{"@type":"WebSite","@id":"https:\/\/test.avance.org\/#website","url":"https:\/\/test.avance.org\/","name":"AVANCE Dallas","description":"Unlocking America&#039;s Potential","publisher":{"@id":"https:\/\/test.avance.org\/#organization"},"potentialAction":[{"@type":"SearchAction","target":{"@type":"EntryPoint","urlTemplate":"https:\/\/test.avance.org\/?s={search_term_string}"},"query-input":{"@type":"PropertyValueSpecification","valueRequired":true,"valueName":"search_term_string"}}],"inLanguage":"es"},{"@type":"Organization","@id":"https:\/\/test.avance.org\/#organization","name":"AVANCE Dallas","url":"https:\/\/test.avance.org\/","logo":{"@type":"ImageObject","inLanguage":"es","@id":"https:\/\/test.avance.org\/#\/schema\/logo\/image\/","url":"https:\/\/test.avance.org\/wp-content\/uploads\/2024\/06\/cropped-logo-1.png","contentUrl":"https:\/\/test.avance.org\/wp-content\/uploads\/2024\/06\/cropped-logo-1.png","width":1920,"height":631,"caption":"AVANCE Dallas"},"image":{"@id":"https:\/\/test.avance.org\/#\/schema\/logo\/image\/"},"sameAs":["https:\/\/www.facebook.com\/AVANCEinc\/","https:\/\/x.com\/AVANCEinc","https:\/\/www.instagram.com\/avance__inc\/","https:\/\/www.linkedin.com\/company\/avance-inc"]}]}},"post_mailing_queue_ids":[],"_links":{"self":[{"href":"https:\/\/test.avance.org\/es\/wp-json\/wp\/v2\/pages\/163","targetHints":{"allow":["GET"]}}],"collection":[{"href":"https:\/\/test.avance.org\/es\/wp-json\/wp\/v2\/pages"}],"about":[{"href":"https:\/\/test.avance.org\/es\/wp-json\/wp\/v2\/types\/page"}],"author":[{"embeddable":true,"href":"https:\/\/test.avance.org\/es\/wp-json\/wp\/v2\/users\/1"}],"replies":[{"embeddable":true,"href":"https:\/\/test.avance.org\/es\/wp-json\/wp\/v2\/comments?post=163"}],"version-history":[{"count":10,"href":"https:\/\/test.avance.org\/es\/wp-json\/wp\/v2\/pages\/163\/revisions"}],"predecessor-version":[{"id":6031,"href":"https:\/\/test.avance.org\/es\/wp-json\/wp\/v2\/pages\/163\/revisions\/6031"}],"wp:attachment":[{"href":"https:\/\/test.avance.org\/es\/wp-json\/wp\/v2\/media?parent=163"}],"curies":[{"name":"wp","href":"https:\/\/api.w.org\/{rel}","templated":true}]}}