{"id":165,"date":"2022-03-09T20:13:49","date_gmt":"2022-03-09T20:13:49","guid":{"rendered":"\/avance998\/?page_id=165"},"modified":"2024-07-30T10:36:21","modified_gmt":"2024-07-30T15:36:21","slug":"programs","status":"publish","type":"page","link":"https:\/\/test.avance.org\/es\/programs\/","title":{"rendered":"Programas"},"content":{"rendered":"<h2>\n\t\tProgramas\n\t<\/h2>\n\t<h1>Our Goal<\/h1>\n\t<p>Durante casi 30 a\u00f1os, AVANCE-North Texas ha estado creando v\u00edas hacia la movilidad econ\u00f3mica para familias locales a trav\u00e9s de programas innovadores y culturalmente receptivos de dos generaciones (2Gen). Nuestro objetivo final es el acceso equitativo a los recursos y oportunidades que permitan a las familias y comunidades prosperar. Es por eso que nuestro enfoque \u00fanico y nuestros programas est\u00e1n dise\u00f1ados para apoyar a padres, cuidadores y sus ni\u00f1os en sus trayectorias hacia su m\u00e1ximo potencial.<\/p>\n\t\t\t\t<img loading=\"lazy\" decoding=\"async\" src=\"https:\/\/test.avance.org\/wp-content\/uploads\/2024\/07\/ddn-4x4-1.png\" alt=\"ddn-4x4\" itemprop=\"image\" height=\"600\" width=\"600\" title=\"ddn-4x4\" onerror=\"this.style.display='none'\"  \/>\n\t<h1>Programas<\/h1>\n\t<h2>Programa de Educaci\u00f3n para Padres e Hijos de Avance (PCEP)<\/h2>\n\t<p>The Parent-Child Education Program (PCEP) is AVANCE&#8217;s core foundational program. It teaches parents how to become their child&#8217;s first and most important teacher and how to transform their home into a classroom for lifelong learning.<\/p>\n\t\t\t<a href=\"\/es\/programs\/pcep\/\" target=\"_self\" rel=\"noopener\">\n\t\t\t\t\t\t\tLEER M\u00c1S\n\t\t\t<\/a>\n\t<h2>Familias Construyendo Comunidades (FBC)<\/h2>\n\t<p>El programa Familias Construyendo Comunidades (FBC) proporciona a los ni\u00f1os herramientas para crecer y empodera a los padres y cuidadores para ser l\u00edderes comunitarios y defensores a trav\u00e9s del desarrollo personal y entrenamiento de liderazgo.<\/p>\n\t\t\t<a href=\"\/es\/programs\/fbc\/\" target=\"_self\" rel=\"noopener\">\n\t\t\t\t\t\t\tLEER M\u00c1S\n\t\t\t<\/a>\n\t<h2>H.O.P.E.S.<\/h2>\n\t<p>El programa Resultados Saludables a trav\u00e9s de la Prevenci\u00f3n y el Apoyo Temprano H.O.P.E.S por sus siglas en Ingles. (Healthy Outcomes through Prevention &amp; Early Support) combina visitas individuales al hogar con apoyo personalizado para ayudar a las familias en el Condado de Dallas a crear el mejor entorno posible para que sus hijos crezcan y prosperen.<\/p>\n\t\t\t<a href=\"\/es\/programs\/hopes\/\" target=\"_self\" rel=\"noopener\">\n\t\t\t\t\t\t\tLEER M\u00c1S\n\t\t\t<\/a>","protected":false},"excerpt":{"rendered":"<p>Programs Our Goal For nearly 30 years, AVANCE-North Texas has been creating pathways to economic mobility for local families through innovative, culturally responsive two-generation (2Gen) programming. Our ultimate goal is equitable access to the resources and opportunities that allow families and communities to thrive. This is why our unique approach and programming are designed to &#8230; <a title=\"Programas\" class=\"read-more\" href=\"https:\/\/test.avance.org\/es\/programs\/\" aria-label=\"Leer m\u00e1s sobre Programs\">Leer m\u00e1s<\/a><\/p>","protected":false},"author":1,"featured_media":0,"parent":0,"menu_order":9,"comment_status":"closed","ping_status":"closed","template":"","meta":{"inline_featured_image":false,"_vp_format_video_url":"","_vp_image_focal_point":[],"footnotes":""},"class_list":["post-165","page","type-page","status-publish"],"yoast_head":"<!-- This site is optimized with the Yoast SEO plugin v27.4 - https:\/\/yoast.com\/product\/yoast-seo-wordpress\/ -->\n<title>Programs - AVANCE Dallas<\/title>\n<meta name=\"robots\" content=\"index, follow, max-snippet:-1, max-image-preview:large, max-video-preview:-1\" \/>\n<link rel=\"canonical\" href=\"https:\/\/test.avance.org\/es\/programs\/\" \/>\n<meta property=\"og:locale\" content=\"es_MX\" \/>\n<meta property=\"og:type\" content=\"article\" \/>\n<meta property=\"og:title\" content=\"Programs - AVANCE Dallas\" \/>\n<meta property=\"og:description\" content=\"Programs Our Goal For nearly 30 years, AVANCE-North Texas has been creating pathways to economic mobility for local families through innovative, culturally responsive two-generation (2Gen) programming. Our ultimate goal is equitable access to the resources and opportunities that allow families and communities to thrive. This is why our unique approach and programming are designed to ... Leer m\u00e1s\" \/>\n<meta property=\"og:url\" content=\"https:\/\/test.avance.org\/es\/programs\/\" \/>\n<meta property=\"og:site_name\" content=\"AVANCE Dallas\" \/>\n<meta property=\"article:publisher\" content=\"https:\/\/www.facebook.com\/AVANCEinc\/\" \/>\n<meta property=\"article:modified_time\" content=\"2024-07-30T15:36:21+00:00\" \/>\n<meta property=\"og:image\" content=\"https:\/\/test.avance.org\/wp-content\/uploads\/2024\/07\/ddn-4x4-1.png\" \/>\n<meta name=\"twitter:card\" content=\"summary_large_image\" \/>\n<meta name=\"twitter:site\" content=\"@AVANCEinc\" \/>\n<meta name=\"twitter:label1\" content=\"Tiempo de lectura\" \/>\n\t<meta name=\"twitter:data1\" content=\"1 minuto\" \/>\n<script type=\"application\/ld+json\" class=\"yoast-schema-graph\">{\"@context\":\"https:\\\/\\\/schema.org\",\"@graph\":[{\"@type\":\"WebPage\",\"@id\":\"https:\\\/\\\/test.avance.org\\\/programs\\\/\",\"url\":\"https:\\\/\\\/test.avance.org\\\/programs\\\/\",\"name\":\"Programs - AVANCE Dallas\",\"isPartOf\":{\"@id\":\"https:\\\/\\\/test.avance.org\\\/#website\"},\"primaryImageOfPage\":{\"@id\":\"https:\\\/\\\/test.avance.org\\\/programs\\\/#primaryimage\"},\"image\":{\"@id\":\"https:\\\/\\\/test.avance.org\\\/programs\\\/#primaryimage\"},\"thumbnailUrl\":\"https:\\\/\\\/test.avance.org\\\/wp-content\\\/uploads\\\/2024\\\/07\\\/ddn-4x4-1.png\",\"datePublished\":\"2022-03-09T20:13:49+00:00\",\"dateModified\":\"2024-07-30T15:36:21+00:00\",\"breadcrumb\":{\"@id\":\"https:\\\/\\\/test.avance.org\\\/programs\\\/#breadcrumb\"},\"inLanguage\":\"es\",\"potentialAction\":[{\"@type\":\"ReadAction\",\"target\":[\"https:\\\/\\\/test.avance.org\\\/programs\\\/\"]}]},{\"@type\":\"ImageObject\",\"inLanguage\":\"es\",\"@id\":\"https:\\\/\\\/test.avance.org\\\/programs\\\/#primaryimage\",\"url\":\"https:\\\/\\\/test.avance.org\\\/wp-content\\\/uploads\\\/2024\\\/07\\\/ddn-4x4-1.png\",\"contentUrl\":\"https:\\\/\\\/test.avance.org\\\/wp-content\\\/uploads\\\/2024\\\/07\\\/ddn-4x4-1.png\"},{\"@type\":\"BreadcrumbList\",\"@id\":\"https:\\\/\\\/test.avance.org\\\/programs\\\/#breadcrumb\",\"itemListElement\":[{\"@type\":\"ListItem\",\"position\":1,\"name\":\"Home\",\"item\":\"https:\\\/\\\/test.avance.org\\\/\"},{\"@type\":\"ListItem\",\"position\":2,\"name\":\"Programs\"}]},{\"@type\":\"WebSite\",\"@id\":\"https:\\\/\\\/test.avance.org\\\/#website\",\"url\":\"https:\\\/\\\/test.avance.org\\\/\",\"name\":\"AVANCE Dallas\",\"description\":\"Unlocking America&#039;s Potential\",\"publisher\":{\"@id\":\"https:\\\/\\\/test.avance.org\\\/#organization\"},\"potentialAction\":[{\"@type\":\"SearchAction\",\"target\":{\"@type\":\"EntryPoint\",\"urlTemplate\":\"https:\\\/\\\/test.avance.org\\\/?s={search_term_string}\"},\"query-input\":{\"@type\":\"PropertyValueSpecification\",\"valueRequired\":true,\"valueName\":\"search_term_string\"}}],\"inLanguage\":\"es\"},{\"@type\":\"Organization\",\"@id\":\"https:\\\/\\\/test.avance.org\\\/#organization\",\"name\":\"AVANCE Dallas\",\"url\":\"https:\\\/\\\/test.avance.org\\\/\",\"logo\":{\"@type\":\"ImageObject\",\"inLanguage\":\"es\",\"@id\":\"https:\\\/\\\/test.avance.org\\\/#\\\/schema\\\/logo\\\/image\\\/\",\"url\":\"https:\\\/\\\/test.avance.org\\\/wp-content\\\/uploads\\\/2024\\\/06\\\/cropped-logo-1.png\",\"contentUrl\":\"https:\\\/\\\/test.avance.org\\\/wp-content\\\/uploads\\\/2024\\\/06\\\/cropped-logo-1.png\",\"width\":1920,\"height\":631,\"caption\":\"AVANCE Dallas\"},\"image\":{\"@id\":\"https:\\\/\\\/test.avance.org\\\/#\\\/schema\\\/logo\\\/image\\\/\"},\"sameAs\":[\"https:\\\/\\\/www.facebook.com\\\/AVANCEinc\\\/\",\"https:\\\/\\\/x.com\\\/AVANCEinc\",\"https:\\\/\\\/www.instagram.com\\\/avance__inc\\\/\",\"https:\\\/\\\/www.linkedin.com\\\/company\\\/avance-inc\"]}]}<\/script>\n<!-- \/ Yoast SEO plugin. -->","yoast_head_json":{"title":"Programs - AVANCE Dallas","robots":{"index":"index","follow":"follow","max-snippet":"max-snippet:-1","max-image-preview":"max-image-preview:large","max-video-preview":"max-video-preview:-1"},"canonical":"https:\/\/test.avance.org\/es\/programs\/","og_locale":"es_MX","og_type":"article","og_title":"Programs - AVANCE Dallas","og_description":"Programs Our Goal For nearly 30 years, AVANCE-North Texas has been creating pathways to economic mobility for local families through innovative, culturally responsive two-generation (2Gen) programming. Our ultimate goal is equitable access to the resources and opportunities that allow families and communities to thrive. This is why our unique approach and programming are designed to ... Leer m\u00e1s","og_url":"https:\/\/test.avance.org\/es\/programs\/","og_site_name":"AVANCE Dallas","article_publisher":"https:\/\/www.facebook.com\/AVANCEinc\/","article_modified_time":"2024-07-30T15:36:21+00:00","og_image":[{"url":"https:\/\/test.avance.org\/wp-content\/uploads\/2024\/07\/ddn-4x4-1.png","type":"","width":"","height":""}],"twitter_card":"summary_large_image","twitter_site":"@AVANCEinc","twitter_misc":{"Tiempo de lectura":"1 minuto"},"schema":{"@context":"https:\/\/schema.org","@graph":[{"@type":"WebPage","@id":"https:\/\/test.avance.org\/programs\/","url":"https:\/\/test.avance.org\/programs\/","name":"Programs - AVANCE Dallas","isPartOf":{"@id":"https:\/\/test.avance.org\/#website"},"primaryImageOfPage":{"@id":"https:\/\/test.avance.org\/programs\/#primaryimage"},"image":{"@id":"https:\/\/test.avance.org\/programs\/#primaryimage"},"thumbnailUrl":"https:\/\/test.avance.org\/wp-content\/uploads\/2024\/07\/ddn-4x4-1.png","datePublished":"2022-03-09T20:13:49+00:00","dateModified":"2024-07-30T15:36:21+00:00","breadcrumb":{"@id":"https:\/\/test.avance.org\/programs\/#breadcrumb"},"inLanguage":"es","potentialAction":[{"@type":"ReadAction","target":["https:\/\/test.avance.org\/programs\/"]}]},{"@type":"ImageObject","inLanguage":"es","@id":"https:\/\/test.avance.org\/programs\/#primaryimage","url":"https:\/\/test.avance.org\/wp-content\/uploads\/2024\/07\/ddn-4x4-1.png","contentUrl":"https:\/\/test.avance.org\/wp-content\/uploads\/2024\/07\/ddn-4x4-1.png"},{"@type":"BreadcrumbList","@id":"https:\/\/test.avance.org\/programs\/#breadcrumb","itemListElement":[{"@type":"ListItem","position":1,"name":"Home","item":"https:\/\/test.avance.org\/"},{"@type":"ListItem","position":2,"name":"Programs"}]},{"@type":"WebSite","@id":"https:\/\/test.avance.org\/#website","url":"https:\/\/test.avance.org\/","name":"AVANCE Dallas","description":"Unlocking America&#039;s Potential","publisher":{"@id":"https:\/\/test.avance.org\/#organization"},"potentialAction":[{"@type":"SearchAction","target":{"@type":"EntryPoint","urlTemplate":"https:\/\/test.avance.org\/?s={search_term_string}"},"query-input":{"@type":"PropertyValueSpecification","valueRequired":true,"valueName":"search_term_string"}}],"inLanguage":"es"},{"@type":"Organization","@id":"https:\/\/test.avance.org\/#organization","name":"AVANCE Dallas","url":"https:\/\/test.avance.org\/","logo":{"@type":"ImageObject","inLanguage":"es","@id":"https:\/\/test.avance.org\/#\/schema\/logo\/image\/","url":"https:\/\/test.avance.org\/wp-content\/uploads\/2024\/06\/cropped-logo-1.png","contentUrl":"https:\/\/test.avance.org\/wp-content\/uploads\/2024\/06\/cropped-logo-1.png","width":1920,"height":631,"caption":"AVANCE Dallas"},"image":{"@id":"https:\/\/test.avance.org\/#\/schema\/logo\/image\/"},"sameAs":["https:\/\/www.facebook.com\/AVANCEinc\/","https:\/\/x.com\/AVANCEinc","https:\/\/www.instagram.com\/avance__inc\/","https:\/\/www.linkedin.com\/company\/avance-inc"]}]}},"post_mailing_queue_ids":[],"_links":{"self":[{"href":"https:\/\/test.avance.org\/es\/wp-json\/wp\/v2\/pages\/165","targetHints":{"allow":["GET"]}}],"collection":[{"href":"https:\/\/test.avance.org\/es\/wp-json\/wp\/v2\/pages"}],"about":[{"href":"https:\/\/test.avance.org\/es\/wp-json\/wp\/v2\/types\/page"}],"author":[{"embeddable":true,"href":"https:\/\/test.avance.org\/es\/wp-json\/wp\/v2\/users\/1"}],"replies":[{"embeddable":true,"href":"https:\/\/test.avance.org\/es\/wp-json\/wp\/v2\/comments?post=165"}],"version-history":[{"count":10,"href":"https:\/\/test.avance.org\/es\/wp-json\/wp\/v2\/pages\/165\/revisions"}],"predecessor-version":[{"id":6268,"href":"https:\/\/test.avance.org\/es\/wp-json\/wp\/v2\/pages\/165\/revisions\/6268"}],"wp:attachment":[{"href":"https:\/\/test.avance.org\/es\/wp-json\/wp\/v2\/media?parent=165"}],"curies":[{"name":"wp","href":"https:\/\/api.w.org\/{rel}","templated":true}]}}