{"id":1714,"date":"2022-07-07T23:31:59","date_gmt":"2022-07-07T23:31:59","guid":{"rendered":"https:\/\/ct-host.net\/avance998\/?page_id=1714"},"modified":"2024-07-19T14:45:17","modified_gmt":"2024-07-19T19:45:17","slug":"employment","status":"publish","type":"page","link":"https:\/\/test.avance.org\/es\/contact\/employment\/","title":{"rendered":"Empleo en AVANCE"},"content":{"rendered":"<h2>\n\t\tEmpleo en AVANCE\n\t<\/h2>\n\t<p>AVANCE is more than just a non-profit organization. AVANCE is a family. It&#8217;s a safe place where children and parents and staff come to learn, to grow, to share, and to connect. Our staff play a critical role in our mission. Our staff are what makes AVANCE a successful organization in two-generation programming and a trusted partner in the communities we serve.<\/p>\n<h2>\n\t\tWhy you should consider applying\n\t<\/h2>\n\t<p>We&#8217;re lively, not corporate. We have the energy and boldness of a startup and the expertise and pragmatism of a scale-up. All in one place. And we provide the following benefits to our employees.<\/p>\n\t<h2>Oportunidades de Empleo<\/h2>\n\t<p>AVANCE se dedica a crear un mundo donde todos los ni\u00f1os y las familias tengan acceso equitativo a los recursos y oportunidades para alcanzar su m\u00e1ximo potencial y transformar las comunidades en las que viven. Estamos buscando personas que est\u00e9n comprometidas con nuestra misi\u00f3n de crear caminos hacia la movilidad econ\u00f3mica para las familias y que sientan pasi\u00f3n por nuestra programaci\u00f3n de dos generaciones de alta calidad y culturalmente receptiva.<\/p>\n<p>&nbsp;<\/p>\n<p>Los empleados de AVANCE marcan la diferencia en la vida de las familias y las comunidades, ganan salarios competitivos y son elegibles para los siguientes beneficios: atenci\u00f3n m\u00e9dica y dental, seguro de vida, jubilaci\u00f3n, discapacidad, vacaciones, licencia por enfermedad y m\u00e1s. Se alienta a los candidatos interesados \u200b\u200ba postularse para los puestos vacantes.<\/p>\n\t<h2>Solo se contactar\u00e1 a los candidatos seleccionados.<\/h2>\n\t<iframe src=\"https:\/\/www.paycomonline.net\/v4\/ats\/web.php\/jobs?clientkey=E636F116AFA369BF2448860574628E76\"><\/iframe>\n\t<p>NO LLAMADAS TELEFONICAS POR FAVOR. Solo se contactar\u00e1 a los candidatos seleccionados. Debido al volumen de inter\u00e9s, no podemos responder a cada curr\u00edculum y no podemos proporcionar el estado actual. \n \nSolo lo contactaremos si se determina que es uno de los candidatos m\u00e1s calificados para el(los) puesto(s) seg\u00fan sus habilidades y experiencia.<\/p>\n<p>Positions remain open until filled. Applicants must have a valid driver&#8217;s license and pass background checks, a physical, and a drug screening.<\/p>\n<p>&nbsp;<\/p>\n<p>Todos los puestos son sensibles a la seguridad y est\u00e1n sujetos al C\u00f3digo de Educaci\u00f3n de Texas 51.215, que autoriza al empleador a obtener informaci\u00f3n de antecedentes penales.<\/p>\n<p>&nbsp;<\/p>\n<p>AVANCE es un empleador que ofrece igualdad de oportunidades. Todos los solicitantes calificados recibir\u00e1n consideraci\u00f3n para el empleo sin distinci\u00f3n de raza, color, religi\u00f3n, sexo, orientaci\u00f3n sexual, identidad de g\u00e9nero, origen nacional, discapacidad o condici\u00f3n de veterano protegido.<\/p>","protected":false},"excerpt":{"rendered":"<p>Employment AVANCE is more than just a non-profit organization. AVANCE is a family. It&#8217;s a safe place where children and parents and staff come to learn, to grow, to share, and to connect. Our staff play a critical role in our mission. Our staff are what makes AVANCE a successful organization in two-generation programming and &#8230; <a title=\"Empleo en AVANCE\" class=\"read-more\" href=\"https:\/\/test.avance.org\/es\/contact\/employment\/\" aria-label=\"Leer m\u00e1s sobre Employment\">Leer m\u00e1s<\/a><\/p>","protected":false},"author":1,"featured_media":0,"parent":173,"menu_order":0,"comment_status":"closed","ping_status":"closed","template":"","meta":{"inline_featured_image":false,"_vp_format_video_url":"","_vp_image_focal_point":[],"footnotes":""},"class_list":["post-1714","page","type-page","status-publish"],"yoast_head":"<!-- This site is optimized with the Yoast SEO plugin v27.4 - https:\/\/yoast.com\/product\/yoast-seo-wordpress\/ -->\n<title>Employment - AVANCE Dallas<\/title>\n<meta name=\"robots\" content=\"index, follow, max-snippet:-1, max-image-preview:large, max-video-preview:-1\" \/>\n<link rel=\"canonical\" href=\"https:\/\/test.avance.org\/es\/contact\/employment\/\" \/>\n<meta property=\"og:locale\" content=\"es_MX\" \/>\n<meta property=\"og:type\" content=\"article\" \/>\n<meta property=\"og:title\" content=\"Employment - AVANCE Dallas\" \/>\n<meta property=\"og:description\" content=\"Employment AVANCE is more than just a non-profit organization. AVANCE is a family. It&#8217;s a safe place where children and parents and staff come to learn, to grow, to share, and to connect. Our staff play a critical role in our mission. Our staff are what makes AVANCE a successful organization in two-generation programming and ... Leer m\u00e1s\" \/>\n<meta property=\"og:url\" content=\"https:\/\/test.avance.org\/es\/contact\/employment\/\" \/>\n<meta property=\"og:site_name\" content=\"AVANCE Dallas\" \/>\n<meta property=\"article:publisher\" content=\"https:\/\/www.facebook.com\/AVANCEinc\/\" \/>\n<meta property=\"article:modified_time\" content=\"2024-07-19T19:45:17+00:00\" \/>\n<meta name=\"twitter:card\" content=\"summary_large_image\" \/>\n<meta name=\"twitter:site\" content=\"@AVANCEinc\" \/>\n<meta name=\"twitter:label1\" content=\"Tiempo de lectura\" \/>\n\t<meta name=\"twitter:data1\" content=\"2 minutos\" \/>\n<script type=\"application\/ld+json\" class=\"yoast-schema-graph\">{\"@context\":\"https:\\\/\\\/schema.org\",\"@graph\":[{\"@type\":\"WebPage\",\"@id\":\"https:\\\/\\\/test.avance.org\\\/contact\\\/employment\\\/\",\"url\":\"https:\\\/\\\/test.avance.org\\\/contact\\\/employment\\\/\",\"name\":\"Employment - AVANCE Dallas\",\"isPartOf\":{\"@id\":\"https:\\\/\\\/test.avance.org\\\/#website\"},\"datePublished\":\"2022-07-07T23:31:59+00:00\",\"dateModified\":\"2024-07-19T19:45:17+00:00\",\"breadcrumb\":{\"@id\":\"https:\\\/\\\/test.avance.org\\\/contact\\\/employment\\\/#breadcrumb\"},\"inLanguage\":\"es\",\"potentialAction\":[{\"@type\":\"ReadAction\",\"target\":[\"https:\\\/\\\/test.avance.org\\\/contact\\\/employment\\\/\"]}]},{\"@type\":\"BreadcrumbList\",\"@id\":\"https:\\\/\\\/test.avance.org\\\/contact\\\/employment\\\/#breadcrumb\",\"itemListElement\":[{\"@type\":\"ListItem\",\"position\":1,\"name\":\"Home\",\"item\":\"https:\\\/\\\/test.avance.org\\\/\"},{\"@type\":\"ListItem\",\"position\":2,\"name\":\"Contact us\",\"item\":\"https:\\\/\\\/test.avance.org\\\/contact\\\/\"},{\"@type\":\"ListItem\",\"position\":3,\"name\":\"Employment\"}]},{\"@type\":\"WebSite\",\"@id\":\"https:\\\/\\\/test.avance.org\\\/#website\",\"url\":\"https:\\\/\\\/test.avance.org\\\/\",\"name\":\"AVANCE Dallas\",\"description\":\"Unlocking America&#039;s Potential\",\"publisher\":{\"@id\":\"https:\\\/\\\/test.avance.org\\\/#organization\"},\"potentialAction\":[{\"@type\":\"SearchAction\",\"target\":{\"@type\":\"EntryPoint\",\"urlTemplate\":\"https:\\\/\\\/test.avance.org\\\/?s={search_term_string}\"},\"query-input\":{\"@type\":\"PropertyValueSpecification\",\"valueRequired\":true,\"valueName\":\"search_term_string\"}}],\"inLanguage\":\"es\"},{\"@type\":\"Organization\",\"@id\":\"https:\\\/\\\/test.avance.org\\\/#organization\",\"name\":\"AVANCE Dallas\",\"url\":\"https:\\\/\\\/test.avance.org\\\/\",\"logo\":{\"@type\":\"ImageObject\",\"inLanguage\":\"es\",\"@id\":\"https:\\\/\\\/test.avance.org\\\/#\\\/schema\\\/logo\\\/image\\\/\",\"url\":\"https:\\\/\\\/test.avance.org\\\/wp-content\\\/uploads\\\/2024\\\/06\\\/cropped-logo-1.png\",\"contentUrl\":\"https:\\\/\\\/test.avance.org\\\/wp-content\\\/uploads\\\/2024\\\/06\\\/cropped-logo-1.png\",\"width\":1920,\"height\":631,\"caption\":\"AVANCE Dallas\"},\"image\":{\"@id\":\"https:\\\/\\\/test.avance.org\\\/#\\\/schema\\\/logo\\\/image\\\/\"},\"sameAs\":[\"https:\\\/\\\/www.facebook.com\\\/AVANCEinc\\\/\",\"https:\\\/\\\/x.com\\\/AVANCEinc\",\"https:\\\/\\\/www.instagram.com\\\/avance__inc\\\/\",\"https:\\\/\\\/www.linkedin.com\\\/company\\\/avance-inc\"]}]}<\/script>\n<!-- \/ Yoast SEO plugin. -->","yoast_head_json":{"title":"Employment - AVANCE Dallas","robots":{"index":"index","follow":"follow","max-snippet":"max-snippet:-1","max-image-preview":"max-image-preview:large","max-video-preview":"max-video-preview:-1"},"canonical":"https:\/\/test.avance.org\/es\/contact\/employment\/","og_locale":"es_MX","og_type":"article","og_title":"Employment - AVANCE Dallas","og_description":"Employment AVANCE is more than just a non-profit organization. AVANCE is a family. It&#8217;s a safe place where children and parents and staff come to learn, to grow, to share, and to connect. Our staff play a critical role in our mission. Our staff are what makes AVANCE a successful organization in two-generation programming and ... Leer m\u00e1s","og_url":"https:\/\/test.avance.org\/es\/contact\/employment\/","og_site_name":"AVANCE Dallas","article_publisher":"https:\/\/www.facebook.com\/AVANCEinc\/","article_modified_time":"2024-07-19T19:45:17+00:00","twitter_card":"summary_large_image","twitter_site":"@AVANCEinc","twitter_misc":{"Tiempo de lectura":"2 minutos"},"schema":{"@context":"https:\/\/schema.org","@graph":[{"@type":"WebPage","@id":"https:\/\/test.avance.org\/contact\/employment\/","url":"https:\/\/test.avance.org\/contact\/employment\/","name":"Employment - AVANCE Dallas","isPartOf":{"@id":"https:\/\/test.avance.org\/#website"},"datePublished":"2022-07-07T23:31:59+00:00","dateModified":"2024-07-19T19:45:17+00:00","breadcrumb":{"@id":"https:\/\/test.avance.org\/contact\/employment\/#breadcrumb"},"inLanguage":"es","potentialAction":[{"@type":"ReadAction","target":["https:\/\/test.avance.org\/contact\/employment\/"]}]},{"@type":"BreadcrumbList","@id":"https:\/\/test.avance.org\/contact\/employment\/#breadcrumb","itemListElement":[{"@type":"ListItem","position":1,"name":"Home","item":"https:\/\/test.avance.org\/"},{"@type":"ListItem","position":2,"name":"Contact us","item":"https:\/\/test.avance.org\/contact\/"},{"@type":"ListItem","position":3,"name":"Employment"}]},{"@type":"WebSite","@id":"https:\/\/test.avance.org\/#website","url":"https:\/\/test.avance.org\/","name":"AVANCE Dallas","description":"Unlocking America&#039;s Potential","publisher":{"@id":"https:\/\/test.avance.org\/#organization"},"potentialAction":[{"@type":"SearchAction","target":{"@type":"EntryPoint","urlTemplate":"https:\/\/test.avance.org\/?s={search_term_string}"},"query-input":{"@type":"PropertyValueSpecification","valueRequired":true,"valueName":"search_term_string"}}],"inLanguage":"es"},{"@type":"Organization","@id":"https:\/\/test.avance.org\/#organization","name":"AVANCE Dallas","url":"https:\/\/test.avance.org\/","logo":{"@type":"ImageObject","inLanguage":"es","@id":"https:\/\/test.avance.org\/#\/schema\/logo\/image\/","url":"https:\/\/test.avance.org\/wp-content\/uploads\/2024\/06\/cropped-logo-1.png","contentUrl":"https:\/\/test.avance.org\/wp-content\/uploads\/2024\/06\/cropped-logo-1.png","width":1920,"height":631,"caption":"AVANCE Dallas"},"image":{"@id":"https:\/\/test.avance.org\/#\/schema\/logo\/image\/"},"sameAs":["https:\/\/www.facebook.com\/AVANCEinc\/","https:\/\/x.com\/AVANCEinc","https:\/\/www.instagram.com\/avance__inc\/","https:\/\/www.linkedin.com\/company\/avance-inc"]}]}},"post_mailing_queue_ids":[],"_links":{"self":[{"href":"https:\/\/test.avance.org\/es\/wp-json\/wp\/v2\/pages\/1714","targetHints":{"allow":["GET"]}}],"collection":[{"href":"https:\/\/test.avance.org\/es\/wp-json\/wp\/v2\/pages"}],"about":[{"href":"https:\/\/test.avance.org\/es\/wp-json\/wp\/v2\/types\/page"}],"author":[{"embeddable":true,"href":"https:\/\/test.avance.org\/es\/wp-json\/wp\/v2\/users\/1"}],"replies":[{"embeddable":true,"href":"https:\/\/test.avance.org\/es\/wp-json\/wp\/v2\/comments?post=1714"}],"version-history":[{"count":11,"href":"https:\/\/test.avance.org\/es\/wp-json\/wp\/v2\/pages\/1714\/revisions"}],"predecessor-version":[{"id":6074,"href":"https:\/\/test.avance.org\/es\/wp-json\/wp\/v2\/pages\/1714\/revisions\/6074"}],"up":[{"embeddable":true,"href":"https:\/\/test.avance.org\/es\/wp-json\/wp\/v2\/pages\/173"}],"wp:attachment":[{"href":"https:\/\/test.avance.org\/es\/wp-json\/wp\/v2\/media?parent=1714"}],"curies":[{"name":"wp","href":"https:\/\/api.w.org\/{rel}","templated":true}]}}