{"id":1761,"date":"2022-07-08T09:39:39","date_gmt":"2022-07-08T09:39:23","guid":{"rendered":"\/avance998\/?page_id=1761"},"modified":"2024-07-18T15:43:54","modified_gmt":"2024-07-18T20:43:54","slug":"leadership-team","status":"publish","type":"page","link":"https:\/\/test.avance.org\/es\/about-us\/leadership-team\/","title":{"rendered":"El Equipo de Liderazgo"},"content":{"rendered":"<h2>\n\t\tEl Equipo de Liderazgo\n\t<\/h2>\n\t<p>Adem\u00e1s de su amplia y distinguida experiencia, los l\u00edderes de AVANCE est\u00e1n motivados y apasionados por la misi\u00f3n, la promesa, y el potencial de las familias y comunidades a las que servimos. De hecho, el equipo incluye graduados de PCEP. Obtenga m\u00e1s informaci\u00f3n sobre cada uno de nuestros l\u00edderes en sus biograf\u00edas a continuaci\u00f3n. <\/p>\n\t\t\t\t<a href=\"#wow-modal-id-1\" target=\"_self\" itemprop=\"url\" rel=\"noopener\">\n\t\t\t\t<img loading=\"lazy\" decoding=\"async\" src=\"https:\/\/test.avance.org\/wp-content\/uploads\/2024\/07\/Ana-Lorena-Carrasco-200x200-1.png\" alt=\"Ana-Lorena-Carrasco-200x200\" itemprop=\"image\" height=\"200\" width=\"200\" title=\"Ana-Lorena-Carrasco-200x200\" onerror=\"this.style.display='none'\"  \/>\n\t\t\t\t<\/a>\n\t<p><strong>Ana Lorena Carrasco<\/strong><\/p>\n<p>AVANCE-North Texas Directora Ejecutiva.<\/p>\n\t\t\t\t<a href=\"#wow-modal-id-2\" target=\"_self\" itemprop=\"url\" rel=\"noopener\">\n\t\t\t\t<img loading=\"lazy\" decoding=\"async\" src=\"https:\/\/test.avance.org\/wp-content\/uploads\/2024\/07\/Alejandra-Alfaro-200x200-1.png\" alt=\"Alejandra-Alfaro-200x200\" itemprop=\"image\" height=\"200\" width=\"200\" title=\"Alejandra-Alfaro-200x200\" onerror=\"this.style.display='none'\"  \/>\n\t\t\t\t<\/a>\n\t<p><strong>Alejandra Alfaro<\/strong><\/p>\n<p>HOPES Lead Case Manager<\/p>\n\t\t\t\t<a href=\"#wow-modal-id-3\" target=\"_self\" itemprop=\"url\" rel=\"noopener\">\n\t\t\t\t<img loading=\"lazy\" decoding=\"async\" src=\"https:\/\/test.avance.org\/wp-content\/uploads\/2024\/07\/Monserrat-Mata-200x200-1.png\" alt=\"Monserrat-Mata-200x200\" itemprop=\"image\" height=\"200\" width=\"200\" title=\"Monserrat-Mata-200x200\" onerror=\"this.style.display='none'\"  \/>\n\t\t\t\t<\/a>\n\t<p><strong>Monserrat A. Mata<\/strong><\/p>\n<p>Especialista en Salud Mental<\/p>\n\t\t\t\t<a href=\"#wow-modal-id-35\" target=\"_self\" itemprop=\"url\" rel=\"noopener\">\n\t\t\t\t<img loading=\"lazy\" decoding=\"async\" src=\"https:\/\/test.avance.org\/wp-content\/uploads\/2024\/07\/Yetzaida-Rodriguez-200x200-1.png\" alt=\"Yetzaida-Rodriguez-200x200\" itemprop=\"image\" height=\"200\" width=\"200\" title=\"Yetzaida-Rodriguez-200x200\" onerror=\"this.style.display='none'\"  \/>\n\t\t\t\t<\/a>\n\t<p><strong>Yetzaida Rodr\u00edguez<\/strong><\/p>\n<p>Gerente de Subvenciones de AVANCE<\/p>\n\t\t\t\t<a href=\"#wow-modal-id-4\" target=\"_self\" itemprop=\"url\" rel=\"noopener\">\n\t\t\t\t<img loading=\"lazy\" decoding=\"async\" src=\"https:\/\/test.avance.org\/wp-content\/uploads\/2024\/07\/Nancy-Quirindongo-200x200-1.png\" alt=\"Nancy-Quirindongo-200x200\" itemprop=\"image\" height=\"200\" width=\"200\" title=\"Nancy-Quirindongo-200x200\" onerror=\"this.style.display='none'\"  \/>\n\t\t\t\t<\/a>\n\t<p><strong>Nancy Quirindongo<\/strong><\/p>\n<p>Director de Programas<\/p>\n\t\t\t\t<a href=\"#wow-modal-id-5\" target=\"_self\" itemprop=\"url\" rel=\"noopener\">\n\t\t\t\t<img loading=\"lazy\" decoding=\"async\" src=\"https:\/\/test.avance.org\/wp-content\/uploads\/2024\/07\/Noemi-Patino-200x200-1.png\" alt=\"Noemi-Patino-200x200\" itemprop=\"image\" height=\"200\" width=\"200\" title=\"Noemi-Patino-200x200\" onerror=\"this.style.display='none'\"  \/>\n\t\t\t\t<\/a>\n\t<p><strong>Noemi Pati\u00f1o<\/strong><\/p>\n<p>Coordinadora de Desarrollo Infantil y de Eventos.<\/p>","protected":false},"excerpt":{"rendered":"<p>Leadership Team In addition to being passionate and mission-driven, AVANCE-North Texas leaders reflect the lived experience of the families and communities we serve and even include graduates of PCEP. Learn more about each of our leaders by reading their bios below. Ana Lorena Carrasco Executive Director Alejandra Alfaro HOPES Lead Case Manager Monserrat A. Mata &#8230; <a title=\"El Equipo de Liderazgo\" class=\"read-more\" href=\"https:\/\/test.avance.org\/es\/about-us\/leadership-team\/\" aria-label=\"Leer m\u00e1s sobre Leadership Team\">Leer m\u00e1s<\/a><\/p>","protected":false},"author":1,"featured_media":0,"parent":163,"menu_order":3,"comment_status":"closed","ping_status":"closed","template":"","meta":{"inline_featured_image":false,"_vp_format_video_url":"","_vp_image_focal_point":[],"footnotes":""},"class_list":["post-1761","page","type-page","status-publish"],"yoast_head":"<!-- This site is optimized with the Yoast SEO plugin v27.4 - https:\/\/yoast.com\/product\/yoast-seo-wordpress\/ -->\n<title>Leadership Team - AVANCE Dallas<\/title>\n<meta name=\"robots\" content=\"index, follow, max-snippet:-1, max-image-preview:large, max-video-preview:-1\" \/>\n<link rel=\"canonical\" href=\"https:\/\/test.avance.org\/es\/leadership-team\/\" \/>\n<meta property=\"og:locale\" content=\"es_MX\" \/>\n<meta property=\"og:type\" content=\"article\" \/>\n<meta property=\"og:title\" content=\"Leadership Team - AVANCE Dallas\" \/>\n<meta property=\"og:description\" content=\"Leadership Team In addition to being passionate and mission-driven, AVANCE-North Texas leaders reflect the lived experience of the families and communities we serve and even include graduates of PCEP. Learn more about each of our leaders by reading their bios below. Ana Lorena Carrasco Executive Director Alejandra Alfaro HOPES Lead Case Manager Monserrat A. Mata ... Leer m\u00e1s\" \/>\n<meta property=\"og:url\" content=\"https:\/\/test.avance.org\/es\/leadership-team\/\" \/>\n<meta property=\"og:site_name\" content=\"AVANCE Dallas\" \/>\n<meta property=\"article:publisher\" content=\"https:\/\/www.facebook.com\/AVANCEinc\/\" \/>\n<meta property=\"article:modified_time\" content=\"2024-07-18T20:43:54+00:00\" \/>\n<meta property=\"og:image\" content=\"https:\/\/test.avance.org\/wp-content\/uploads\/2024\/07\/Ana-Lorena-Carrasco-200x200-1.png\" \/>\n<meta name=\"twitter:card\" content=\"summary_large_image\" \/>\n<meta name=\"twitter:site\" content=\"@AVANCEinc\" \/>\n<meta name=\"twitter:label1\" content=\"Tiempo de lectura\" \/>\n\t<meta name=\"twitter:data1\" content=\"2 minutos\" \/>\n<script type=\"application\/ld+json\" class=\"yoast-schema-graph\">{\"@context\":\"https:\\\/\\\/schema.org\",\"@graph\":[{\"@type\":\"WebPage\",\"@id\":\"https:\\\/\\\/test.avance.org\\\/leadership-team\\\/\",\"url\":\"https:\\\/\\\/test.avance.org\\\/leadership-team\\\/\",\"name\":\"Leadership Team - AVANCE Dallas\",\"isPartOf\":{\"@id\":\"https:\\\/\\\/test.avance.org\\\/#website\"},\"primaryImageOfPage\":{\"@id\":\"https:\\\/\\\/test.avance.org\\\/leadership-team\\\/#primaryimage\"},\"image\":{\"@id\":\"https:\\\/\\\/test.avance.org\\\/leadership-team\\\/#primaryimage\"},\"thumbnailUrl\":\"https:\\\/\\\/test.avance.org\\\/wp-content\\\/uploads\\\/2024\\\/07\\\/Ana-Lorena-Carrasco-200x200-1.png\",\"datePublished\":\"2022-07-08T09:39:23+00:00\",\"dateModified\":\"2024-07-18T20:43:54+00:00\",\"breadcrumb\":{\"@id\":\"https:\\\/\\\/test.avance.org\\\/leadership-team\\\/#breadcrumb\"},\"inLanguage\":\"es\",\"potentialAction\":[{\"@type\":\"ReadAction\",\"target\":[\"https:\\\/\\\/test.avance.org\\\/leadership-team\\\/\"]}]},{\"@type\":\"ImageObject\",\"inLanguage\":\"es\",\"@id\":\"https:\\\/\\\/test.avance.org\\\/leadership-team\\\/#primaryimage\",\"url\":\"https:\\\/\\\/test.avance.org\\\/wp-content\\\/uploads\\\/2024\\\/07\\\/Ana-Lorena-Carrasco-200x200-1.png\",\"contentUrl\":\"https:\\\/\\\/test.avance.org\\\/wp-content\\\/uploads\\\/2024\\\/07\\\/Ana-Lorena-Carrasco-200x200-1.png\"},{\"@type\":\"BreadcrumbList\",\"@id\":\"https:\\\/\\\/test.avance.org\\\/leadership-team\\\/#breadcrumb\",\"itemListElement\":[{\"@type\":\"ListItem\",\"position\":1,\"name\":\"Home\",\"item\":\"https:\\\/\\\/test.avance.org\\\/\"},{\"@type\":\"ListItem\",\"position\":2,\"name\":\"Leadership Team\"}]},{\"@type\":\"WebSite\",\"@id\":\"https:\\\/\\\/test.avance.org\\\/#website\",\"url\":\"https:\\\/\\\/test.avance.org\\\/\",\"name\":\"AVANCE Dallas\",\"description\":\"Unlocking America&#039;s Potential\",\"publisher\":{\"@id\":\"https:\\\/\\\/test.avance.org\\\/#organization\"},\"potentialAction\":[{\"@type\":\"SearchAction\",\"target\":{\"@type\":\"EntryPoint\",\"urlTemplate\":\"https:\\\/\\\/test.avance.org\\\/?s={search_term_string}\"},\"query-input\":{\"@type\":\"PropertyValueSpecification\",\"valueRequired\":true,\"valueName\":\"search_term_string\"}}],\"inLanguage\":\"es\"},{\"@type\":\"Organization\",\"@id\":\"https:\\\/\\\/test.avance.org\\\/#organization\",\"name\":\"AVANCE Dallas\",\"url\":\"https:\\\/\\\/test.avance.org\\\/\",\"logo\":{\"@type\":\"ImageObject\",\"inLanguage\":\"es\",\"@id\":\"https:\\\/\\\/test.avance.org\\\/#\\\/schema\\\/logo\\\/image\\\/\",\"url\":\"https:\\\/\\\/test.avance.org\\\/wp-content\\\/uploads\\\/2024\\\/06\\\/cropped-logo-1.png\",\"contentUrl\":\"https:\\\/\\\/test.avance.org\\\/wp-content\\\/uploads\\\/2024\\\/06\\\/cropped-logo-1.png\",\"width\":1920,\"height\":631,\"caption\":\"AVANCE Dallas\"},\"image\":{\"@id\":\"https:\\\/\\\/test.avance.org\\\/#\\\/schema\\\/logo\\\/image\\\/\"},\"sameAs\":[\"https:\\\/\\\/www.facebook.com\\\/AVANCEinc\\\/\",\"https:\\\/\\\/x.com\\\/AVANCEinc\",\"https:\\\/\\\/www.instagram.com\\\/avance__inc\\\/\",\"https:\\\/\\\/www.linkedin.com\\\/company\\\/avance-inc\"]}]}<\/script>\n<!-- \/ Yoast SEO plugin. -->","yoast_head_json":{"title":"Leadership Team - AVANCE Dallas","robots":{"index":"index","follow":"follow","max-snippet":"max-snippet:-1","max-image-preview":"max-image-preview:large","max-video-preview":"max-video-preview:-1"},"canonical":"https:\/\/test.avance.org\/es\/leadership-team\/","og_locale":"es_MX","og_type":"article","og_title":"Leadership Team - AVANCE Dallas","og_description":"Leadership Team In addition to being passionate and mission-driven, AVANCE-North Texas leaders reflect the lived experience of the families and communities we serve and even include graduates of PCEP. Learn more about each of our leaders by reading their bios below. Ana Lorena Carrasco Executive Director Alejandra Alfaro HOPES Lead Case Manager Monserrat A. Mata ... Leer m\u00e1s","og_url":"https:\/\/test.avance.org\/es\/leadership-team\/","og_site_name":"AVANCE Dallas","article_publisher":"https:\/\/www.facebook.com\/AVANCEinc\/","article_modified_time":"2024-07-18T20:43:54+00:00","og_image":[{"url":"https:\/\/test.avance.org\/wp-content\/uploads\/2024\/07\/Ana-Lorena-Carrasco-200x200-1.png","type":"","width":"","height":""}],"twitter_card":"summary_large_image","twitter_site":"@AVANCEinc","twitter_misc":{"Tiempo de lectura":"2 minutos"},"schema":{"@context":"https:\/\/schema.org","@graph":[{"@type":"WebPage","@id":"https:\/\/test.avance.org\/leadership-team\/","url":"https:\/\/test.avance.org\/leadership-team\/","name":"Leadership Team - AVANCE Dallas","isPartOf":{"@id":"https:\/\/test.avance.org\/#website"},"primaryImageOfPage":{"@id":"https:\/\/test.avance.org\/leadership-team\/#primaryimage"},"image":{"@id":"https:\/\/test.avance.org\/leadership-team\/#primaryimage"},"thumbnailUrl":"https:\/\/test.avance.org\/wp-content\/uploads\/2024\/07\/Ana-Lorena-Carrasco-200x200-1.png","datePublished":"2022-07-08T09:39:23+00:00","dateModified":"2024-07-18T20:43:54+00:00","breadcrumb":{"@id":"https:\/\/test.avance.org\/leadership-team\/#breadcrumb"},"inLanguage":"es","potentialAction":[{"@type":"ReadAction","target":["https:\/\/test.avance.org\/leadership-team\/"]}]},{"@type":"ImageObject","inLanguage":"es","@id":"https:\/\/test.avance.org\/leadership-team\/#primaryimage","url":"https:\/\/test.avance.org\/wp-content\/uploads\/2024\/07\/Ana-Lorena-Carrasco-200x200-1.png","contentUrl":"https:\/\/test.avance.org\/wp-content\/uploads\/2024\/07\/Ana-Lorena-Carrasco-200x200-1.png"},{"@type":"BreadcrumbList","@id":"https:\/\/test.avance.org\/leadership-team\/#breadcrumb","itemListElement":[{"@type":"ListItem","position":1,"name":"Home","item":"https:\/\/test.avance.org\/"},{"@type":"ListItem","position":2,"name":"Leadership Team"}]},{"@type":"WebSite","@id":"https:\/\/test.avance.org\/#website","url":"https:\/\/test.avance.org\/","name":"AVANCE Dallas","description":"Unlocking America&#039;s Potential","publisher":{"@id":"https:\/\/test.avance.org\/#organization"},"potentialAction":[{"@type":"SearchAction","target":{"@type":"EntryPoint","urlTemplate":"https:\/\/test.avance.org\/?s={search_term_string}"},"query-input":{"@type":"PropertyValueSpecification","valueRequired":true,"valueName":"search_term_string"}}],"inLanguage":"es"},{"@type":"Organization","@id":"https:\/\/test.avance.org\/#organization","name":"AVANCE Dallas","url":"https:\/\/test.avance.org\/","logo":{"@type":"ImageObject","inLanguage":"es","@id":"https:\/\/test.avance.org\/#\/schema\/logo\/image\/","url":"https:\/\/test.avance.org\/wp-content\/uploads\/2024\/06\/cropped-logo-1.png","contentUrl":"https:\/\/test.avance.org\/wp-content\/uploads\/2024\/06\/cropped-logo-1.png","width":1920,"height":631,"caption":"AVANCE Dallas"},"image":{"@id":"https:\/\/test.avance.org\/#\/schema\/logo\/image\/"},"sameAs":["https:\/\/www.facebook.com\/AVANCEinc\/","https:\/\/x.com\/AVANCEinc","https:\/\/www.instagram.com\/avance__inc\/","https:\/\/www.linkedin.com\/company\/avance-inc"]}]}},"post_mailing_queue_ids":[],"_links":{"self":[{"href":"https:\/\/test.avance.org\/es\/wp-json\/wp\/v2\/pages\/1761","targetHints":{"allow":["GET"]}}],"collection":[{"href":"https:\/\/test.avance.org\/es\/wp-json\/wp\/v2\/pages"}],"about":[{"href":"https:\/\/test.avance.org\/es\/wp-json\/wp\/v2\/types\/page"}],"author":[{"embeddable":true,"href":"https:\/\/test.avance.org\/es\/wp-json\/wp\/v2\/users\/1"}],"replies":[{"embeddable":true,"href":"https:\/\/test.avance.org\/es\/wp-json\/wp\/v2\/comments?post=1761"}],"version-history":[{"count":10,"href":"https:\/\/test.avance.org\/es\/wp-json\/wp\/v2\/pages\/1761\/revisions"}],"predecessor-version":[{"id":6054,"href":"https:\/\/test.avance.org\/es\/wp-json\/wp\/v2\/pages\/1761\/revisions\/6054"}],"up":[{"embeddable":true,"href":"https:\/\/test.avance.org\/es\/wp-json\/wp\/v2\/pages\/163"}],"wp:attachment":[{"href":"https:\/\/test.avance.org\/es\/wp-json\/wp\/v2\/media?parent=1761"}],"curies":[{"name":"wp","href":"https:\/\/api.w.org\/{rel}","templated":true}]}}