{"id":2782,"date":"2022-09-01T21:41:26","date_gmt":"2022-09-02T02:41:26","guid":{"rendered":"https:\/\/ct-host.net\/avance998\/?page_id=2782"},"modified":"2022-12-09T13:36:16","modified_gmt":"2022-12-09T18:36:16","slug":"starr-county","status":"publish","type":"page","link":"https:\/\/test.avance.org\/es\/locations\/rgv\/starr-county\/","title":{"rendered":"Condado de Starr"},"content":{"rendered":"<h2>\n\t\tCondado de Starr\n\t<\/h2>\n\t<p>Esta \u00e1rea mayoritariamente rural se encuentra en la frontera entre Texas y M\u00e9xico en el sur de Texas. En el condado de Starr, AVANCE ejerce programas Head Start y Early Head Start basados \u200b\u200ben el centro y brinda el Programa de Educaci\u00f3n para Padres e Hijos a las familias inscritas.<\/p>\n<h2>\n\t\tMeeting People  Where They Are\n\t<\/h2>\n\t<h3>Early Head Start<\/h3>\n\t<p>Early learning, health and family well-being services are provided for income eligible infants and toddlers, 6 weeks to age three in licensed child development facilities.\u202fServices to pregnant mothers and families, including prenatal support and follow-up, are provided in the family&#8217;s home through weekly home visits.\u202f<\/p>\n\t<h3>Head Start<\/h3>\n\t<p>Se brindan servicios integrales de aprendizaje temprano, salud y bienestar familiar a ni\u00f1os de 3 a 5 a\u00f1os que cumplen con los requisitos de ingresos en centros de desarrollo infantil autorizados. Los servicios basados \u200b\u200ben el centro se brindan todo el d\u00eda, todo el a\u00f1o, de lunes a viernes.<\/p>\n\t<h3>Programa de Educaci\u00f3n para Padres e Hijos (PCEP)<\/h3>\n\t<p>PCEP is AVANCE&#8217;s core foundational program that teaches parents how to become their child&#8217;s first teacher. Families enrolled with AVANCE Head Start\/Early Head Start are eligible to take part in parenting curriculum which includes developmentally appropriate activities that build on in-home instruction.\u202f <a href=\"https:\/\/test.avance.org\/es\/programs\/parent-child-education-program-pcep\/\">Haga click aqu\u00ed para saber mas sobre PCEP<\/a>.<\/p>\n\t<p><strong>\u00a1Estamos inscribiendo!<\/strong> Para comenzar el proceso de solicitud, use el bot\u00f3n a continuaci\u00f3n y complete el formulario.<\/p>\n\t\t\t<a href=\"https:\/\/forms.office.com\/pages\/responsepage.aspx?id=oYSWoseK7kOE7O5KQq3ESGrQwZGAoNpBvovsigIxM0FUOFU4OU1PWFczNThPSjZCNEo1U0pFUzZUOS4u\" target=\"_blank\" role=\"button\" rel=\"noopener\">\n\t\t\t\t\t\t\tAPLICAR\n\t\t\t\t\t<\/a>\n<h2>\n\t\tCenter  Locations\n\t<\/h2>\n\t<iframe src=\"https:\/\/www.google.com\/maps\/embed\/v1\/place?q=270+w+huisache%2C+rio+grande+city&#038;key=AIzaSyD09zQ9PNDNNy9TadMuzRV_UsPUoWKntt8\" aria-hidden=\"true\"><\/iframe>\n\t<p><a href=\"https:\/\/goo.gl\/maps\/h2TzaXycR6jK83xZ9\">Anaqua<\/a><\/p>\n\t270 W Huisache St<br \/>\nRio Grande City, TX 78582\n\t<iframe src=\"https:\/\/www.google.com\/maps\/embed\/v1\/place?q=708+west+water+st%2C+rio+grande+city&#038;key=AIzaSyD09zQ9PNDNNy9TadMuzRV_UsPUoWKntt8\" aria-hidden=\"true\"><\/iframe>\n\t<p><a href=\"https:\/\/goo.gl\/maps\/N1qdNC9EYKrSh7Zy7\">El Nogal<\/a><\/p>\n\t708 West Water St<br \/>\nRio Grande City, TX 78582\n\t<iframe src=\"https:\/\/www.google.com\/maps\/embed\/v1\/place?q=1409+w+canales+bros%2C+rio+grande+city&#038;key=AIzaSyD09zQ9PNDNNy9TadMuzRV_UsPUoWKntt8\" aria-hidden=\"true\"><\/iframe>\n\t<p><a href=\"https:\/\/goo.gl\/maps\/3cUKMpQ6BnTqhnw29\">La Coma<\/a><\/p>\n\t1409 West Canales St<br \/>\nRio Grande City, TX 78582\n\t<iframe src=\"https:\/\/www.google.com\/maps\/embed\/v1\/place?q=101+rio+vista+blvd%2C+rio+grande+city&#038;key=AIzaSyD09zQ9PNDNNy9TadMuzRV_UsPUoWKntt8\" aria-hidden=\"true\"><\/iframe>\n\t<p><a href=\"https:\/\/goo.gl\/maps\/F9eh5zMdxy6z5vFS6\">Rio Vista<\/a><\/p>\n\t101 Rio Vista Blvd<br \/>\nRio Grande City, TX 78582\n\t<iframe src=\"https:\/\/www.google.com\/maps\/embed\/v1\/place?q=1334+4th+st%2C+roma&#038;key=AIzaSyD09zQ9PNDNNy9TadMuzRV_UsPUoWKntt8\" aria-hidden=\"true\"><\/iframe>\n\t<p><a href=\"https:\/\/goo.gl\/maps\/Yp9PeSwmhZTZoqaq5\">AS Canavan<\/a><\/p>\n\t1334 4th St<br \/>\nRoma, TX 78584\n\t<h2>What people say about us<\/h2>\n\t<p>\u201cEl Nogal es un ambiente muy seguro y limpio para tener a sus hijos, los maestros y el personal son incre\u00edbles con nuestros ni\u00f1os. A mi hija Addilyn le encanta estar all\u00ed con sus maestros y amigos, ha aprendido mucho a medida que crece gracias al personal de El Nogal. Recomiendo AVANCE a todos y cada uno de los padres que buscan un excelente cuidado de ni\u00f1os. Aunque los horarios pueden variar a una hora determinada, me encanta y recomendar\u00eda El Nogal a cualquier padre que necesite cuidado de ni\u00f1os para su hijo.\u201d<\/p>\n\t<strong>Madelyn Gomez<\/strong><br \/>\nAVANCE Parent,\n<p>EHS-Starr County<\/p>\n\t<p>&#8220;Our family loves the Head Start program. It has enriched my children&#8217;s lives so much! It has been their classroom and home away from home. They have learned so much from the Head Start program. Thanks to their amazing teachers, my three eldest were not only ready for pre-k but so advanced and continue to be to this day. My youngest is currently enrolled in AVANCE&#8217;s Early Head Start program and is loving every minute of it. She has learned so much in just one short year and having fun doing it! We are truly grateful for this program and for the opportunity to continue being a part of the AVANCE family.&#8221;<\/p>\n\t<strong>Rosario Garza<\/strong><br \/>\nAVANCE Parent,<br \/>\nEHS-Starr County\n<h2>\n\t\tContact  Information\n\t<\/h2>\n\t<iframe src=\"https:\/\/www.google.com\/maps\/embed\/v1\/place?q=213+W.+2nd.+St.%2C+Rio+Grande+City%2C+TX.+78582&#038;key=AIzaSyD09zQ9PNDNNy9TadMuzRV_UsPUoWKntt8\" aria-hidden=\"true\"><\/iframe>","protected":false},"excerpt":{"rendered":"<p>Starr County This mostly rural area lies along the Texas-Mexico border in South Texas. In Starr County, AVANCE operates center-based Head Start and Early Head Start programs and provides the Parent-Child Education Program to enrolled families. Meeting People Where They Are Early Head Start Early learning, health and family well-being services are provided for income &#8230; <a title=\"Condado de Starr\" class=\"read-more\" href=\"https:\/\/test.avance.org\/es\/locations\/rgv\/starr-county\/\" aria-label=\"Leer m\u00e1s sobre Starr County\">Leer m\u00e1s<\/a><\/p>","protected":false},"author":1,"featured_media":0,"parent":1576,"menu_order":1,"comment_status":"closed","ping_status":"closed","template":"","meta":{"inline_featured_image":false,"_vp_format_video_url":"","_vp_image_focal_point":[],"footnotes":""},"class_list":["post-2782","page","type-page","status-publish"],"yoast_head":"<!-- This site is optimized with the Yoast SEO plugin v27.3 - https:\/\/yoast.com\/product\/yoast-seo-wordpress\/ -->\n<title>Starr County - AVANCE Dallas<\/title>\n<meta name=\"robots\" content=\"index, follow, max-snippet:-1, max-image-preview:large, max-video-preview:-1\" \/>\n<link rel=\"canonical\" href=\"https:\/\/test.avance.org\/es\/locations\/rgv\/starr-county\/\" \/>\n<meta property=\"og:locale\" content=\"es_MX\" \/>\n<meta property=\"og:type\" content=\"article\" \/>\n<meta property=\"og:title\" content=\"Starr County - AVANCE Dallas\" \/>\n<meta property=\"og:description\" content=\"Starr County This mostly rural area lies along the Texas-Mexico border in South Texas. In Starr County, AVANCE operates center-based Head Start and Early Head Start programs and provides the Parent-Child Education Program to enrolled families. Meeting People Where They Are Early Head Start Early learning, health and family well-being services are provided for income ... Leer m\u00e1s\" \/>\n<meta property=\"og:url\" content=\"https:\/\/test.avance.org\/es\/locations\/rgv\/starr-county\/\" \/>\n<meta property=\"og:site_name\" content=\"AVANCE Dallas\" \/>\n<meta property=\"article:publisher\" content=\"https:\/\/www.facebook.com\/AVANCEinc\/\" \/>\n<meta property=\"article:modified_time\" content=\"2022-12-09T18:36:16+00:00\" \/>\n<meta name=\"twitter:card\" content=\"summary_large_image\" \/>\n<meta name=\"twitter:site\" content=\"@AVANCEinc\" \/>\n<meta name=\"twitter:label1\" content=\"Tiempo de lectura\" \/>\n\t<meta name=\"twitter:data1\" content=\"2 minutos\" \/>\n<script type=\"application\/ld+json\" class=\"yoast-schema-graph\">{\"@context\":\"https:\\\/\\\/schema.org\",\"@graph\":[{\"@type\":\"WebPage\",\"@id\":\"https:\\\/\\\/test.avance.org\\\/locations\\\/rgv\\\/starr-county\\\/\",\"url\":\"https:\\\/\\\/test.avance.org\\\/locations\\\/rgv\\\/starr-county\\\/\",\"name\":\"Starr County - AVANCE Dallas\",\"isPartOf\":{\"@id\":\"https:\\\/\\\/test.avance.org\\\/#website\"},\"datePublished\":\"2022-09-02T02:41:26+00:00\",\"dateModified\":\"2022-12-09T18:36:16+00:00\",\"breadcrumb\":{\"@id\":\"https:\\\/\\\/test.avance.org\\\/locations\\\/rgv\\\/starr-county\\\/#breadcrumb\"},\"inLanguage\":\"es\",\"potentialAction\":[{\"@type\":\"ReadAction\",\"target\":[\"https:\\\/\\\/test.avance.org\\\/locations\\\/rgv\\\/starr-county\\\/\"]}]},{\"@type\":\"BreadcrumbList\",\"@id\":\"https:\\\/\\\/test.avance.org\\\/locations\\\/rgv\\\/starr-county\\\/#breadcrumb\",\"itemListElement\":[{\"@type\":\"ListItem\",\"position\":1,\"name\":\"Home\",\"item\":\"https:\\\/\\\/test.avance.org\\\/\"},{\"@type\":\"ListItem\",\"position\":2,\"name\":\"Locations\",\"item\":\"https:\\\/\\\/test.avance.org\\\/locations\\\/\"},{\"@type\":\"ListItem\",\"position\":3,\"name\":\"RGV\",\"item\":\"https:\\\/\\\/test.avance.org\\\/locations\\\/rgv\\\/\"},{\"@type\":\"ListItem\",\"position\":4,\"name\":\"Starr County\"}]},{\"@type\":\"WebSite\",\"@id\":\"https:\\\/\\\/test.avance.org\\\/#website\",\"url\":\"https:\\\/\\\/test.avance.org\\\/\",\"name\":\"AVANCE Dallas\",\"description\":\"Unlocking America&#039;s Potential\",\"publisher\":{\"@id\":\"https:\\\/\\\/test.avance.org\\\/#organization\"},\"potentialAction\":[{\"@type\":\"SearchAction\",\"target\":{\"@type\":\"EntryPoint\",\"urlTemplate\":\"https:\\\/\\\/test.avance.org\\\/?s={search_term_string}\"},\"query-input\":{\"@type\":\"PropertyValueSpecification\",\"valueRequired\":true,\"valueName\":\"search_term_string\"}}],\"inLanguage\":\"es\"},{\"@type\":\"Organization\",\"@id\":\"https:\\\/\\\/test.avance.org\\\/#organization\",\"name\":\"AVANCE Dallas\",\"url\":\"https:\\\/\\\/test.avance.org\\\/\",\"logo\":{\"@type\":\"ImageObject\",\"inLanguage\":\"es\",\"@id\":\"https:\\\/\\\/test.avance.org\\\/#\\\/schema\\\/logo\\\/image\\\/\",\"url\":\"https:\\\/\\\/test.avance.org\\\/wp-content\\\/uploads\\\/2024\\\/06\\\/cropped-logo-1.png\",\"contentUrl\":\"https:\\\/\\\/test.avance.org\\\/wp-content\\\/uploads\\\/2024\\\/06\\\/cropped-logo-1.png\",\"width\":1920,\"height\":631,\"caption\":\"AVANCE Dallas\"},\"image\":{\"@id\":\"https:\\\/\\\/test.avance.org\\\/#\\\/schema\\\/logo\\\/image\\\/\"},\"sameAs\":[\"https:\\\/\\\/www.facebook.com\\\/AVANCEinc\\\/\",\"https:\\\/\\\/x.com\\\/AVANCEinc\",\"https:\\\/\\\/www.instagram.com\\\/avance__inc\\\/\",\"https:\\\/\\\/www.linkedin.com\\\/company\\\/avance-inc\"]}]}<\/script>\n<!-- \/ Yoast SEO plugin. -->","yoast_head_json":{"title":"Starr County - AVANCE Dallas","robots":{"index":"index","follow":"follow","max-snippet":"max-snippet:-1","max-image-preview":"max-image-preview:large","max-video-preview":"max-video-preview:-1"},"canonical":"https:\/\/test.avance.org\/es\/locations\/rgv\/starr-county\/","og_locale":"es_MX","og_type":"article","og_title":"Starr County - AVANCE Dallas","og_description":"Starr County This mostly rural area lies along the Texas-Mexico border in South Texas. In Starr County, AVANCE operates center-based Head Start and Early Head Start programs and provides the Parent-Child Education Program to enrolled families. Meeting People Where They Are Early Head Start Early learning, health and family well-being services are provided for income ... Leer m\u00e1s","og_url":"https:\/\/test.avance.org\/es\/locations\/rgv\/starr-county\/","og_site_name":"AVANCE Dallas","article_publisher":"https:\/\/www.facebook.com\/AVANCEinc\/","article_modified_time":"2022-12-09T18:36:16+00:00","twitter_card":"summary_large_image","twitter_site":"@AVANCEinc","twitter_misc":{"Tiempo de lectura":"2 minutos"},"schema":{"@context":"https:\/\/schema.org","@graph":[{"@type":"WebPage","@id":"https:\/\/test.avance.org\/locations\/rgv\/starr-county\/","url":"https:\/\/test.avance.org\/locations\/rgv\/starr-county\/","name":"Starr County - AVANCE Dallas","isPartOf":{"@id":"https:\/\/test.avance.org\/#website"},"datePublished":"2022-09-02T02:41:26+00:00","dateModified":"2022-12-09T18:36:16+00:00","breadcrumb":{"@id":"https:\/\/test.avance.org\/locations\/rgv\/starr-county\/#breadcrumb"},"inLanguage":"es","potentialAction":[{"@type":"ReadAction","target":["https:\/\/test.avance.org\/locations\/rgv\/starr-county\/"]}]},{"@type":"BreadcrumbList","@id":"https:\/\/test.avance.org\/locations\/rgv\/starr-county\/#breadcrumb","itemListElement":[{"@type":"ListItem","position":1,"name":"Home","item":"https:\/\/test.avance.org\/"},{"@type":"ListItem","position":2,"name":"Locations","item":"https:\/\/test.avance.org\/locations\/"},{"@type":"ListItem","position":3,"name":"RGV","item":"https:\/\/test.avance.org\/locations\/rgv\/"},{"@type":"ListItem","position":4,"name":"Starr County"}]},{"@type":"WebSite","@id":"https:\/\/test.avance.org\/#website","url":"https:\/\/test.avance.org\/","name":"AVANCE Dallas","description":"Unlocking America&#039;s Potential","publisher":{"@id":"https:\/\/test.avance.org\/#organization"},"potentialAction":[{"@type":"SearchAction","target":{"@type":"EntryPoint","urlTemplate":"https:\/\/test.avance.org\/?s={search_term_string}"},"query-input":{"@type":"PropertyValueSpecification","valueRequired":true,"valueName":"search_term_string"}}],"inLanguage":"es"},{"@type":"Organization","@id":"https:\/\/test.avance.org\/#organization","name":"AVANCE Dallas","url":"https:\/\/test.avance.org\/","logo":{"@type":"ImageObject","inLanguage":"es","@id":"https:\/\/test.avance.org\/#\/schema\/logo\/image\/","url":"https:\/\/test.avance.org\/wp-content\/uploads\/2024\/06\/cropped-logo-1.png","contentUrl":"https:\/\/test.avance.org\/wp-content\/uploads\/2024\/06\/cropped-logo-1.png","width":1920,"height":631,"caption":"AVANCE Dallas"},"image":{"@id":"https:\/\/test.avance.org\/#\/schema\/logo\/image\/"},"sameAs":["https:\/\/www.facebook.com\/AVANCEinc\/","https:\/\/x.com\/AVANCEinc","https:\/\/www.instagram.com\/avance__inc\/","https:\/\/www.linkedin.com\/company\/avance-inc"]}]}},"post_mailing_queue_ids":[],"_links":{"self":[{"href":"https:\/\/test.avance.org\/es\/wp-json\/wp\/v2\/pages\/2782","targetHints":{"allow":["GET"]}}],"collection":[{"href":"https:\/\/test.avance.org\/es\/wp-json\/wp\/v2\/pages"}],"about":[{"href":"https:\/\/test.avance.org\/es\/wp-json\/wp\/v2\/types\/page"}],"author":[{"embeddable":true,"href":"https:\/\/test.avance.org\/es\/wp-json\/wp\/v2\/users\/1"}],"replies":[{"embeddable":true,"href":"https:\/\/test.avance.org\/es\/wp-json\/wp\/v2\/comments?post=2782"}],"version-history":[{"count":10,"href":"https:\/\/test.avance.org\/es\/wp-json\/wp\/v2\/pages\/2782\/revisions"}],"predecessor-version":[{"id":4127,"href":"https:\/\/test.avance.org\/es\/wp-json\/wp\/v2\/pages\/2782\/revisions\/4127"}],"up":[{"embeddable":true,"href":"https:\/\/test.avance.org\/es\/wp-json\/wp\/v2\/pages\/1576"}],"wp:attachment":[{"href":"https:\/\/test.avance.org\/es\/wp-json\/wp\/v2\/media?parent=2782"}],"curies":[{"name":"wp","href":"https:\/\/api.w.org\/{rel}","templated":true}]}}