{"id":3089,"date":"2022-11-03T14:02:42","date_gmt":"2022-11-03T19:02:42","guid":{"rendered":"https:\/\/test.avance.org\/?page_id=3089"},"modified":"2022-12-09T13:41:00","modified_gmt":"2022-12-09T18:41:00","slug":"zapata-county","status":"publish","type":"page","link":"https:\/\/test.avance.org\/es\/locations\/rgv\/zapata-county\/","title":{"rendered":"Condado de Zapata"},"content":{"rendered":"<h2>\n\t\tCondado de Zapata\n\t<\/h2>\n\t<p>Esta \u00e1rea mayoritariamente rural se encuentra \n en la frontera entre Texas y M\u00e9xico; en el sur de Texas. En el condado de Zapata, AVANCE opera los programas Head Start y Early Head Start y brinda el Programa de educaci\u00f3n para padres e hijos de familias inscritas. Una asociaci\u00f3n con el Distrito Escolar Independiente del Condado de Zapata ayuda a AVANCE a llegar a m\u00e1s familias locales.<\/p>\n<h2>\n\t\tMeeting People  Where They Are\n\t<\/h2>\n\t<h3>Early Head Start<\/h3>\n\t<p>Early learning, health and family well-being services are provided for income eligible infants and toddlers, 6 weeks to age three in licensed child development facilities.\u202fServices to pregnant mothers and families, including prenatal support and follow-up, are provided in the family&#8217;s home through weekly home visits.\u202f<\/p>\n\t<h3>Head Start<\/h3>\n\t<p>Se brindan servicios integrales de aprendizaje temprano, salud y bienestar familiar a ni\u00f1os de 3 a 5 a\u00f1os que cumplen con los requisitos de ingresos en centros de desarrollo infantil autorizados. Los servicios basados \u200b\u200ben el centro se brindan todo el d\u00eda, todo el a\u00f1o, de lunes a viernes.<\/p>\n\t<h3>Programa de Educaci\u00f3n para Padres e Hijos (PCEP)<\/h3>\n\t<p>PCEP is AVANCE&#8217;s core foundational program that teaches parents how to become their child&#8217;s first teacher. Families enrolled with AVANCE Head Start\/Early Head Start are eligible to take part in parenting curriculum which includes developmentally appropriate activities that build on in-home instruction.\u202f <a href=\"https:\/\/test.avance.org\/es\/programs\/parent-child-education-program-pcep\/\">Haga click aqu\u00ed para saber mas sobre PCEP<\/a>.<\/p>\n\t<p><strong>\u00a1Estamos inscribiendo!<\/strong> Para comenzar el proceso de solicitud, use el bot\u00f3n a continuaci\u00f3n y complete el formulario.<\/p>\n\t\t\t<a href=\"https:\/\/forms.office.com\/pages\/responsepage.aspx?id=oYSWoseK7kOE7O5KQq3ESGrQwZGAoNpBvovsigIxM0FUOFU4OU1PWFczNThPSjZCNEo1U0pFUzZUOS4u\" target=\"_blank\" role=\"button\" rel=\"noopener\">\n\t\t\t\t\t\t\tAPLICAR\n\t\t\t\t\t<\/a>\n<h2>\n\t\tCenter  Locations\n\t<\/h2>\n\t<iframe src=\"https:\/\/www.google.com\/maps\/embed\/v1\/place?q=708+delmar+zapata&#038;key=AIzaSyD09zQ9PNDNNy9TadMuzRV_UsPUoWKntt8\" aria-hidden=\"true\"><\/iframe>\n\t<a href=\"https:\/\/goo.gl\/maps\/w2E1brb5GSyqpSFx9\">Dora O Martinez<br \/>\nChild Development Center<\/a>\n\t<p>708 Delmar St<\/p>\n<p>Zapata, TX 78076<\/p>\n\t<iframe src=\"https:\/\/www.google.com\/maps\/embed\/v1\/place?q=307+lincoln%2C+san+ygnacio%2C+tx&#038;key=AIzaSyD09zQ9PNDNNy9TadMuzRV_UsPUoWKntt8\" aria-hidden=\"true\"><\/iframe>\n\t<a href=\"https:\/\/goo.gl\/maps\/D5b2RJqvEN7DeZ9DA\">Arturo L Benavides<br \/>\nElementary School<\/a>\n\t<p>307 Lincoln Ave<\/p>\n<p>San Ygnacio, TX 78067<\/p>\n\t<iframe src=\"https:\/\/www.google.com\/maps\/embed\/v1\/place?q=500+delmar+zapata&#038;key=AIzaSyD09zQ9PNDNNy9TadMuzRV_UsPUoWKntt8\" aria-hidden=\"true\"><\/iframe>\n\t<a href=\"https:\/\/goo.gl\/maps\/QQnVwJxWEdwXrK2r9\">Zapata South<br \/>\nElementary School<\/a>\n\t<p>500 Delmar St<\/p>\n<p>Zapata, TX 78076<\/p>\n\t<iframe src=\"https:\/\/www.google.com\/maps\/embed\/v1\/place?q=805+mira+flores+ave%2C+zapata&#038;key=AIzaSyD09zQ9PNDNNy9TadMuzRV_UsPUoWKntt8\" aria-hidden=\"true\"><\/iframe>\n\t<a href=\"https:\/\/goo.gl\/maps\/QYszpenTW8fhmYrn9\">Fidel &amp; Andrea Villareal<br \/>\nElementary School<\/a>\n\t<p>805 Mira Flores Ave<\/p>\n<p>Zapata, TX 78076<\/p>\n\t<h2>What people say about us<\/h2>\n\t<p>&#8220;My name is Connie Garcilazo, I am a parent at Dora O. Martinez Early Childhood Center and at Villarreal ISD.\u00a0 When my son started with AVANCE he was doing virtual and he would enjoy spending those minutes sharing with his friends.\u00a0 Then I found out I was pregnant and the AVANCE team encouraged me to join the maternal program.\u00a0 I began the program when I was 25 weeks, I would get together with the maternal educator once a week for home visit and once a month for socialization.\u00a0 Then after giving birth I was able to bond with my child for the first six weeks, and the maternal educator informed me that my child could start attending the center. I was hesitant, but she showed me a video of the classroom setting and routines they have in place. I am very happy and satisfied with the program, they have assisted me in caring for and educating my children while I continue working and providing for my family.&#8221;\u00a0<\/p>\n\t<b>Connie Garcilazo<\/b><br \/>\nAVANCE Parent,<br \/>\nHS\/EHS-Zapata County\n\t<p class=\"translation-block\">\u201cMi nombre es Celia Carbajal, fui madre en el Centro de Primera Infancia Dora O. Mart\u00ednez. Mi hijo hizo la transici\u00f3n al programa Head Start y ahora soy padre en Villarreal ISD. Tambi\u00e9n soy miembro del Consejo de Padres de AVANCE. Estoy s\u00faper contenta con el programa porque ha ayudado mucho a mi peque\u00f1a. El programa EHS le ha ense\u00f1ado a ser tan independiente, aprender sus n\u00fameros, colores, canciones y mucho m\u00e1s. El programa de HS pudo organizar un d\u00eda de transici\u00f3n para que mi hijo y yo fu\u00e9ramos al sal\u00f3n de clases y conoci\u00e9ramos al maestro. Esta transici\u00f3n realmente me ayud\u00f3 a sentirme c\u00f3moda y pude hacer un recorrido por el nuevo entorno de mi ni\u00f1a. AVANCE ayuda a las familias y tambi\u00e9n se preocupa por ellas.\u201d<\/p>\n\t<strong>Celia Carbajal<\/strong><br \/>\nAVANCE Parent,<br \/>\nHS\/EHS-Zapata County\n<h2>\n\t\tContact  Information\n\t<\/h2>\n\t<iframe src=\"https:\/\/www.google.com\/maps\/embed\/v1\/place?q=708+Delmar+St.+Zapata&#038;key=AIzaSyD09zQ9PNDNNy9TadMuzRV_UsPUoWKntt8\" aria-hidden=\"true\"><\/iframe>","protected":false},"excerpt":{"rendered":"<p>Zapata County This mostly rural area lies along the Texas-Mexico border in South Texas. In Zapata County, AVANCE operates center-based Head Start and Early Head Start programs and provides the Parent-Child Education Program to enrolled families. A partnership with Zapata County Independent School District helps AVANCE reach even more local families. Meeting People Where They &#8230; <a title=\"Condado de Zapata\" class=\"read-more\" href=\"https:\/\/test.avance.org\/es\/locations\/rgv\/zapata-county\/\" aria-label=\"Leer m\u00e1s sobre Zapata County\">Leer m\u00e1s<\/a><\/p>","protected":false},"author":20,"featured_media":0,"parent":1576,"menu_order":2,"comment_status":"closed","ping_status":"closed","template":"","meta":{"inline_featured_image":false,"_vp_format_video_url":"","_vp_image_focal_point":[],"footnotes":""},"class_list":["post-3089","page","type-page","status-publish"],"yoast_head":"<!-- This site is optimized with the Yoast SEO plugin v27.3 - https:\/\/yoast.com\/product\/yoast-seo-wordpress\/ -->\n<title>Zapata County - AVANCE Dallas<\/title>\n<meta name=\"robots\" content=\"index, follow, max-snippet:-1, max-image-preview:large, max-video-preview:-1\" \/>\n<link rel=\"canonical\" href=\"https:\/\/test.avance.org\/es\/locations\/rgv\/zapata-county\/\" \/>\n<meta property=\"og:locale\" content=\"es_MX\" \/>\n<meta property=\"og:type\" content=\"article\" \/>\n<meta property=\"og:title\" content=\"Zapata County - AVANCE Dallas\" \/>\n<meta property=\"og:description\" content=\"Zapata County This mostly rural area lies along the Texas-Mexico border in South Texas. In Zapata County, AVANCE operates center-based Head Start and Early Head Start programs and provides the Parent-Child Education Program to enrolled families. A partnership with Zapata County Independent School District helps AVANCE reach even more local families. Meeting People Where They ... Leer m\u00e1s\" \/>\n<meta property=\"og:url\" content=\"https:\/\/test.avance.org\/es\/locations\/rgv\/zapata-county\/\" \/>\n<meta property=\"og:site_name\" content=\"AVANCE Dallas\" \/>\n<meta property=\"article:publisher\" content=\"https:\/\/www.facebook.com\/AVANCEinc\/\" \/>\n<meta property=\"article:modified_time\" content=\"2022-12-09T18:41:00+00:00\" \/>\n<meta name=\"twitter:card\" content=\"summary_large_image\" \/>\n<meta name=\"twitter:site\" content=\"@AVANCEinc\" \/>\n<meta name=\"twitter:label1\" content=\"Tiempo de lectura\" \/>\n\t<meta name=\"twitter:data1\" content=\"3 minutos\" \/>\n<script type=\"application\/ld+json\" class=\"yoast-schema-graph\">{\"@context\":\"https:\\\/\\\/schema.org\",\"@graph\":[{\"@type\":\"WebPage\",\"@id\":\"https:\\\/\\\/test.avance.org\\\/locations\\\/rgv\\\/zapata-county\\\/\",\"url\":\"https:\\\/\\\/test.avance.org\\\/locations\\\/rgv\\\/zapata-county\\\/\",\"name\":\"Zapata County - AVANCE Dallas\",\"isPartOf\":{\"@id\":\"https:\\\/\\\/test.avance.org\\\/#website\"},\"datePublished\":\"2022-11-03T19:02:42+00:00\",\"dateModified\":\"2022-12-09T18:41:00+00:00\",\"breadcrumb\":{\"@id\":\"https:\\\/\\\/test.avance.org\\\/locations\\\/rgv\\\/zapata-county\\\/#breadcrumb\"},\"inLanguage\":\"es\",\"potentialAction\":[{\"@type\":\"ReadAction\",\"target\":[\"https:\\\/\\\/test.avance.org\\\/locations\\\/rgv\\\/zapata-county\\\/\"]}]},{\"@type\":\"BreadcrumbList\",\"@id\":\"https:\\\/\\\/test.avance.org\\\/locations\\\/rgv\\\/zapata-county\\\/#breadcrumb\",\"itemListElement\":[{\"@type\":\"ListItem\",\"position\":1,\"name\":\"Home\",\"item\":\"https:\\\/\\\/test.avance.org\\\/\"},{\"@type\":\"ListItem\",\"position\":2,\"name\":\"Locations\",\"item\":\"https:\\\/\\\/test.avance.org\\\/locations\\\/\"},{\"@type\":\"ListItem\",\"position\":3,\"name\":\"RGV\",\"item\":\"https:\\\/\\\/test.avance.org\\\/locations\\\/rgv\\\/\"},{\"@type\":\"ListItem\",\"position\":4,\"name\":\"Zapata County\"}]},{\"@type\":\"WebSite\",\"@id\":\"https:\\\/\\\/test.avance.org\\\/#website\",\"url\":\"https:\\\/\\\/test.avance.org\\\/\",\"name\":\"AVANCE Dallas\",\"description\":\"Unlocking America&#039;s Potential\",\"publisher\":{\"@id\":\"https:\\\/\\\/test.avance.org\\\/#organization\"},\"potentialAction\":[{\"@type\":\"SearchAction\",\"target\":{\"@type\":\"EntryPoint\",\"urlTemplate\":\"https:\\\/\\\/test.avance.org\\\/?s={search_term_string}\"},\"query-input\":{\"@type\":\"PropertyValueSpecification\",\"valueRequired\":true,\"valueName\":\"search_term_string\"}}],\"inLanguage\":\"es\"},{\"@type\":\"Organization\",\"@id\":\"https:\\\/\\\/test.avance.org\\\/#organization\",\"name\":\"AVANCE Dallas\",\"url\":\"https:\\\/\\\/test.avance.org\\\/\",\"logo\":{\"@type\":\"ImageObject\",\"inLanguage\":\"es\",\"@id\":\"https:\\\/\\\/test.avance.org\\\/#\\\/schema\\\/logo\\\/image\\\/\",\"url\":\"https:\\\/\\\/test.avance.org\\\/wp-content\\\/uploads\\\/2024\\\/06\\\/cropped-logo-1.png\",\"contentUrl\":\"https:\\\/\\\/test.avance.org\\\/wp-content\\\/uploads\\\/2024\\\/06\\\/cropped-logo-1.png\",\"width\":1920,\"height\":631,\"caption\":\"AVANCE Dallas\"},\"image\":{\"@id\":\"https:\\\/\\\/test.avance.org\\\/#\\\/schema\\\/logo\\\/image\\\/\"},\"sameAs\":[\"https:\\\/\\\/www.facebook.com\\\/AVANCEinc\\\/\",\"https:\\\/\\\/x.com\\\/AVANCEinc\",\"https:\\\/\\\/www.instagram.com\\\/avance__inc\\\/\",\"https:\\\/\\\/www.linkedin.com\\\/company\\\/avance-inc\"]}]}<\/script>\n<!-- \/ Yoast SEO plugin. -->","yoast_head_json":{"title":"Zapata County - AVANCE Dallas","robots":{"index":"index","follow":"follow","max-snippet":"max-snippet:-1","max-image-preview":"max-image-preview:large","max-video-preview":"max-video-preview:-1"},"canonical":"https:\/\/test.avance.org\/es\/locations\/rgv\/zapata-county\/","og_locale":"es_MX","og_type":"article","og_title":"Zapata County - AVANCE Dallas","og_description":"Zapata County This mostly rural area lies along the Texas-Mexico border in South Texas. In Zapata County, AVANCE operates center-based Head Start and Early Head Start programs and provides the Parent-Child Education Program to enrolled families. A partnership with Zapata County Independent School District helps AVANCE reach even more local families. Meeting People Where They ... Leer m\u00e1s","og_url":"https:\/\/test.avance.org\/es\/locations\/rgv\/zapata-county\/","og_site_name":"AVANCE Dallas","article_publisher":"https:\/\/www.facebook.com\/AVANCEinc\/","article_modified_time":"2022-12-09T18:41:00+00:00","twitter_card":"summary_large_image","twitter_site":"@AVANCEinc","twitter_misc":{"Tiempo de lectura":"3 minutos"},"schema":{"@context":"https:\/\/schema.org","@graph":[{"@type":"WebPage","@id":"https:\/\/test.avance.org\/locations\/rgv\/zapata-county\/","url":"https:\/\/test.avance.org\/locations\/rgv\/zapata-county\/","name":"Zapata County - AVANCE Dallas","isPartOf":{"@id":"https:\/\/test.avance.org\/#website"},"datePublished":"2022-11-03T19:02:42+00:00","dateModified":"2022-12-09T18:41:00+00:00","breadcrumb":{"@id":"https:\/\/test.avance.org\/locations\/rgv\/zapata-county\/#breadcrumb"},"inLanguage":"es","potentialAction":[{"@type":"ReadAction","target":["https:\/\/test.avance.org\/locations\/rgv\/zapata-county\/"]}]},{"@type":"BreadcrumbList","@id":"https:\/\/test.avance.org\/locations\/rgv\/zapata-county\/#breadcrumb","itemListElement":[{"@type":"ListItem","position":1,"name":"Home","item":"https:\/\/test.avance.org\/"},{"@type":"ListItem","position":2,"name":"Locations","item":"https:\/\/test.avance.org\/locations\/"},{"@type":"ListItem","position":3,"name":"RGV","item":"https:\/\/test.avance.org\/locations\/rgv\/"},{"@type":"ListItem","position":4,"name":"Zapata County"}]},{"@type":"WebSite","@id":"https:\/\/test.avance.org\/#website","url":"https:\/\/test.avance.org\/","name":"AVANCE Dallas","description":"Unlocking America&#039;s Potential","publisher":{"@id":"https:\/\/test.avance.org\/#organization"},"potentialAction":[{"@type":"SearchAction","target":{"@type":"EntryPoint","urlTemplate":"https:\/\/test.avance.org\/?s={search_term_string}"},"query-input":{"@type":"PropertyValueSpecification","valueRequired":true,"valueName":"search_term_string"}}],"inLanguage":"es"},{"@type":"Organization","@id":"https:\/\/test.avance.org\/#organization","name":"AVANCE Dallas","url":"https:\/\/test.avance.org\/","logo":{"@type":"ImageObject","inLanguage":"es","@id":"https:\/\/test.avance.org\/#\/schema\/logo\/image\/","url":"https:\/\/test.avance.org\/wp-content\/uploads\/2024\/06\/cropped-logo-1.png","contentUrl":"https:\/\/test.avance.org\/wp-content\/uploads\/2024\/06\/cropped-logo-1.png","width":1920,"height":631,"caption":"AVANCE Dallas"},"image":{"@id":"https:\/\/test.avance.org\/#\/schema\/logo\/image\/"},"sameAs":["https:\/\/www.facebook.com\/AVANCEinc\/","https:\/\/x.com\/AVANCEinc","https:\/\/www.instagram.com\/avance__inc\/","https:\/\/www.linkedin.com\/company\/avance-inc"]}]}},"post_mailing_queue_ids":[],"_links":{"self":[{"href":"https:\/\/test.avance.org\/es\/wp-json\/wp\/v2\/pages\/3089","targetHints":{"allow":["GET"]}}],"collection":[{"href":"https:\/\/test.avance.org\/es\/wp-json\/wp\/v2\/pages"}],"about":[{"href":"https:\/\/test.avance.org\/es\/wp-json\/wp\/v2\/types\/page"}],"author":[{"embeddable":true,"href":"https:\/\/test.avance.org\/es\/wp-json\/wp\/v2\/users\/20"}],"replies":[{"embeddable":true,"href":"https:\/\/test.avance.org\/es\/wp-json\/wp\/v2\/comments?post=3089"}],"version-history":[{"count":8,"href":"https:\/\/test.avance.org\/es\/wp-json\/wp\/v2\/pages\/3089\/revisions"}],"predecessor-version":[{"id":4128,"href":"https:\/\/test.avance.org\/es\/wp-json\/wp\/v2\/pages\/3089\/revisions\/4128"}],"up":[{"embeddable":true,"href":"https:\/\/test.avance.org\/es\/wp-json\/wp\/v2\/pages\/1576"}],"wp:attachment":[{"href":"https:\/\/test.avance.org\/es\/wp-json\/wp\/v2\/media?parent=3089"}],"curies":[{"name":"wp","href":"https:\/\/api.w.org\/{rel}","templated":true}]}}