{"id":3908,"date":"2022-12-01T18:18:13","date_gmt":"2022-12-01T23:18:13","guid":{"rendered":"https:\/\/test.avance.org\/?page_id=3908"},"modified":"2024-08-01T07:02:06","modified_gmt":"2024-08-01T12:02:06","slug":"home","status":"publish","type":"page","link":"https:\/\/test.avance.org\/es\/","title":{"rendered":"Inicio"},"content":{"rendered":"<img decoding=\"async\" loading='false' src=\"https:\/\/test.avance.org\/wp-content\/uploads\/2024\/06\/home-header-1-scaled.webp\" alt=\"\" \/>\t\t\t\n\t\t\t\t<h3>AVANCE-North Texas ha estado apoyando a las familias en sus caminos educativos desde 1996. <\/h3><p>\u00danase a nosotros<\/p>\n\t\t\t<a href=\"\/es\/contact\/donate\/\" target=\"_self\" rel=\"noopener\">\n\t\t\t\t\t\tDonaciones\n\t\t\t\t\t<\/a>\n\t\t\t\t<a href=\"#\" aria-label=\"previous\" role=\"button\">\n<\/a>\n\t\t\t\t<a href=\"#\" aria-label=\"next\" role=\"button\">\n<\/a>\n<h2>\n\t\tNuestra Misi\u00f3n\n\t<\/h2>\n\t<p>AVANCE crea caminos hacia la movilidad econ\u00f3mica para familias predominantemente latinas a trav\u00e9s de una programaci\u00f3n de dos generaciones de alta calidad y culturalmente sensible que garantiza la preparaci\u00f3n escolar para los ni\u00f1os peque\u00f1os y oportunidades para que los padres desarrollen capital social y econ\u00f3mico.<\/p>\n<h2>\n\t\tNuestra Visi\u00f3n\n\t<\/h2>\n\t<p class=\"translation-block\">Imaginamos un mundo en el que todos los ni\u00f1os y familias tengan acceso equitativo a los recursos y oportunidades para alcanzar su m\u00e1ximo potencial, transformando las comunidades en las que vivimos.<\/p>\n\t<iframe loading=\"lazy\" title=\"Everything I know and what I am today, I owe it to the AVANCE Program\" width=\"1200\" height=\"675\" src=\"https:\/\/www.youtube.com\/embed\/5t-_iYjlxy4?feature=oembed\" frameborder=\"0\" allow=\"accelerometer; autoplay; clipboard-write; encrypted-media; gyroscope; picture-in-picture; web-share\" referrerpolicy=\"strict-origin-when-cross-origin\" allowfullscreen><\/iframe>\n<h2>\n\t\tRostros e Historias\n\t<\/h2>\n<h2>\n\t\tNOTICIAS de AVANCE-North Texas\n\t<\/h2>\n<h2>\n\t\tSea un campe\u00f3n de nuestro trabajo con las familias y las comunidades.\n\t<\/h2>\n\t\t\t<a href=\"\/es\/contact\/donate\/\" target=\"_self\" rel=\"noopener\">\n\t\t\t\t\t\tDonaciones\n\t\t\t\t\t<\/a>","protected":false},"excerpt":{"rendered":"<p>AVANCE-North Texas has been supporting families on their educational journeys since 1996. Join Us Donate Now Our Mission AVANCE creates pathways to economic mobility for predominantly Latino families through high-quality, culturally responsive, two-generation programming that ensures school readiness for young children and opportunities for parents to build social and economic capital. Our Vision We envision &#8230; <a title=\"Inicio\" class=\"read-more\" href=\"https:\/\/test.avance.org\/es\/\" aria-label=\"Leer m\u00e1s sobre Home\">Leer m\u00e1s<\/a><\/p>","protected":false},"author":20,"featured_media":0,"parent":0,"menu_order":2,"comment_status":"closed","ping_status":"closed","template":"","meta":{"inline_featured_image":false,"_vp_format_video_url":"","_vp_image_focal_point":[],"footnotes":""},"class_list":["post-3908","page","type-page","status-publish"],"yoast_head":"<!-- This site is optimized with the Yoast SEO plugin v27.4 - https:\/\/yoast.com\/product\/yoast-seo-wordpress\/ -->\n<title>Home - AVANCE Dallas<\/title>\n<meta name=\"robots\" content=\"index, follow, max-snippet:-1, max-image-preview:large, max-video-preview:-1\" \/>\n<link rel=\"canonical\" href=\"https:\/\/test.avance.org\/es\/\" \/>\n<meta property=\"og:locale\" content=\"es_MX\" \/>\n<meta property=\"og:type\" content=\"article\" \/>\n<meta property=\"og:title\" content=\"Home - AVANCE Dallas\" \/>\n<meta property=\"og:description\" content=\"AVANCE-North Texas has been supporting families on their educational journeys since 1996. Join Us Donate Now Our Mission AVANCE creates pathways to economic mobility for predominantly Latino families through high-quality, culturally responsive, two-generation programming that ensures school readiness for young children and opportunities for parents to build social and economic capital. Our Vision We envision ... Leer m\u00e1s\" \/>\n<meta property=\"og:url\" content=\"https:\/\/test.avance.org\/es\/\" \/>\n<meta property=\"og:site_name\" content=\"AVANCE Dallas\" \/>\n<meta property=\"article:publisher\" content=\"https:\/\/www.facebook.com\/AVANCEinc\/\" \/>\n<meta property=\"article:modified_time\" content=\"2024-08-01T12:02:06+00:00\" \/>\n<meta property=\"og:image\" content=\"https:\/\/test.avance.org\/wp-content\/uploads\/2024\/06\/home-header-1-scaled.webp\" \/>\n<meta name=\"twitter:card\" content=\"summary_large_image\" \/>\n<meta name=\"twitter:site\" content=\"@AVANCEinc\" \/>\n<meta name=\"twitter:label1\" content=\"Tiempo de lectura\" \/>\n\t<meta name=\"twitter:data1\" content=\"1 minuto\" \/>\n<script type=\"application\/ld+json\" class=\"yoast-schema-graph\">{\"@context\":\"https:\\\/\\\/schema.org\",\"@graph\":[{\"@type\":\"WebPage\",\"@id\":\"https:\\\/\\\/test.avance.org\\\/\",\"url\":\"https:\\\/\\\/test.avance.org\\\/\",\"name\":\"Home - AVANCE Dallas\",\"isPartOf\":{\"@id\":\"https:\\\/\\\/test.avance.org\\\/#website\"},\"primaryImageOfPage\":{\"@id\":\"https:\\\/\\\/test.avance.org\\\/#primaryimage\"},\"image\":{\"@id\":\"https:\\\/\\\/test.avance.org\\\/#primaryimage\"},\"thumbnailUrl\":\"https:\\\/\\\/test.avance.org\\\/wp-content\\\/uploads\\\/2024\\\/06\\\/home-header-1-scaled.webp\",\"datePublished\":\"2022-12-01T23:18:13+00:00\",\"dateModified\":\"2024-08-01T12:02:06+00:00\",\"breadcrumb\":{\"@id\":\"https:\\\/\\\/test.avance.org\\\/#breadcrumb\"},\"inLanguage\":\"es\",\"potentialAction\":[{\"@type\":\"ReadAction\",\"target\":[\"https:\\\/\\\/test.avance.org\\\/\"]}]},{\"@type\":\"ImageObject\",\"inLanguage\":\"es\",\"@id\":\"https:\\\/\\\/test.avance.org\\\/#primaryimage\",\"url\":\"https:\\\/\\\/test.avance.org\\\/wp-content\\\/uploads\\\/2024\\\/06\\\/home-header-1-scaled.webp\",\"contentUrl\":\"https:\\\/\\\/test.avance.org\\\/wp-content\\\/uploads\\\/2024\\\/06\\\/home-header-1-scaled.webp\"},{\"@type\":\"BreadcrumbList\",\"@id\":\"https:\\\/\\\/test.avance.org\\\/#breadcrumb\",\"itemListElement\":[{\"@type\":\"ListItem\",\"position\":1,\"name\":\"Home\",\"item\":\"https:\\\/\\\/test.avance.org\\\/\"},{\"@type\":\"ListItem\",\"position\":2,\"name\":\"Home\"}]},{\"@type\":\"WebSite\",\"@id\":\"https:\\\/\\\/test.avance.org\\\/#website\",\"url\":\"https:\\\/\\\/test.avance.org\\\/\",\"name\":\"AVANCE Dallas\",\"description\":\"Unlocking America&#039;s Potential\",\"publisher\":{\"@id\":\"https:\\\/\\\/test.avance.org\\\/#organization\"},\"potentialAction\":[{\"@type\":\"SearchAction\",\"target\":{\"@type\":\"EntryPoint\",\"urlTemplate\":\"https:\\\/\\\/test.avance.org\\\/?s={search_term_string}\"},\"query-input\":{\"@type\":\"PropertyValueSpecification\",\"valueRequired\":true,\"valueName\":\"search_term_string\"}}],\"inLanguage\":\"es\"},{\"@type\":\"Organization\",\"@id\":\"https:\\\/\\\/test.avance.org\\\/#organization\",\"name\":\"AVANCE Dallas\",\"url\":\"https:\\\/\\\/test.avance.org\\\/\",\"logo\":{\"@type\":\"ImageObject\",\"inLanguage\":\"es\",\"@id\":\"https:\\\/\\\/test.avance.org\\\/#\\\/schema\\\/logo\\\/image\\\/\",\"url\":\"https:\\\/\\\/test.avance.org\\\/wp-content\\\/uploads\\\/2024\\\/06\\\/cropped-logo-1.png\",\"contentUrl\":\"https:\\\/\\\/test.avance.org\\\/wp-content\\\/uploads\\\/2024\\\/06\\\/cropped-logo-1.png\",\"width\":1920,\"height\":631,\"caption\":\"AVANCE Dallas\"},\"image\":{\"@id\":\"https:\\\/\\\/test.avance.org\\\/#\\\/schema\\\/logo\\\/image\\\/\"},\"sameAs\":[\"https:\\\/\\\/www.facebook.com\\\/AVANCEinc\\\/\",\"https:\\\/\\\/x.com\\\/AVANCEinc\",\"https:\\\/\\\/www.instagram.com\\\/avance__inc\\\/\",\"https:\\\/\\\/www.linkedin.com\\\/company\\\/avance-inc\"]}]}<\/script>\n<!-- \/ Yoast SEO plugin. -->","yoast_head_json":{"title":"Home - AVANCE Dallas","robots":{"index":"index","follow":"follow","max-snippet":"max-snippet:-1","max-image-preview":"max-image-preview:large","max-video-preview":"max-video-preview:-1"},"canonical":"https:\/\/test.avance.org\/es\/","og_locale":"es_MX","og_type":"article","og_title":"Home - AVANCE Dallas","og_description":"AVANCE-North Texas has been supporting families on their educational journeys since 1996. Join Us Donate Now Our Mission AVANCE creates pathways to economic mobility for predominantly Latino families through high-quality, culturally responsive, two-generation programming that ensures school readiness for young children and opportunities for parents to build social and economic capital. Our Vision We envision ... Leer m\u00e1s","og_url":"https:\/\/test.avance.org\/es\/","og_site_name":"AVANCE Dallas","article_publisher":"https:\/\/www.facebook.com\/AVANCEinc\/","article_modified_time":"2024-08-01T12:02:06+00:00","og_image":[{"url":"https:\/\/test.avance.org\/wp-content\/uploads\/2024\/06\/home-header-1-scaled.webp","type":"","width":"","height":""}],"twitter_card":"summary_large_image","twitter_site":"@AVANCEinc","twitter_misc":{"Tiempo de lectura":"1 minuto"},"schema":{"@context":"https:\/\/schema.org","@graph":[{"@type":"WebPage","@id":"https:\/\/test.avance.org\/","url":"https:\/\/test.avance.org\/","name":"Home - AVANCE Dallas","isPartOf":{"@id":"https:\/\/test.avance.org\/#website"},"primaryImageOfPage":{"@id":"https:\/\/test.avance.org\/#primaryimage"},"image":{"@id":"https:\/\/test.avance.org\/#primaryimage"},"thumbnailUrl":"https:\/\/test.avance.org\/wp-content\/uploads\/2024\/06\/home-header-1-scaled.webp","datePublished":"2022-12-01T23:18:13+00:00","dateModified":"2024-08-01T12:02:06+00:00","breadcrumb":{"@id":"https:\/\/test.avance.org\/#breadcrumb"},"inLanguage":"es","potentialAction":[{"@type":"ReadAction","target":["https:\/\/test.avance.org\/"]}]},{"@type":"ImageObject","inLanguage":"es","@id":"https:\/\/test.avance.org\/#primaryimage","url":"https:\/\/test.avance.org\/wp-content\/uploads\/2024\/06\/home-header-1-scaled.webp","contentUrl":"https:\/\/test.avance.org\/wp-content\/uploads\/2024\/06\/home-header-1-scaled.webp"},{"@type":"BreadcrumbList","@id":"https:\/\/test.avance.org\/#breadcrumb","itemListElement":[{"@type":"ListItem","position":1,"name":"Home","item":"https:\/\/test.avance.org\/"},{"@type":"ListItem","position":2,"name":"Home"}]},{"@type":"WebSite","@id":"https:\/\/test.avance.org\/#website","url":"https:\/\/test.avance.org\/","name":"AVANCE Dallas","description":"Unlocking America&#039;s Potential","publisher":{"@id":"https:\/\/test.avance.org\/#organization"},"potentialAction":[{"@type":"SearchAction","target":{"@type":"EntryPoint","urlTemplate":"https:\/\/test.avance.org\/?s={search_term_string}"},"query-input":{"@type":"PropertyValueSpecification","valueRequired":true,"valueName":"search_term_string"}}],"inLanguage":"es"},{"@type":"Organization","@id":"https:\/\/test.avance.org\/#organization","name":"AVANCE Dallas","url":"https:\/\/test.avance.org\/","logo":{"@type":"ImageObject","inLanguage":"es","@id":"https:\/\/test.avance.org\/#\/schema\/logo\/image\/","url":"https:\/\/test.avance.org\/wp-content\/uploads\/2024\/06\/cropped-logo-1.png","contentUrl":"https:\/\/test.avance.org\/wp-content\/uploads\/2024\/06\/cropped-logo-1.png","width":1920,"height":631,"caption":"AVANCE Dallas"},"image":{"@id":"https:\/\/test.avance.org\/#\/schema\/logo\/image\/"},"sameAs":["https:\/\/www.facebook.com\/AVANCEinc\/","https:\/\/x.com\/AVANCEinc","https:\/\/www.instagram.com\/avance__inc\/","https:\/\/www.linkedin.com\/company\/avance-inc"]}]}},"post_mailing_queue_ids":[],"_links":{"self":[{"href":"https:\/\/test.avance.org\/es\/wp-json\/wp\/v2\/pages\/3908","targetHints":{"allow":["GET"]}}],"collection":[{"href":"https:\/\/test.avance.org\/es\/wp-json\/wp\/v2\/pages"}],"about":[{"href":"https:\/\/test.avance.org\/es\/wp-json\/wp\/v2\/types\/page"}],"author":[{"embeddable":true,"href":"https:\/\/test.avance.org\/es\/wp-json\/wp\/v2\/users\/20"}],"replies":[{"embeddable":true,"href":"https:\/\/test.avance.org\/es\/wp-json\/wp\/v2\/comments?post=3908"}],"version-history":[{"count":10,"href":"https:\/\/test.avance.org\/es\/wp-json\/wp\/v2\/pages\/3908\/revisions"}],"predecessor-version":[{"id":6273,"href":"https:\/\/test.avance.org\/es\/wp-json\/wp\/v2\/pages\/3908\/revisions\/6273"}],"wp:attachment":[{"href":"https:\/\/test.avance.org\/es\/wp-json\/wp\/v2\/media?parent=3908"}],"curies":[{"name":"wp","href":"https:\/\/api.w.org\/{rel}","templated":true}]}}