{"id":5897,"date":"2024-07-01T21:40:02","date_gmt":"2024-07-02T02:40:02","guid":{"rendered":"https:\/\/test.avance.org\/?page_id=5897"},"modified":"2024-07-19T15:35:14","modified_gmt":"2024-07-19T20:35:14","slug":"doll-contest","status":"publish","type":"page","link":"https:\/\/test.avance.org\/es\/events\/doll-contest\/","title":{"rendered":"Concurso de Mu\u00f1ecas"},"content":{"rendered":"<h2>\n\t\tConcurso y Exhibici\u00f3n de Mu\u00f1ecas\n\t<\/h2>\n<h2>\n\t\tCelebrate Learning through Play!\n\t<\/h2>\n\t<p>La mu\u00f1eca de trapo es 1 de los 16 juguetes creados en la clase de juguetes donde los participantes descubren lo que significa el aprendizaje a trav\u00e9s del juego.<\/p>\n<p>&nbsp;<\/p>\n<p>Nuestro concurso anual de Mu\u00f1ecas es una excepcional oportunidad para que los participantes puedan exhibir sus creaciones y el orgullo de crear un juguete realizado pensando en sus hijos. Como parte del concurso se eval\u00faan aspectos como la originalidad, seguridad, calidad en la confecci\u00f3n, la creatividad en los detalles.<\/p>\n<p>&nbsp;<\/p>\n<p>Esta mu\u00f1eca se convierte en un regalo muy especial para los ni\u00f1os, el cual les permitir\u00e1 desarrollar el juego simb\u00f3lico en los ni\u00f1os el cual juega un papel importante en el desarrollo cognitivo del ni\u00f1o y las habilidades socioemocionales.<\/p>\n\t\t\t<a href=\"#doll-contest-gallery\" target=\"_self\" rel=\"noopener\">\n\t\t\t\t\t\t\t\u00a1Explore nuestros concursos pasados de mu\u00f1ecas!\n\t\t\t\t\t<\/a>\n<h2>\n\t\tGaler\u00eda\n\t<\/h2>\n\t\n<div class=\"vp-portfolio vp-uid-fac92174 vp-id-6099\"\n\tdata-vp-layout=\"masonry\" data-vp-content-source=\"images\" data-vp-items-style=\"fade\" data-vp-items-click-action=\"url\" data-vp-items-gap=\"15\" data-vp-items-gap-vertical=\"\" data-vp-pagination=\"load-more\" data-vp-next-page-url=\"\" data-vp-masonry-columns=\"3\" >\n\t<div class=\"vp-portfolio__preloader-wrap\">\n\t\t<div class=\"vp-portfolio__preloader\">\n\t\t\t<img decoding=\"async\" loading=\"eager\" src=\"https:\/\/test.avance.org\/wp-content\/plugins\/visual-portfolio\/assets\/images\/logo-dark.svg\" alt=\"Visual Portfolio, Posts &amp; Image Gallery for WordPress\" width=\"20\" height=\"20\" data-skip-lazy>\n\t\t<\/div>\n\t<\/div>\n\t\t<div class=\"vp-portfolio__items-wrap\">\n\t\t\t\n<div class=\"vp-portfolio__items vp-portfolio__items-style-fade vp-portfolio__items-show-overlay-hover\">\n\n\t\t<div\t\tclass=\"vp-portfolio__item-wrap vp-portfolio__item-uid-8b62b4c6\" data-vp-filter=\"\" \t\t>\n\t\t\t\t\t\t\t\t\t<figure class=\"vp-portfolio__item\">\n\t\t\t\t\n<div class=\"vp-portfolio__item-img-wrap\">\n\t<div class=\"vp-portfolio__item-img\">\n\t\t\t<a\n\t\thref=\"https:\/\/test.avance.org\/wp-content\/uploads\/2024\/07\/20231128_200644380_iOS.jpg\"\n\t\ttarget=\"_top\" aria-label=\"20231128_200644380_iOS\" \t>\n\t\n\t\t<noscript><img loading=\"lazy\" decoding=\"async\" width=\"810\" height=\"1080\" data-skip-lazy src=\"https:\/\/test.avance.org\/wp-content\/uploads\/2024\/07\/20231128_200644380_iOS.jpg\" class=\"wp-image-5999\" alt=\"\" srcset=\"https:\/\/test.avance.org\/wp-content\/uploads\/2024\/07\/20231128_200644380_iOS.jpg 810w, https:\/\/test.avance.org\/wp-content\/uploads\/2024\/07\/20231128_200644380_iOS-225x300.jpg 225w, https:\/\/test.avance.org\/wp-content\/uploads\/2024\/07\/20231128_200644380_iOS-768x1024.jpg 768w, https:\/\/test.avance.org\/wp-content\/uploads\/2024\/07\/20231128_200644380_iOS-9x12.jpg 9w\" sizes=\"auto, (max-width: 810px) 100vw, 810px\" \/><\/noscript><img fetchpriority=\"high\" decoding=\"async\" width=\"810\" height=\"1080\" src=\"https:\/\/test.avance.org\/wp-content\/uploads\/2024\/07\/20231128_200644380_iOS.jpg\" class=\"wp-image-5999 vp-lazyload\" alt srcset=\"data:image\/svg+xml;base64,PHN2ZyB3aWR0aD0iODEwIiBoZWlnaHQ9IjEwODAiIHZpZXdCb3g9IjAgMCA4MTAgMTA4MCIgZmlsbD0ibm9uZSIgeG1sbnM9Imh0dHA6Ly93d3cudzMub3JnLzIwMDAvc3ZnIj48L3N2Zz4=\" data-src=\"https:\/\/test.avance.org\/wp-content\/uploads\/2024\/07\/20231128_200644380_iOS.jpg\" data-srcset=\"https:\/\/test.avance.org\/wp-content\/uploads\/2024\/07\/20231128_200644380_iOS.jpg 810w, https:\/\/test.avance.org\/wp-content\/uploads\/2024\/07\/20231128_200644380_iOS-225x300.jpg 225w, https:\/\/test.avance.org\/wp-content\/uploads\/2024\/07\/20231128_200644380_iOS-768x1024.jpg 768w, https:\/\/test.avance.org\/wp-content\/uploads\/2024\/07\/20231128_200644380_iOS-9x12.jpg 9w\" data-sizes=\"auto\" loading=\"eager\">\n\t\t<\/a>\t<\/div>\n<\/div>\n\t<figcaption class=\"vp-portfolio__item-overlay vp-portfolio__item-overlay-text-align-center\">\n\t\t<div class=\"vp-portfolio__item-meta-wrap vp-portfolio__custom-scrollbar\">\n\t\t\t\t<a\n\t\thref=\"https:\/\/test.avance.org\/wp-content\/uploads\/2024\/07\/20231128_200644380_iOS.jpg\"\n\t\ttarget=\"_top\" tabindex=\"-1\" class=\"vp-portfolio__item-meta\" aria-label=\"20231128_200644380_iOS\" \t>\n\t\n<h2 class=\"vp-portfolio__item-meta-title\">\n\t20231128_200644380_iOS<\/h2>\n<\/a>\t\t<\/div>\n\t<\/figcaption>\n\t\t\t<\/figure>\n\t\t\t\t\t<\/div>\n\t\t\n\t\t<div\t\tclass=\"vp-portfolio__item-wrap vp-portfolio__item-uid-1d0effa2\" data-vp-filter=\"\" \t\t>\n\t\t\t\t\t\t\t\t\t<figure class=\"vp-portfolio__item\">\n\t\t\t\t\n<div class=\"vp-portfolio__item-img-wrap\">\n\t<div class=\"vp-portfolio__item-img\">\n\t\t\t<a\n\t\thref=\"https:\/\/test.avance.org\/wp-content\/uploads\/2024\/07\/20240205_180750151_iOS.jpg\"\n\t\ttarget=\"_top\" aria-label=\"20240205_180750151_iOS\" \t>\n\t\n\t\t<noscript><img loading=\"lazy\" decoding=\"async\" width=\"810\" height=\"1080\" data-skip-lazy src=\"https:\/\/test.avance.org\/wp-content\/uploads\/2024\/07\/20240205_180750151_iOS.jpg\" class=\"wp-image-6014\" alt=\"\" srcset=\"https:\/\/test.avance.org\/wp-content\/uploads\/2024\/07\/20240205_180750151_iOS.jpg 810w, https:\/\/test.avance.org\/wp-content\/uploads\/2024\/07\/20240205_180750151_iOS-225x300.jpg 225w, https:\/\/test.avance.org\/wp-content\/uploads\/2024\/07\/20240205_180750151_iOS-768x1024.jpg 768w, https:\/\/test.avance.org\/wp-content\/uploads\/2024\/07\/20240205_180750151_iOS-9x12.jpg 9w\" sizes=\"auto, (max-width: 810px) 100vw, 810px\" \/><\/noscript><img decoding=\"async\" width=\"810\" height=\"1080\" src=\"https:\/\/test.avance.org\/wp-content\/uploads\/2024\/07\/20240205_180750151_iOS.jpg\" class=\"wp-image-6014 vp-lazyload\" alt srcset=\"data:image\/svg+xml;base64,PHN2ZyB3aWR0aD0iODEwIiBoZWlnaHQ9IjEwODAiIHZpZXdCb3g9IjAgMCA4MTAgMTA4MCIgZmlsbD0ibm9uZSIgeG1sbnM9Imh0dHA6Ly93d3cudzMub3JnLzIwMDAvc3ZnIj48L3N2Zz4=\" data-src=\"https:\/\/test.avance.org\/wp-content\/uploads\/2024\/07\/20240205_180750151_iOS.jpg\" data-srcset=\"https:\/\/test.avance.org\/wp-content\/uploads\/2024\/07\/20240205_180750151_iOS.jpg 810w, https:\/\/test.avance.org\/wp-content\/uploads\/2024\/07\/20240205_180750151_iOS-225x300.jpg 225w, https:\/\/test.avance.org\/wp-content\/uploads\/2024\/07\/20240205_180750151_iOS-768x1024.jpg 768w, https:\/\/test.avance.org\/wp-content\/uploads\/2024\/07\/20240205_180750151_iOS-9x12.jpg 9w\" data-sizes=\"auto\" loading=\"eager\">\n\t\t<\/a>\t<\/div>\n<\/div>\n\t<figcaption class=\"vp-portfolio__item-overlay vp-portfolio__item-overlay-text-align-center\">\n\t\t<div class=\"vp-portfolio__item-meta-wrap vp-portfolio__custom-scrollbar\">\n\t\t\t\t<a\n\t\thref=\"https:\/\/test.avance.org\/wp-content\/uploads\/2024\/07\/20240205_180750151_iOS.jpg\"\n\t\ttarget=\"_top\" tabindex=\"-1\" class=\"vp-portfolio__item-meta\" aria-label=\"20240205_180750151_iOS\" \t>\n\t\n<h2 class=\"vp-portfolio__item-meta-title\">\n\t20240205_180750151_iOS<\/h2>\n<\/a>\t\t<\/div>\n\t<\/figcaption>\n\t\t\t<\/figure>\n\t\t\t\t\t<\/div>\n\t\t\n\t\t<div\t\tclass=\"vp-portfolio__item-wrap vp-portfolio__item-uid-c4ca10d1\" data-vp-filter=\"\" \t\t>\n\t\t\t\t\t\t\t\t\t<figure class=\"vp-portfolio__item\">\n\t\t\t\t\n<div class=\"vp-portfolio__item-img-wrap\">\n\t<div class=\"vp-portfolio__item-img\">\n\t\t\t<a\n\t\thref=\"https:\/\/test.avance.org\/wp-content\/uploads\/2024\/07\/20240205_174844294_iOS.jpg\"\n\t\ttarget=\"_top\" aria-label=\"20240205_174844294_iOS\" \t>\n\t\n\t\t<noscript><img loading=\"lazy\" decoding=\"async\" width=\"1440\" height=\"1080\" data-skip-lazy src=\"https:\/\/test.avance.org\/wp-content\/uploads\/2024\/07\/20240205_174844294_iOS.jpg\" class=\"wp-image-6013\" alt=\"\" srcset=\"https:\/\/test.avance.org\/wp-content\/uploads\/2024\/07\/20240205_174844294_iOS.jpg 1440w, https:\/\/test.avance.org\/wp-content\/uploads\/2024\/07\/20240205_174844294_iOS-300x225.jpg 300w, https:\/\/test.avance.org\/wp-content\/uploads\/2024\/07\/20240205_174844294_iOS-1024x768.jpg 1024w, https:\/\/test.avance.org\/wp-content\/uploads\/2024\/07\/20240205_174844294_iOS-768x576.jpg 768w, https:\/\/test.avance.org\/wp-content\/uploads\/2024\/07\/20240205_174844294_iOS-16x12.jpg 16w\" sizes=\"auto, (max-width: 1440px) 100vw, 1440px\" \/><\/noscript><img decoding=\"async\" width=\"1440\" height=\"1080\" src=\"https:\/\/test.avance.org\/wp-content\/uploads\/2024\/07\/20240205_174844294_iOS.jpg\" class=\"wp-image-6013 vp-lazyload\" alt srcset=\"data:image\/svg+xml;base64,PHN2ZyB3aWR0aD0iMTQ0MCIgaGVpZ2h0PSIxMDgwIiB2aWV3Qm94PSIwIDAgMTQ0MCAxMDgwIiBmaWxsPSJub25lIiB4bWxucz0iaHR0cDovL3d3dy53My5vcmcvMjAwMC9zdmciPjwvc3ZnPg==\" data-src=\"https:\/\/test.avance.org\/wp-content\/uploads\/2024\/07\/20240205_174844294_iOS.jpg\" data-srcset=\"https:\/\/test.avance.org\/wp-content\/uploads\/2024\/07\/20240205_174844294_iOS.jpg 1440w, https:\/\/test.avance.org\/wp-content\/uploads\/2024\/07\/20240205_174844294_iOS-300x225.jpg 300w, https:\/\/test.avance.org\/wp-content\/uploads\/2024\/07\/20240205_174844294_iOS-1024x768.jpg 1024w, https:\/\/test.avance.org\/wp-content\/uploads\/2024\/07\/20240205_174844294_iOS-768x576.jpg 768w, https:\/\/test.avance.org\/wp-content\/uploads\/2024\/07\/20240205_174844294_iOS-16x12.jpg 16w\" data-sizes=\"auto\" loading=\"eager\">\n\t\t<\/a>\t<\/div>\n<\/div>\n\t<figcaption class=\"vp-portfolio__item-overlay vp-portfolio__item-overlay-text-align-center\">\n\t\t<div class=\"vp-portfolio__item-meta-wrap vp-portfolio__custom-scrollbar\">\n\t\t\t\t<a\n\t\thref=\"https:\/\/test.avance.org\/wp-content\/uploads\/2024\/07\/20240205_174844294_iOS.jpg\"\n\t\ttarget=\"_top\" tabindex=\"-1\" class=\"vp-portfolio__item-meta\" aria-label=\"20240205_174844294_iOS\" \t>\n\t\n<h2 class=\"vp-portfolio__item-meta-title\">\n\t20240205_174844294_iOS<\/h2>\n<\/a>\t\t<\/div>\n\t<\/figcaption>\n\t\t\t<\/figure>\n\t\t\t\t\t<\/div>\n\t\t\n\t\t<div\t\tclass=\"vp-portfolio__item-wrap vp-portfolio__item-uid-420b26df\" data-vp-filter=\"\" \t\t>\n\t\t\t\t\t\t\t\t\t<figure class=\"vp-portfolio__item\">\n\t\t\t\t\n<div class=\"vp-portfolio__item-img-wrap\">\n\t<div class=\"vp-portfolio__item-img\">\n\t\t\t<a\n\t\thref=\"https:\/\/test.avance.org\/wp-content\/uploads\/2024\/07\/20231010_171124565_iOS-scaled.jpg\"\n\t\ttarget=\"_top\" aria-label=\"20231010_171124565_iOS\" \t>\n\t\n\t\t<noscript><img loading=\"lazy\" decoding=\"async\" width=\"1920\" height=\"2560\" data-skip-lazy src=\"https:\/\/test.avance.org\/wp-content\/uploads\/2024\/07\/20231010_171124565_iOS-scaled.jpg\" class=\"wp-image-5982\" alt=\"\" srcset=\"https:\/\/test.avance.org\/wp-content\/uploads\/2024\/07\/20231010_171124565_iOS-scaled.jpg 1920w, https:\/\/test.avance.org\/wp-content\/uploads\/2024\/07\/20231010_171124565_iOS-225x300.jpg 225w, https:\/\/test.avance.org\/wp-content\/uploads\/2024\/07\/20231010_171124565_iOS-768x1024.jpg 768w, https:\/\/test.avance.org\/wp-content\/uploads\/2024\/07\/20231010_171124565_iOS-1152x1536.jpg 1152w, https:\/\/test.avance.org\/wp-content\/uploads\/2024\/07\/20231010_171124565_iOS-1536x2048.jpg 1536w, https:\/\/test.avance.org\/wp-content\/uploads\/2024\/07\/20231010_171124565_iOS-9x12.jpg 9w\" sizes=\"auto, (max-width: 1920px) 100vw, 1920px\" \/><\/noscript><img decoding=\"async\" width=\"1920\" height=\"2560\" src=\"https:\/\/test.avance.org\/wp-content\/uploads\/2024\/07\/20231010_171124565_iOS-scaled.jpg\" class=\"wp-image-5982 vp-lazyload\" alt srcset=\"data:image\/svg+xml;base64,PHN2ZyB3aWR0aD0iMTkyMCIgaGVpZ2h0PSIyNTYwIiB2aWV3Qm94PSIwIDAgMTkyMCAyNTYwIiBmaWxsPSJub25lIiB4bWxucz0iaHR0cDovL3d3dy53My5vcmcvMjAwMC9zdmciPjwvc3ZnPg==\" data-src=\"https:\/\/test.avance.org\/wp-content\/uploads\/2024\/07\/20231010_171124565_iOS-scaled.jpg\" data-srcset=\"https:\/\/test.avance.org\/wp-content\/uploads\/2024\/07\/20231010_171124565_iOS-scaled.jpg 1920w, https:\/\/test.avance.org\/wp-content\/uploads\/2024\/07\/20231010_171124565_iOS-225x300.jpg 225w, https:\/\/test.avance.org\/wp-content\/uploads\/2024\/07\/20231010_171124565_iOS-768x1024.jpg 768w, https:\/\/test.avance.org\/wp-content\/uploads\/2024\/07\/20231010_171124565_iOS-1152x1536.jpg 1152w, https:\/\/test.avance.org\/wp-content\/uploads\/2024\/07\/20231010_171124565_iOS-1536x2048.jpg 1536w, https:\/\/test.avance.org\/wp-content\/uploads\/2024\/07\/20231010_171124565_iOS-9x12.jpg 9w\" data-sizes=\"auto\" loading=\"eager\">\n\t\t<\/a>\t<\/div>\n<\/div>\n\t<figcaption class=\"vp-portfolio__item-overlay vp-portfolio__item-overlay-text-align-center\">\n\t\t<div class=\"vp-portfolio__item-meta-wrap vp-portfolio__custom-scrollbar\">\n\t\t\t\t<a\n\t\thref=\"https:\/\/test.avance.org\/wp-content\/uploads\/2024\/07\/20231010_171124565_iOS-scaled.jpg\"\n\t\ttarget=\"_top\" tabindex=\"-1\" class=\"vp-portfolio__item-meta\" aria-label=\"20231010_171124565_iOS\" \t>\n\t\n<h2 class=\"vp-portfolio__item-meta-title\">\n\t20231010_171124565_iOS<\/h2>\n<\/a>\t\t<\/div>\n\t<\/figcaption>\n\t\t\t<\/figure>\n\t\t\t\t\t<\/div>\n\t\t\n\t\t<div\t\tclass=\"vp-portfolio__item-wrap vp-portfolio__item-uid-bc9fb51c\" data-vp-filter=\"\" \t\t>\n\t\t\t\t\t\t\t\t\t<figure class=\"vp-portfolio__item\">\n\t\t\t\t\n<div class=\"vp-portfolio__item-img-wrap\">\n\t<div class=\"vp-portfolio__item-img\">\n\t\t\t<a\n\t\thref=\"https:\/\/test.avance.org\/wp-content\/uploads\/2024\/07\/Collaborators.jpg\"\n\t\ttarget=\"_top\" aria-label=\"Colaboradores\" \t>\n\t\n\t\t<noscript><img loading=\"lazy\" decoding=\"async\" width=\"1620\" height=\"1080\" data-skip-lazy src=\"https:\/\/test.avance.org\/wp-content\/uploads\/2024\/07\/Collaborators.jpg\" class=\"wp-image-6001\" alt=\"\" srcset=\"https:\/\/test.avance.org\/wp-content\/uploads\/2024\/07\/Collaborators.jpg 1620w, https:\/\/test.avance.org\/wp-content\/uploads\/2024\/07\/Collaborators-300x200.jpg 300w, https:\/\/test.avance.org\/wp-content\/uploads\/2024\/07\/Collaborators-1024x683.jpg 1024w, https:\/\/test.avance.org\/wp-content\/uploads\/2024\/07\/Collaborators-768x512.jpg 768w, https:\/\/test.avance.org\/wp-content\/uploads\/2024\/07\/Collaborators-1536x1024.jpg 1536w, https:\/\/test.avance.org\/wp-content\/uploads\/2024\/07\/Collaborators-18x12.jpg 18w\" sizes=\"auto, (max-width: 1620px) 100vw, 1620px\" \/><\/noscript><img decoding=\"async\" width=\"1620\" height=\"1080\" src=\"https:\/\/test.avance.org\/wp-content\/uploads\/2024\/07\/Collaborators.jpg\" class=\"wp-image-6001 vp-lazyload\" alt srcset=\"data:image\/svg+xml;base64,PHN2ZyB3aWR0aD0iMTYyMCIgaGVpZ2h0PSIxMDgwIiB2aWV3Qm94PSIwIDAgMTYyMCAxMDgwIiBmaWxsPSJub25lIiB4bWxucz0iaHR0cDovL3d3dy53My5vcmcvMjAwMC9zdmciPjwvc3ZnPg==\" data-src=\"https:\/\/test.avance.org\/wp-content\/uploads\/2024\/07\/Collaborators.jpg\" data-srcset=\"https:\/\/test.avance.org\/wp-content\/uploads\/2024\/07\/Collaborators.jpg 1620w, https:\/\/test.avance.org\/wp-content\/uploads\/2024\/07\/Collaborators-300x200.jpg 300w, https:\/\/test.avance.org\/wp-content\/uploads\/2024\/07\/Collaborators-1024x683.jpg 1024w, https:\/\/test.avance.org\/wp-content\/uploads\/2024\/07\/Collaborators-768x512.jpg 768w, https:\/\/test.avance.org\/wp-content\/uploads\/2024\/07\/Collaborators-1536x1024.jpg 1536w, https:\/\/test.avance.org\/wp-content\/uploads\/2024\/07\/Collaborators-18x12.jpg 18w\" data-sizes=\"auto\" loading=\"eager\">\n\t\t<\/a>\t<\/div>\n<\/div>\n\t<figcaption class=\"vp-portfolio__item-overlay vp-portfolio__item-overlay-text-align-center\">\n\t\t<div class=\"vp-portfolio__item-meta-wrap vp-portfolio__custom-scrollbar\">\n\t\t\t\t<a\n\t\thref=\"https:\/\/test.avance.org\/wp-content\/uploads\/2024\/07\/Collaborators.jpg\"\n\t\ttarget=\"_top\" tabindex=\"-1\" class=\"vp-portfolio__item-meta\" aria-label=\"Colaboradores\" \t>\n\t\n<h2 class=\"vp-portfolio__item-meta-title\">\n\tColaboradores<\/h2>\n<\/a>\t\t<\/div>\n\t<\/figcaption>\n\t\t\t<\/figure>\n\t\t\t\t\t<\/div>\n\t\t\n<\/div>\n\t\t<\/div>\n\t\t\n<\/div>","protected":false},"excerpt":{"rendered":"<p>Doll Contest and Exhibition Celebrate Learning through Play! The rag doll is one of 16 toys created in the PCEP toy-making class, where participants discover the joy of learning through play. &nbsp; Our annual Doll Contest is a unique opportunity for participants to showcase their handmade creations, which reflect the pride and care they put &#8230; <a title=\"Concurso de Mu\u00f1ecas\" class=\"read-more\" href=\"https:\/\/test.avance.org\/es\/events\/doll-contest\/\" aria-label=\"Leer m\u00e1s sobre Doll Contest\">Leer m\u00e1s<\/a><\/p>","protected":false},"author":20,"featured_media":0,"parent":5888,"menu_order":0,"comment_status":"closed","ping_status":"closed","template":"","meta":{"inline_featured_image":false,"_vp_format_video_url":"","_vp_image_focal_point":[],"footnotes":""},"class_list":["post-5897","page","type-page","status-publish"],"yoast_head":"<!-- This site is optimized with the Yoast SEO plugin v27.4 - https:\/\/yoast.com\/product\/yoast-seo-wordpress\/ -->\n<title>Doll Contest - AVANCE Dallas<\/title>\n<meta name=\"robots\" content=\"index, follow, max-snippet:-1, max-image-preview:large, max-video-preview:-1\" \/>\n<link rel=\"canonical\" href=\"https:\/\/test.avance.org\/es\/events\/doll-contest\/\" \/>\n<meta property=\"og:locale\" content=\"es_MX\" \/>\n<meta property=\"og:type\" content=\"article\" \/>\n<meta property=\"og:title\" content=\"Doll Contest - AVANCE Dallas\" \/>\n<meta property=\"og:description\" content=\"Doll Contest and Exhibition Celebrate Learning through Play! The rag doll is one of 16 toys created in the PCEP toy-making class, where participants discover the joy of learning through play. &nbsp; Our annual Doll Contest is a unique opportunity for participants to showcase their handmade creations, which reflect the pride and care they put ... Leer m\u00e1s\" \/>\n<meta property=\"og:url\" content=\"https:\/\/test.avance.org\/es\/events\/doll-contest\/\" \/>\n<meta property=\"og:site_name\" content=\"AVANCE Dallas\" \/>\n<meta property=\"article:publisher\" content=\"https:\/\/www.facebook.com\/AVANCEinc\/\" \/>\n<meta property=\"article:modified_time\" content=\"2024-07-19T20:35:14+00:00\" \/>\n<meta name=\"twitter:card\" content=\"summary_large_image\" \/>\n<meta name=\"twitter:site\" content=\"@AVANCEinc\" \/>\n<meta name=\"twitter:label1\" content=\"Tiempo de lectura\" \/>\n\t<meta name=\"twitter:data1\" content=\"1 minuto\" \/>\n<script type=\"application\/ld+json\" class=\"yoast-schema-graph\">{\"@context\":\"https:\\\/\\\/schema.org\",\"@graph\":[{\"@type\":\"WebPage\",\"@id\":\"https:\\\/\\\/test.avance.org\\\/events\\\/doll-contest\\\/\",\"url\":\"https:\\\/\\\/test.avance.org\\\/events\\\/doll-contest\\\/\",\"name\":\"Doll Contest - AVANCE Dallas\",\"isPartOf\":{\"@id\":\"https:\\\/\\\/test.avance.org\\\/#website\"},\"datePublished\":\"2024-07-02T02:40:02+00:00\",\"dateModified\":\"2024-07-19T20:35:14+00:00\",\"breadcrumb\":{\"@id\":\"https:\\\/\\\/test.avance.org\\\/events\\\/doll-contest\\\/#breadcrumb\"},\"inLanguage\":\"es\",\"potentialAction\":[{\"@type\":\"ReadAction\",\"target\":[\"https:\\\/\\\/test.avance.org\\\/events\\\/doll-contest\\\/\"]}]},{\"@type\":\"BreadcrumbList\",\"@id\":\"https:\\\/\\\/test.avance.org\\\/events\\\/doll-contest\\\/#breadcrumb\",\"itemListElement\":[{\"@type\":\"ListItem\",\"position\":1,\"name\":\"Home\",\"item\":\"https:\\\/\\\/test.avance.org\\\/\"},{\"@type\":\"ListItem\",\"position\":2,\"name\":\"Events\",\"item\":\"https:\\\/\\\/test.avance.org\\\/events\\\/\"},{\"@type\":\"ListItem\",\"position\":3,\"name\":\"Doll Contest\"}]},{\"@type\":\"WebSite\",\"@id\":\"https:\\\/\\\/test.avance.org\\\/#website\",\"url\":\"https:\\\/\\\/test.avance.org\\\/\",\"name\":\"AVANCE Dallas\",\"description\":\"Unlocking America&#039;s Potential\",\"publisher\":{\"@id\":\"https:\\\/\\\/test.avance.org\\\/#organization\"},\"potentialAction\":[{\"@type\":\"SearchAction\",\"target\":{\"@type\":\"EntryPoint\",\"urlTemplate\":\"https:\\\/\\\/test.avance.org\\\/?s={search_term_string}\"},\"query-input\":{\"@type\":\"PropertyValueSpecification\",\"valueRequired\":true,\"valueName\":\"search_term_string\"}}],\"inLanguage\":\"es\"},{\"@type\":\"Organization\",\"@id\":\"https:\\\/\\\/test.avance.org\\\/#organization\",\"name\":\"AVANCE Dallas\",\"url\":\"https:\\\/\\\/test.avance.org\\\/\",\"logo\":{\"@type\":\"ImageObject\",\"inLanguage\":\"es\",\"@id\":\"https:\\\/\\\/test.avance.org\\\/#\\\/schema\\\/logo\\\/image\\\/\",\"url\":\"https:\\\/\\\/test.avance.org\\\/wp-content\\\/uploads\\\/2024\\\/06\\\/cropped-logo-1.png\",\"contentUrl\":\"https:\\\/\\\/test.avance.org\\\/wp-content\\\/uploads\\\/2024\\\/06\\\/cropped-logo-1.png\",\"width\":1920,\"height\":631,\"caption\":\"AVANCE Dallas\"},\"image\":{\"@id\":\"https:\\\/\\\/test.avance.org\\\/#\\\/schema\\\/logo\\\/image\\\/\"},\"sameAs\":[\"https:\\\/\\\/www.facebook.com\\\/AVANCEinc\\\/\",\"https:\\\/\\\/x.com\\\/AVANCEinc\",\"https:\\\/\\\/www.instagram.com\\\/avance__inc\\\/\",\"https:\\\/\\\/www.linkedin.com\\\/company\\\/avance-inc\"]}]}<\/script>\n<!-- \/ Yoast SEO plugin. -->","yoast_head_json":{"title":"Doll Contest - AVANCE Dallas","robots":{"index":"index","follow":"follow","max-snippet":"max-snippet:-1","max-image-preview":"max-image-preview:large","max-video-preview":"max-video-preview:-1"},"canonical":"https:\/\/test.avance.org\/es\/events\/doll-contest\/","og_locale":"es_MX","og_type":"article","og_title":"Doll Contest - AVANCE Dallas","og_description":"Doll Contest and Exhibition Celebrate Learning through Play! The rag doll is one of 16 toys created in the PCEP toy-making class, where participants discover the joy of learning through play. &nbsp; Our annual Doll Contest is a unique opportunity for participants to showcase their handmade creations, which reflect the pride and care they put ... Leer m\u00e1s","og_url":"https:\/\/test.avance.org\/es\/events\/doll-contest\/","og_site_name":"AVANCE Dallas","article_publisher":"https:\/\/www.facebook.com\/AVANCEinc\/","article_modified_time":"2024-07-19T20:35:14+00:00","twitter_card":"summary_large_image","twitter_site":"@AVANCEinc","twitter_misc":{"Tiempo de lectura":"1 minuto"},"schema":{"@context":"https:\/\/schema.org","@graph":[{"@type":"WebPage","@id":"https:\/\/test.avance.org\/events\/doll-contest\/","url":"https:\/\/test.avance.org\/events\/doll-contest\/","name":"Doll Contest - AVANCE Dallas","isPartOf":{"@id":"https:\/\/test.avance.org\/#website"},"datePublished":"2024-07-02T02:40:02+00:00","dateModified":"2024-07-19T20:35:14+00:00","breadcrumb":{"@id":"https:\/\/test.avance.org\/events\/doll-contest\/#breadcrumb"},"inLanguage":"es","potentialAction":[{"@type":"ReadAction","target":["https:\/\/test.avance.org\/events\/doll-contest\/"]}]},{"@type":"BreadcrumbList","@id":"https:\/\/test.avance.org\/events\/doll-contest\/#breadcrumb","itemListElement":[{"@type":"ListItem","position":1,"name":"Home","item":"https:\/\/test.avance.org\/"},{"@type":"ListItem","position":2,"name":"Events","item":"https:\/\/test.avance.org\/events\/"},{"@type":"ListItem","position":3,"name":"Doll Contest"}]},{"@type":"WebSite","@id":"https:\/\/test.avance.org\/#website","url":"https:\/\/test.avance.org\/","name":"AVANCE Dallas","description":"Unlocking America&#039;s Potential","publisher":{"@id":"https:\/\/test.avance.org\/#organization"},"potentialAction":[{"@type":"SearchAction","target":{"@type":"EntryPoint","urlTemplate":"https:\/\/test.avance.org\/?s={search_term_string}"},"query-input":{"@type":"PropertyValueSpecification","valueRequired":true,"valueName":"search_term_string"}}],"inLanguage":"es"},{"@type":"Organization","@id":"https:\/\/test.avance.org\/#organization","name":"AVANCE Dallas","url":"https:\/\/test.avance.org\/","logo":{"@type":"ImageObject","inLanguage":"es","@id":"https:\/\/test.avance.org\/#\/schema\/logo\/image\/","url":"https:\/\/test.avance.org\/wp-content\/uploads\/2024\/06\/cropped-logo-1.png","contentUrl":"https:\/\/test.avance.org\/wp-content\/uploads\/2024\/06\/cropped-logo-1.png","width":1920,"height":631,"caption":"AVANCE Dallas"},"image":{"@id":"https:\/\/test.avance.org\/#\/schema\/logo\/image\/"},"sameAs":["https:\/\/www.facebook.com\/AVANCEinc\/","https:\/\/x.com\/AVANCEinc","https:\/\/www.instagram.com\/avance__inc\/","https:\/\/www.linkedin.com\/company\/avance-inc"]}]}},"post_mailing_queue_ids":[],"_links":{"self":[{"href":"https:\/\/test.avance.org\/es\/wp-json\/wp\/v2\/pages\/5897","targetHints":{"allow":["GET"]}}],"collection":[{"href":"https:\/\/test.avance.org\/es\/wp-json\/wp\/v2\/pages"}],"about":[{"href":"https:\/\/test.avance.org\/es\/wp-json\/wp\/v2\/types\/page"}],"author":[{"embeddable":true,"href":"https:\/\/test.avance.org\/es\/wp-json\/wp\/v2\/users\/20"}],"replies":[{"embeddable":true,"href":"https:\/\/test.avance.org\/es\/wp-json\/wp\/v2\/comments?post=5897"}],"version-history":[{"count":10,"href":"https:\/\/test.avance.org\/es\/wp-json\/wp\/v2\/pages\/5897\/revisions"}],"predecessor-version":[{"id":6107,"href":"https:\/\/test.avance.org\/es\/wp-json\/wp\/v2\/pages\/5897\/revisions\/6107"}],"up":[{"embeddable":true,"href":"https:\/\/test.avance.org\/es\/wp-json\/wp\/v2\/pages\/5888"}],"wp:attachment":[{"href":"https:\/\/test.avance.org\/es\/wp-json\/wp\/v2\/media?parent=5897"}],"curies":[{"name":"wp","href":"https:\/\/api.w.org\/{rel}","templated":true}]}}