{"id":5906,"date":"2024-07-01T21:48:48","date_gmt":"2024-07-02T02:48:48","guid":{"rendered":"https:\/\/test.avance.org\/?page_id=5906"},"modified":"2024-08-01T08:08:52","modified_gmt":"2024-08-01T13:08:52","slug":"toy-contest","status":"publish","type":"page","link":"https:\/\/test.avance.org\/es\/events\/toy-contest\/","title":{"rendered":"Concurso de Juguetes"},"content":{"rendered":"<h2 class=\"translation-block\">Concurso de Juguetes<\/h2>\n<h2>\n\t\tDonde el Ingenio y la Imaginaci\u00f3n se Encuentran con la Inspiraci\u00f3n y la Educaci\u00f3n\n\t<\/h2>\n\t<p class=\"translation-block\">El concurso de juguetes es una celebraci\u00f3n del ingenio y la imaginaci\u00f3n, destacando las diversas formas en que los juguetes pueden inspirar y educar a los ni\u00f1os.<\/p>\n<p>&nbsp;<\/p>\n<p>The Toy Contest is held annually in April after PCEP participants have learned about the importance of play in their children&#8217;s cognitive, social, and emotional development. Each family creates a toy designed to help their children develop essential skills for school readiness. This project is also meant to bring family members closer as they work together to create the toy.<\/p>\n<p>&nbsp;<\/p>\n<p>Primero se realiza una exhibici\u00f3n de todos los juguetes presentados, la cual es abierta al p\u00fablico en general. Despu\u00e9s se selecciona a un juguete ganador de cada escuela, estos juguetes pasan a una segunda ronda de evaluaci\u00f3n en la cual socios comunitarios eval\u00faan y seleccionan los juguetes ganadores tomando en cuenta que sean educativos, creativos, seguros, originales, con buena presentaci\u00f3n, tama\u00f1o ideal, apropiado para la edad y necesidades del ni\u00f1o, as\u00ed como la presentaci\u00f3n de la hoja de posibilidades la cual debe detallar todos los conceptos educativos que el juguete tiene.<\/p>\n<p>&nbsp;<\/p>\n<p>Los 5 primeros lugares recibir\u00e1n una beca para una clase en un colegio comunitario pagado por AVANCE.<\/p>\n\t\t\t<a href=\"\" target=\"_self\" rel=\"noopener\">\n\t\t\t\t\t\t\t\u00a1Explore nuestros concursos de juguetes de a\u00f1os anteriores!\n\t\t\t\t\t<\/a>","protected":false},"excerpt":{"rendered":"<p>Toy Contest Where Ingenuity and Imagination Meet Inspiration and Education The Toy Contest celebrates ingenuity and imagination, highlighting the diverse ways toys can inspire and educate children. &nbsp; The Toy Contest is held annually in April after PCEP participants have learned about the importance of play in their children&#8217;s cognitive, social, and emotional development. Each &#8230; <a title=\"Concurso de Juguetes\" class=\"read-more\" href=\"https:\/\/test.avance.org\/es\/events\/toy-contest\/\" aria-label=\"Leer m\u00e1s sobre Toy Contest\">Leer m\u00e1s<\/a><\/p>","protected":false},"author":20,"featured_media":0,"parent":5888,"menu_order":5,"comment_status":"closed","ping_status":"closed","template":"","meta":{"inline_featured_image":false,"_vp_format_video_url":"","_vp_image_focal_point":[],"footnotes":""},"class_list":["post-5906","page","type-page","status-publish"],"yoast_head":"<!-- This site is optimized with the Yoast SEO plugin v27.6 - https:\/\/yoast.com\/product\/yoast-seo-wordpress\/ -->\n<title>Toy Contest - AVANCE Dallas<\/title>\n<meta name=\"robots\" content=\"index, follow, max-snippet:-1, max-image-preview:large, max-video-preview:-1\" \/>\n<link rel=\"canonical\" href=\"https:\/\/test.avance.org\/es\/events\/toy-contest\/\" \/>\n<meta property=\"og:locale\" content=\"es_MX\" \/>\n<meta property=\"og:type\" content=\"article\" \/>\n<meta property=\"og:title\" content=\"Toy Contest - AVANCE Dallas\" \/>\n<meta property=\"og:description\" content=\"Toy Contest Where Ingenuity and Imagination Meet Inspiration and Education The Toy Contest celebrates ingenuity and imagination, highlighting the diverse ways toys can inspire and educate children. &nbsp; The Toy Contest is held annually in April after PCEP participants have learned about the importance of play in their children&#8217;s cognitive, social, and emotional development. Each ... Leer m\u00e1s\" \/>\n<meta property=\"og:url\" content=\"https:\/\/test.avance.org\/es\/events\/toy-contest\/\" \/>\n<meta property=\"og:site_name\" content=\"AVANCE Dallas\" \/>\n<meta property=\"article:publisher\" content=\"https:\/\/www.facebook.com\/AVANCEinc\/\" \/>\n<meta property=\"article:modified_time\" content=\"2024-08-01T13:08:52+00:00\" \/>\n<meta name=\"twitter:card\" content=\"summary_large_image\" \/>\n<meta name=\"twitter:site\" content=\"@AVANCEinc\" \/>\n<meta name=\"twitter:label1\" content=\"Tiempo de lectura\" \/>\n\t<meta name=\"twitter:data1\" content=\"1 minuto\" \/>\n<script type=\"application\/ld+json\" class=\"yoast-schema-graph\">{\"@context\":\"https:\\\/\\\/schema.org\",\"@graph\":[{\"@type\":\"WebPage\",\"@id\":\"https:\\\/\\\/test.avance.org\\\/events\\\/toy-contest\\\/\",\"url\":\"https:\\\/\\\/test.avance.org\\\/events\\\/toy-contest\\\/\",\"name\":\"Toy Contest - AVANCE Dallas\",\"isPartOf\":{\"@id\":\"https:\\\/\\\/test.avance.org\\\/#website\"},\"datePublished\":\"2024-07-02T02:48:48+00:00\",\"dateModified\":\"2024-08-01T13:08:52+00:00\",\"breadcrumb\":{\"@id\":\"https:\\\/\\\/test.avance.org\\\/events\\\/toy-contest\\\/#breadcrumb\"},\"inLanguage\":\"es\",\"potentialAction\":[{\"@type\":\"ReadAction\",\"target\":[\"https:\\\/\\\/test.avance.org\\\/events\\\/toy-contest\\\/\"]}]},{\"@type\":\"BreadcrumbList\",\"@id\":\"https:\\\/\\\/test.avance.org\\\/events\\\/toy-contest\\\/#breadcrumb\",\"itemListElement\":[{\"@type\":\"ListItem\",\"position\":1,\"name\":\"Home\",\"item\":\"https:\\\/\\\/test.avance.org\\\/\"},{\"@type\":\"ListItem\",\"position\":2,\"name\":\"Events\",\"item\":\"https:\\\/\\\/test.avance.org\\\/events\\\/\"},{\"@type\":\"ListItem\",\"position\":3,\"name\":\"Toy Contest\"}]},{\"@type\":\"WebSite\",\"@id\":\"https:\\\/\\\/test.avance.org\\\/#website\",\"url\":\"https:\\\/\\\/test.avance.org\\\/\",\"name\":\"AVANCE Dallas\",\"description\":\"Unlocking America&#039;s Potential\",\"publisher\":{\"@id\":\"https:\\\/\\\/test.avance.org\\\/#organization\"},\"potentialAction\":[{\"@type\":\"SearchAction\",\"target\":{\"@type\":\"EntryPoint\",\"urlTemplate\":\"https:\\\/\\\/test.avance.org\\\/?s={search_term_string}\"},\"query-input\":{\"@type\":\"PropertyValueSpecification\",\"valueRequired\":true,\"valueName\":\"search_term_string\"}}],\"inLanguage\":\"es\"},{\"@type\":\"Organization\",\"@id\":\"https:\\\/\\\/test.avance.org\\\/#organization\",\"name\":\"AVANCE Dallas\",\"url\":\"https:\\\/\\\/test.avance.org\\\/\",\"logo\":{\"@type\":\"ImageObject\",\"inLanguage\":\"es\",\"@id\":\"https:\\\/\\\/test.avance.org\\\/#\\\/schema\\\/logo\\\/image\\\/\",\"url\":\"https:\\\/\\\/test.avance.org\\\/wp-content\\\/uploads\\\/2024\\\/06\\\/cropped-logo-1.png\",\"contentUrl\":\"https:\\\/\\\/test.avance.org\\\/wp-content\\\/uploads\\\/2024\\\/06\\\/cropped-logo-1.png\",\"width\":1920,\"height\":631,\"caption\":\"AVANCE Dallas\"},\"image\":{\"@id\":\"https:\\\/\\\/test.avance.org\\\/#\\\/schema\\\/logo\\\/image\\\/\"},\"sameAs\":[\"https:\\\/\\\/www.facebook.com\\\/AVANCEinc\\\/\",\"https:\\\/\\\/x.com\\\/AVANCEinc\",\"https:\\\/\\\/www.instagram.com\\\/avance__inc\\\/\",\"https:\\\/\\\/www.linkedin.com\\\/company\\\/avance-inc\"]}]}<\/script>\n<!-- \/ Yoast SEO plugin. -->","yoast_head_json":{"title":"Toy Contest - AVANCE Dallas","robots":{"index":"index","follow":"follow","max-snippet":"max-snippet:-1","max-image-preview":"max-image-preview:large","max-video-preview":"max-video-preview:-1"},"canonical":"https:\/\/test.avance.org\/es\/events\/toy-contest\/","og_locale":"es_MX","og_type":"article","og_title":"Toy Contest - AVANCE Dallas","og_description":"Toy Contest Where Ingenuity and Imagination Meet Inspiration and Education The Toy Contest celebrates ingenuity and imagination, highlighting the diverse ways toys can inspire and educate children. &nbsp; The Toy Contest is held annually in April after PCEP participants have learned about the importance of play in their children&#8217;s cognitive, social, and emotional development. Each ... Leer m\u00e1s","og_url":"https:\/\/test.avance.org\/es\/events\/toy-contest\/","og_site_name":"AVANCE Dallas","article_publisher":"https:\/\/www.facebook.com\/AVANCEinc\/","article_modified_time":"2024-08-01T13:08:52+00:00","twitter_card":"summary_large_image","twitter_site":"@AVANCEinc","twitter_misc":{"Tiempo de lectura":"1 minuto"},"schema":{"@context":"https:\/\/schema.org","@graph":[{"@type":"WebPage","@id":"https:\/\/test.avance.org\/events\/toy-contest\/","url":"https:\/\/test.avance.org\/events\/toy-contest\/","name":"Toy Contest - AVANCE Dallas","isPartOf":{"@id":"https:\/\/test.avance.org\/#website"},"datePublished":"2024-07-02T02:48:48+00:00","dateModified":"2024-08-01T13:08:52+00:00","breadcrumb":{"@id":"https:\/\/test.avance.org\/events\/toy-contest\/#breadcrumb"},"inLanguage":"es","potentialAction":[{"@type":"ReadAction","target":["https:\/\/test.avance.org\/events\/toy-contest\/"]}]},{"@type":"BreadcrumbList","@id":"https:\/\/test.avance.org\/events\/toy-contest\/#breadcrumb","itemListElement":[{"@type":"ListItem","position":1,"name":"Home","item":"https:\/\/test.avance.org\/"},{"@type":"ListItem","position":2,"name":"Events","item":"https:\/\/test.avance.org\/events\/"},{"@type":"ListItem","position":3,"name":"Toy Contest"}]},{"@type":"WebSite","@id":"https:\/\/test.avance.org\/#website","url":"https:\/\/test.avance.org\/","name":"AVANCE Dallas","description":"Unlocking America&#039;s Potential","publisher":{"@id":"https:\/\/test.avance.org\/#organization"},"potentialAction":[{"@type":"SearchAction","target":{"@type":"EntryPoint","urlTemplate":"https:\/\/test.avance.org\/?s={search_term_string}"},"query-input":{"@type":"PropertyValueSpecification","valueRequired":true,"valueName":"search_term_string"}}],"inLanguage":"es"},{"@type":"Organization","@id":"https:\/\/test.avance.org\/#organization","name":"AVANCE Dallas","url":"https:\/\/test.avance.org\/","logo":{"@type":"ImageObject","inLanguage":"es","@id":"https:\/\/test.avance.org\/#\/schema\/logo\/image\/","url":"https:\/\/test.avance.org\/wp-content\/uploads\/2024\/06\/cropped-logo-1.png","contentUrl":"https:\/\/test.avance.org\/wp-content\/uploads\/2024\/06\/cropped-logo-1.png","width":1920,"height":631,"caption":"AVANCE Dallas"},"image":{"@id":"https:\/\/test.avance.org\/#\/schema\/logo\/image\/"},"sameAs":["https:\/\/www.facebook.com\/AVANCEinc\/","https:\/\/x.com\/AVANCEinc","https:\/\/www.instagram.com\/avance__inc\/","https:\/\/www.linkedin.com\/company\/avance-inc"]}]}},"post_mailing_queue_ids":[],"_links":{"self":[{"href":"https:\/\/test.avance.org\/es\/wp-json\/wp\/v2\/pages\/5906","targetHints":{"allow":["GET"]}}],"collection":[{"href":"https:\/\/test.avance.org\/es\/wp-json\/wp\/v2\/pages"}],"about":[{"href":"https:\/\/test.avance.org\/es\/wp-json\/wp\/v2\/types\/page"}],"author":[{"embeddable":true,"href":"https:\/\/test.avance.org\/es\/wp-json\/wp\/v2\/users\/20"}],"replies":[{"embeddable":true,"href":"https:\/\/test.avance.org\/es\/wp-json\/wp\/v2\/comments?post=5906"}],"version-history":[{"count":7,"href":"https:\/\/test.avance.org\/es\/wp-json\/wp\/v2\/pages\/5906\/revisions"}],"predecessor-version":[{"id":6281,"href":"https:\/\/test.avance.org\/es\/wp-json\/wp\/v2\/pages\/5906\/revisions\/6281"}],"up":[{"embeddable":true,"href":"https:\/\/test.avance.org\/es\/wp-json\/wp\/v2\/pages\/5888"}],"wp:attachment":[{"href":"https:\/\/test.avance.org\/es\/wp-json\/wp\/v2\/media?parent=5906"}],"curies":[{"name":"wp","href":"https:\/\/api.w.org\/{rel}","templated":true}]}}