{"id":5908,"date":"2024-07-01T21:49:54","date_gmt":"2024-07-02T02:49:54","guid":{"rendered":"https:\/\/test.avance.org\/?page_id=5908"},"modified":"2024-08-01T08:18:54","modified_gmt":"2024-08-01T13:18:54","slug":"dia-del-nino","status":"publish","type":"page","link":"https:\/\/test.avance.org\/es\/events\/dia-del-nino\/","title":{"rendered":"D\u00eda del Ni\u00f1o"},"content":{"rendered":"<h2>\n\t\tD\u00eda del Ni\u00f1o\n\t<\/h2>\n<h2>\n\t\tCelebrating our Little Ones!\n\t<\/h2>\n\t<p>Our annual celebration of D\u00eda del Ni\u00f1o (April 30), or Children&#8217;s Day, is dedicated to the families registered in AVANCE programs. It brings all our AVANCE families together to celebrate their little ones and create lasting memories, recognizing and valuing the importance of childhood.<\/p>\n<p>&nbsp;<\/p>\n<p>Nuestra celebraci\u00f3n del D\u00eda del Ni\u00f1o es un d\u00eda lleno de diversi\u00f3n que incluye una variedad de actividades destinadas a hacer que los ni\u00f1os se sientan especiales y valorados. Algunas de estas actividades son:<\/p>\n\t<p>Check out our previous years&#8217; events, and stay tuned for details on next year&#8217;s D\u00eda del Ni\u00f1o celebration!<\/p>\n\t\t\t<a href=\"\" target=\"_self\" rel=\"noopener\">\n\t\t\t\t\t\t\tExplore our Past Children&#8217;s Day\n\t\t\t\t\t<\/a>","protected":false},"excerpt":{"rendered":"<p>D\u00eda del Ni\u00f1o Celebrating our Little Ones! Our annual celebration of D\u00eda del Ni\u00f1o (April 30), or Children&#8217;s Day, is dedicated to the families registered in AVANCE programs. It brings all our AVANCE families together to celebrate their little ones and create lasting memories, recognizing and valuing the importance of childhood. &nbsp; Our D\u00eda del &#8230; <a title=\"D\u00eda del Ni\u00f1o\" class=\"read-more\" href=\"https:\/\/test.avance.org\/es\/events\/dia-del-nino\/\" aria-label=\"Leer m\u00e1s sobre D\u00eda del Ni\u00f1o\">Leer m\u00e1s<\/a><\/p>","protected":false},"author":20,"featured_media":0,"parent":5888,"menu_order":1,"comment_status":"closed","ping_status":"closed","template":"","meta":{"inline_featured_image":false,"_vp_format_video_url":"","_vp_image_focal_point":[],"footnotes":""},"class_list":["post-5908","page","type-page","status-publish"],"yoast_head":"<!-- This site is optimized with the Yoast SEO plugin v27.4 - https:\/\/yoast.com\/product\/yoast-seo-wordpress\/ -->\n<title>D\u00eda del Ni\u00f1o - AVANCE Dallas<\/title>\n<meta name=\"robots\" content=\"index, follow, max-snippet:-1, max-image-preview:large, max-video-preview:-1\" \/>\n<link rel=\"canonical\" href=\"https:\/\/test.avance.org\/es\/events\/dia-del-nino\/\" \/>\n<meta property=\"og:locale\" content=\"es_MX\" \/>\n<meta property=\"og:type\" content=\"article\" \/>\n<meta property=\"og:title\" content=\"D\u00eda del Ni\u00f1o - AVANCE Dallas\" \/>\n<meta property=\"og:description\" content=\"D\u00eda del Ni\u00f1o Celebrating our Little Ones! Our annual celebration of D\u00eda del Ni\u00f1o (April 30), or Children&#8217;s Day, is dedicated to the families registered in AVANCE programs. It brings all our AVANCE families together to celebrate their little ones and create lasting memories, recognizing and valuing the importance of childhood. &nbsp; Our D\u00eda del ... Leer m\u00e1s\" \/>\n<meta property=\"og:url\" content=\"https:\/\/test.avance.org\/es\/events\/dia-del-nino\/\" \/>\n<meta property=\"og:site_name\" content=\"AVANCE Dallas\" \/>\n<meta property=\"article:publisher\" content=\"https:\/\/www.facebook.com\/AVANCEinc\/\" \/>\n<meta property=\"article:modified_time\" content=\"2024-08-01T13:18:54+00:00\" \/>\n<meta name=\"twitter:card\" content=\"summary_large_image\" \/>\n<meta name=\"twitter:site\" content=\"@AVANCEinc\" \/>\n<meta name=\"twitter:label1\" content=\"Tiempo de lectura\" \/>\n\t<meta name=\"twitter:data1\" content=\"1 minuto\" \/>\n<script type=\"application\/ld+json\" class=\"yoast-schema-graph\">{\"@context\":\"https:\\\/\\\/schema.org\",\"@graph\":[{\"@type\":\"WebPage\",\"@id\":\"https:\\\/\\\/test.avance.org\\\/events\\\/dia-del-nino\\\/\",\"url\":\"https:\\\/\\\/test.avance.org\\\/events\\\/dia-del-nino\\\/\",\"name\":\"D\u00eda del Ni\u00f1o - AVANCE Dallas\",\"isPartOf\":{\"@id\":\"https:\\\/\\\/test.avance.org\\\/#website\"},\"datePublished\":\"2024-07-02T02:49:54+00:00\",\"dateModified\":\"2024-08-01T13:18:54+00:00\",\"breadcrumb\":{\"@id\":\"https:\\\/\\\/test.avance.org\\\/events\\\/dia-del-nino\\\/#breadcrumb\"},\"inLanguage\":\"es\",\"potentialAction\":[{\"@type\":\"ReadAction\",\"target\":[\"https:\\\/\\\/test.avance.org\\\/events\\\/dia-del-nino\\\/\"]}]},{\"@type\":\"BreadcrumbList\",\"@id\":\"https:\\\/\\\/test.avance.org\\\/events\\\/dia-del-nino\\\/#breadcrumb\",\"itemListElement\":[{\"@type\":\"ListItem\",\"position\":1,\"name\":\"Home\",\"item\":\"https:\\\/\\\/test.avance.org\\\/\"},{\"@type\":\"ListItem\",\"position\":2,\"name\":\"Events\",\"item\":\"https:\\\/\\\/test.avance.org\\\/events\\\/\"},{\"@type\":\"ListItem\",\"position\":3,\"name\":\"D\u00eda del Ni\u00f1o\"}]},{\"@type\":\"WebSite\",\"@id\":\"https:\\\/\\\/test.avance.org\\\/#website\",\"url\":\"https:\\\/\\\/test.avance.org\\\/\",\"name\":\"AVANCE Dallas\",\"description\":\"Unlocking America&#039;s Potential\",\"publisher\":{\"@id\":\"https:\\\/\\\/test.avance.org\\\/#organization\"},\"potentialAction\":[{\"@type\":\"SearchAction\",\"target\":{\"@type\":\"EntryPoint\",\"urlTemplate\":\"https:\\\/\\\/test.avance.org\\\/?s={search_term_string}\"},\"query-input\":{\"@type\":\"PropertyValueSpecification\",\"valueRequired\":true,\"valueName\":\"search_term_string\"}}],\"inLanguage\":\"es\"},{\"@type\":\"Organization\",\"@id\":\"https:\\\/\\\/test.avance.org\\\/#organization\",\"name\":\"AVANCE Dallas\",\"url\":\"https:\\\/\\\/test.avance.org\\\/\",\"logo\":{\"@type\":\"ImageObject\",\"inLanguage\":\"es\",\"@id\":\"https:\\\/\\\/test.avance.org\\\/#\\\/schema\\\/logo\\\/image\\\/\",\"url\":\"https:\\\/\\\/test.avance.org\\\/wp-content\\\/uploads\\\/2024\\\/06\\\/cropped-logo-1.png\",\"contentUrl\":\"https:\\\/\\\/test.avance.org\\\/wp-content\\\/uploads\\\/2024\\\/06\\\/cropped-logo-1.png\",\"width\":1920,\"height\":631,\"caption\":\"AVANCE Dallas\"},\"image\":{\"@id\":\"https:\\\/\\\/test.avance.org\\\/#\\\/schema\\\/logo\\\/image\\\/\"},\"sameAs\":[\"https:\\\/\\\/www.facebook.com\\\/AVANCEinc\\\/\",\"https:\\\/\\\/x.com\\\/AVANCEinc\",\"https:\\\/\\\/www.instagram.com\\\/avance__inc\\\/\",\"https:\\\/\\\/www.linkedin.com\\\/company\\\/avance-inc\"]}]}<\/script>\n<!-- \/ Yoast SEO plugin. -->","yoast_head_json":{"title":"D\u00eda del Ni\u00f1o - AVANCE Dallas","robots":{"index":"index","follow":"follow","max-snippet":"max-snippet:-1","max-image-preview":"max-image-preview:large","max-video-preview":"max-video-preview:-1"},"canonical":"https:\/\/test.avance.org\/es\/events\/dia-del-nino\/","og_locale":"es_MX","og_type":"article","og_title":"D\u00eda del Ni\u00f1o - AVANCE Dallas","og_description":"D\u00eda del Ni\u00f1o Celebrating our Little Ones! Our annual celebration of D\u00eda del Ni\u00f1o (April 30), or Children&#8217;s Day, is dedicated to the families registered in AVANCE programs. It brings all our AVANCE families together to celebrate their little ones and create lasting memories, recognizing and valuing the importance of childhood. &nbsp; Our D\u00eda del ... Leer m\u00e1s","og_url":"https:\/\/test.avance.org\/es\/events\/dia-del-nino\/","og_site_name":"AVANCE Dallas","article_publisher":"https:\/\/www.facebook.com\/AVANCEinc\/","article_modified_time":"2024-08-01T13:18:54+00:00","twitter_card":"summary_large_image","twitter_site":"@AVANCEinc","twitter_misc":{"Tiempo de lectura":"1 minuto"},"schema":{"@context":"https:\/\/schema.org","@graph":[{"@type":"WebPage","@id":"https:\/\/test.avance.org\/events\/dia-del-nino\/","url":"https:\/\/test.avance.org\/events\/dia-del-nino\/","name":"D\u00eda del Ni\u00f1o - AVANCE Dallas","isPartOf":{"@id":"https:\/\/test.avance.org\/#website"},"datePublished":"2024-07-02T02:49:54+00:00","dateModified":"2024-08-01T13:18:54+00:00","breadcrumb":{"@id":"https:\/\/test.avance.org\/events\/dia-del-nino\/#breadcrumb"},"inLanguage":"es","potentialAction":[{"@type":"ReadAction","target":["https:\/\/test.avance.org\/events\/dia-del-nino\/"]}]},{"@type":"BreadcrumbList","@id":"https:\/\/test.avance.org\/events\/dia-del-nino\/#breadcrumb","itemListElement":[{"@type":"ListItem","position":1,"name":"Home","item":"https:\/\/test.avance.org\/"},{"@type":"ListItem","position":2,"name":"Events","item":"https:\/\/test.avance.org\/events\/"},{"@type":"ListItem","position":3,"name":"D\u00eda del Ni\u00f1o"}]},{"@type":"WebSite","@id":"https:\/\/test.avance.org\/#website","url":"https:\/\/test.avance.org\/","name":"AVANCE Dallas","description":"Unlocking America&#039;s Potential","publisher":{"@id":"https:\/\/test.avance.org\/#organization"},"potentialAction":[{"@type":"SearchAction","target":{"@type":"EntryPoint","urlTemplate":"https:\/\/test.avance.org\/?s={search_term_string}"},"query-input":{"@type":"PropertyValueSpecification","valueRequired":true,"valueName":"search_term_string"}}],"inLanguage":"es"},{"@type":"Organization","@id":"https:\/\/test.avance.org\/#organization","name":"AVANCE Dallas","url":"https:\/\/test.avance.org\/","logo":{"@type":"ImageObject","inLanguage":"es","@id":"https:\/\/test.avance.org\/#\/schema\/logo\/image\/","url":"https:\/\/test.avance.org\/wp-content\/uploads\/2024\/06\/cropped-logo-1.png","contentUrl":"https:\/\/test.avance.org\/wp-content\/uploads\/2024\/06\/cropped-logo-1.png","width":1920,"height":631,"caption":"AVANCE Dallas"},"image":{"@id":"https:\/\/test.avance.org\/#\/schema\/logo\/image\/"},"sameAs":["https:\/\/www.facebook.com\/AVANCEinc\/","https:\/\/x.com\/AVANCEinc","https:\/\/www.instagram.com\/avance__inc\/","https:\/\/www.linkedin.com\/company\/avance-inc"]}]}},"post_mailing_queue_ids":[],"_links":{"self":[{"href":"https:\/\/test.avance.org\/es\/wp-json\/wp\/v2\/pages\/5908","targetHints":{"allow":["GET"]}}],"collection":[{"href":"https:\/\/test.avance.org\/es\/wp-json\/wp\/v2\/pages"}],"about":[{"href":"https:\/\/test.avance.org\/es\/wp-json\/wp\/v2\/types\/page"}],"author":[{"embeddable":true,"href":"https:\/\/test.avance.org\/es\/wp-json\/wp\/v2\/users\/20"}],"replies":[{"embeddable":true,"href":"https:\/\/test.avance.org\/es\/wp-json\/wp\/v2\/comments?post=5908"}],"version-history":[{"count":8,"href":"https:\/\/test.avance.org\/es\/wp-json\/wp\/v2\/pages\/5908\/revisions"}],"predecessor-version":[{"id":6282,"href":"https:\/\/test.avance.org\/es\/wp-json\/wp\/v2\/pages\/5908\/revisions\/6282"}],"up":[{"embeddable":true,"href":"https:\/\/test.avance.org\/es\/wp-json\/wp\/v2\/pages\/5888"}],"wp:attachment":[{"href":"https:\/\/test.avance.org\/es\/wp-json\/wp\/v2\/media?parent=5908"}],"curies":[{"name":"wp","href":"https:\/\/api.w.org\/{rel}","templated":true}]}}