{"id":5911,"date":"2024-07-01T21:51:17","date_gmt":"2024-07-02T02:51:17","guid":{"rendered":"https:\/\/test.avance.org\/?page_id=5911"},"modified":"2024-07-18T11:56:55","modified_gmt":"2024-07-18T16:56:55","slug":"resource-fair","status":"publish","type":"page","link":"https:\/\/test.avance.org\/es\/events\/resource-fair\/","title":{"rendered":"Resource Fair"},"content":{"rendered":"<h2 class=\"translation-block\">Feria de Recursos<\/h2>\n<h2>\n\t\tWelcome to the  AVANCE Resource Fair!\n\t<\/h2>\n\t<p>La feria de recursos es un evento anual dedicado a conectar a las familias de AVANCE con recursos esenciales disponibles en nuestra comunidad. Realizada en abril, esta feria de recursos es  abierta a toda la comunidad, y es gratis para las familias y nuestros socios comunitarios. la feria incluye rifas para las familias participantes adem\u00e1s de actividades para ni\u00f1os peque\u00f1os.<\/p>\n<p>&nbsp;<\/p>\n<p>This event is designed to benefit the entire family, ensuring everyone has access to valuable information and support. Our goal is to educate families about the importance of well-being-including physical health, mental health, education, intervention, finances, and more-and to help them access the tools they need to improve their well-being.<\/p>\n<h2>\n\t\t Actividades y Momentos Destacados\n\t<\/h2>\n\t<p>At the Resource Fair, you&#8217;ll find a broad range of resources provided by various organizations, including non-profits that serve our community and companies and clinics that offer low-cost or free services. Here are some event highlights:<\/p>\n\t<p>Join us at the AVANCE Resource Fair and take the first step towards improving your family&#8217;s well-being.<\/p>\n<p>&nbsp;<\/p>\n<p>Explore our past events, and check back for updates on next year&#8217;s Resource Fair!<\/p>\n\t\t\t<a href=\"\" target=\"_self\" rel=\"noopener\">\n\t\t\t\t\t\t\tFotos de la Feria de Recursos\n\t\t\t\t\t<\/a>","protected":false},"excerpt":{"rendered":"<p>Resource Fair Welcome to the AVANCE Resource Fair! Our Resource Fair is an annual event dedicated to connecting AVANCE families with essential resources available within our community. Held every April, the Resource Fair is open to the public and is free for families and community partners. &nbsp; This event is designed to benefit the entire &#8230; <a title=\"Resource Fair\" class=\"read-more\" href=\"https:\/\/test.avance.org\/es\/events\/resource-fair\/\" aria-label=\"Leer m\u00e1s sobre Resource Fair\">Leer m\u00e1s<\/a><\/p>","protected":false},"author":20,"featured_media":0,"parent":5888,"menu_order":3,"comment_status":"closed","ping_status":"closed","template":"","meta":{"inline_featured_image":false,"_vp_format_video_url":"","_vp_image_focal_point":[],"footnotes":""},"class_list":["post-5911","page","type-page","status-publish"],"yoast_head":"<!-- This site is optimized with the Yoast SEO plugin v27.4 - https:\/\/yoast.com\/product\/yoast-seo-wordpress\/ -->\n<title>Resource Fair - AVANCE Dallas<\/title>\n<meta name=\"robots\" content=\"index, follow, max-snippet:-1, max-image-preview:large, max-video-preview:-1\" \/>\n<link rel=\"canonical\" href=\"https:\/\/test.avance.org\/es\/events\/resource-fair\/\" \/>\n<meta property=\"og:locale\" content=\"es_MX\" \/>\n<meta property=\"og:type\" content=\"article\" \/>\n<meta property=\"og:title\" content=\"Resource Fair - AVANCE Dallas\" \/>\n<meta property=\"og:description\" content=\"Resource Fair Welcome to the AVANCE Resource Fair! Our Resource Fair is an annual event dedicated to connecting AVANCE families with essential resources available within our community. Held every April, the Resource Fair is open to the public and is free for families and community partners. &nbsp; This event is designed to benefit the entire ... Leer m\u00e1s\" \/>\n<meta property=\"og:url\" content=\"https:\/\/test.avance.org\/es\/events\/resource-fair\/\" \/>\n<meta property=\"og:site_name\" content=\"AVANCE Dallas\" \/>\n<meta property=\"article:publisher\" content=\"https:\/\/www.facebook.com\/AVANCEinc\/\" \/>\n<meta property=\"article:modified_time\" content=\"2024-07-18T16:56:55+00:00\" \/>\n<meta name=\"twitter:card\" content=\"summary_large_image\" \/>\n<meta name=\"twitter:site\" content=\"@AVANCEinc\" \/>\n<meta name=\"twitter:label1\" content=\"Tiempo de lectura\" \/>\n\t<meta name=\"twitter:data1\" content=\"1 minuto\" \/>\n<script type=\"application\/ld+json\" class=\"yoast-schema-graph\">{\"@context\":\"https:\\\/\\\/schema.org\",\"@graph\":[{\"@type\":\"WebPage\",\"@id\":\"https:\\\/\\\/test.avance.org\\\/events\\\/resource-fair\\\/\",\"url\":\"https:\\\/\\\/test.avance.org\\\/events\\\/resource-fair\\\/\",\"name\":\"Resource Fair - AVANCE Dallas\",\"isPartOf\":{\"@id\":\"https:\\\/\\\/test.avance.org\\\/#website\"},\"datePublished\":\"2024-07-02T02:51:17+00:00\",\"dateModified\":\"2024-07-18T16:56:55+00:00\",\"breadcrumb\":{\"@id\":\"https:\\\/\\\/test.avance.org\\\/events\\\/resource-fair\\\/#breadcrumb\"},\"inLanguage\":\"es\",\"potentialAction\":[{\"@type\":\"ReadAction\",\"target\":[\"https:\\\/\\\/test.avance.org\\\/events\\\/resource-fair\\\/\"]}]},{\"@type\":\"BreadcrumbList\",\"@id\":\"https:\\\/\\\/test.avance.org\\\/events\\\/resource-fair\\\/#breadcrumb\",\"itemListElement\":[{\"@type\":\"ListItem\",\"position\":1,\"name\":\"Home\",\"item\":\"https:\\\/\\\/test.avance.org\\\/\"},{\"@type\":\"ListItem\",\"position\":2,\"name\":\"Events\",\"item\":\"https:\\\/\\\/test.avance.org\\\/events\\\/\"},{\"@type\":\"ListItem\",\"position\":3,\"name\":\"Resource Fair\"}]},{\"@type\":\"WebSite\",\"@id\":\"https:\\\/\\\/test.avance.org\\\/#website\",\"url\":\"https:\\\/\\\/test.avance.org\\\/\",\"name\":\"AVANCE Dallas\",\"description\":\"Unlocking America&#039;s Potential\",\"publisher\":{\"@id\":\"https:\\\/\\\/test.avance.org\\\/#organization\"},\"potentialAction\":[{\"@type\":\"SearchAction\",\"target\":{\"@type\":\"EntryPoint\",\"urlTemplate\":\"https:\\\/\\\/test.avance.org\\\/?s={search_term_string}\"},\"query-input\":{\"@type\":\"PropertyValueSpecification\",\"valueRequired\":true,\"valueName\":\"search_term_string\"}}],\"inLanguage\":\"es\"},{\"@type\":\"Organization\",\"@id\":\"https:\\\/\\\/test.avance.org\\\/#organization\",\"name\":\"AVANCE Dallas\",\"url\":\"https:\\\/\\\/test.avance.org\\\/\",\"logo\":{\"@type\":\"ImageObject\",\"inLanguage\":\"es\",\"@id\":\"https:\\\/\\\/test.avance.org\\\/#\\\/schema\\\/logo\\\/image\\\/\",\"url\":\"https:\\\/\\\/test.avance.org\\\/wp-content\\\/uploads\\\/2024\\\/06\\\/cropped-logo-1.png\",\"contentUrl\":\"https:\\\/\\\/test.avance.org\\\/wp-content\\\/uploads\\\/2024\\\/06\\\/cropped-logo-1.png\",\"width\":1920,\"height\":631,\"caption\":\"AVANCE Dallas\"},\"image\":{\"@id\":\"https:\\\/\\\/test.avance.org\\\/#\\\/schema\\\/logo\\\/image\\\/\"},\"sameAs\":[\"https:\\\/\\\/www.facebook.com\\\/AVANCEinc\\\/\",\"https:\\\/\\\/x.com\\\/AVANCEinc\",\"https:\\\/\\\/www.instagram.com\\\/avance__inc\\\/\",\"https:\\\/\\\/www.linkedin.com\\\/company\\\/avance-inc\"]}]}<\/script>\n<!-- \/ Yoast SEO plugin. -->","yoast_head_json":{"title":"Resource Fair - AVANCE Dallas","robots":{"index":"index","follow":"follow","max-snippet":"max-snippet:-1","max-image-preview":"max-image-preview:large","max-video-preview":"max-video-preview:-1"},"canonical":"https:\/\/test.avance.org\/es\/events\/resource-fair\/","og_locale":"es_MX","og_type":"article","og_title":"Resource Fair - AVANCE Dallas","og_description":"Resource Fair Welcome to the AVANCE Resource Fair! Our Resource Fair is an annual event dedicated to connecting AVANCE families with essential resources available within our community. Held every April, the Resource Fair is open to the public and is free for families and community partners. &nbsp; This event is designed to benefit the entire ... Leer m\u00e1s","og_url":"https:\/\/test.avance.org\/es\/events\/resource-fair\/","og_site_name":"AVANCE Dallas","article_publisher":"https:\/\/www.facebook.com\/AVANCEinc\/","article_modified_time":"2024-07-18T16:56:55+00:00","twitter_card":"summary_large_image","twitter_site":"@AVANCEinc","twitter_misc":{"Tiempo de lectura":"1 minuto"},"schema":{"@context":"https:\/\/schema.org","@graph":[{"@type":"WebPage","@id":"https:\/\/test.avance.org\/events\/resource-fair\/","url":"https:\/\/test.avance.org\/events\/resource-fair\/","name":"Resource Fair - AVANCE Dallas","isPartOf":{"@id":"https:\/\/test.avance.org\/#website"},"datePublished":"2024-07-02T02:51:17+00:00","dateModified":"2024-07-18T16:56:55+00:00","breadcrumb":{"@id":"https:\/\/test.avance.org\/events\/resource-fair\/#breadcrumb"},"inLanguage":"es","potentialAction":[{"@type":"ReadAction","target":["https:\/\/test.avance.org\/events\/resource-fair\/"]}]},{"@type":"BreadcrumbList","@id":"https:\/\/test.avance.org\/events\/resource-fair\/#breadcrumb","itemListElement":[{"@type":"ListItem","position":1,"name":"Home","item":"https:\/\/test.avance.org\/"},{"@type":"ListItem","position":2,"name":"Events","item":"https:\/\/test.avance.org\/events\/"},{"@type":"ListItem","position":3,"name":"Resource Fair"}]},{"@type":"WebSite","@id":"https:\/\/test.avance.org\/#website","url":"https:\/\/test.avance.org\/","name":"AVANCE Dallas","description":"Unlocking America&#039;s Potential","publisher":{"@id":"https:\/\/test.avance.org\/#organization"},"potentialAction":[{"@type":"SearchAction","target":{"@type":"EntryPoint","urlTemplate":"https:\/\/test.avance.org\/?s={search_term_string}"},"query-input":{"@type":"PropertyValueSpecification","valueRequired":true,"valueName":"search_term_string"}}],"inLanguage":"es"},{"@type":"Organization","@id":"https:\/\/test.avance.org\/#organization","name":"AVANCE Dallas","url":"https:\/\/test.avance.org\/","logo":{"@type":"ImageObject","inLanguage":"es","@id":"https:\/\/test.avance.org\/#\/schema\/logo\/image\/","url":"https:\/\/test.avance.org\/wp-content\/uploads\/2024\/06\/cropped-logo-1.png","contentUrl":"https:\/\/test.avance.org\/wp-content\/uploads\/2024\/06\/cropped-logo-1.png","width":1920,"height":631,"caption":"AVANCE Dallas"},"image":{"@id":"https:\/\/test.avance.org\/#\/schema\/logo\/image\/"},"sameAs":["https:\/\/www.facebook.com\/AVANCEinc\/","https:\/\/x.com\/AVANCEinc","https:\/\/www.instagram.com\/avance__inc\/","https:\/\/www.linkedin.com\/company\/avance-inc"]}]}},"post_mailing_queue_ids":[],"_links":{"self":[{"href":"https:\/\/test.avance.org\/es\/wp-json\/wp\/v2\/pages\/5911","targetHints":{"allow":["GET"]}}],"collection":[{"href":"https:\/\/test.avance.org\/es\/wp-json\/wp\/v2\/pages"}],"about":[{"href":"https:\/\/test.avance.org\/es\/wp-json\/wp\/v2\/types\/page"}],"author":[{"embeddable":true,"href":"https:\/\/test.avance.org\/es\/wp-json\/wp\/v2\/users\/20"}],"replies":[{"embeddable":true,"href":"https:\/\/test.avance.org\/es\/wp-json\/wp\/v2\/comments?post=5911"}],"version-history":[{"count":5,"href":"https:\/\/test.avance.org\/es\/wp-json\/wp\/v2\/pages\/5911\/revisions"}],"predecessor-version":[{"id":6040,"href":"https:\/\/test.avance.org\/es\/wp-json\/wp\/v2\/pages\/5911\/revisions\/6040"}],"up":[{"embeddable":true,"href":"https:\/\/test.avance.org\/es\/wp-json\/wp\/v2\/pages\/5888"}],"wp:attachment":[{"href":"https:\/\/test.avance.org\/es\/wp-json\/wp\/v2\/media?parent=5911"}],"curies":[{"name":"wp","href":"https:\/\/api.w.org\/{rel}","templated":true}]}}