{"id":5912,"date":"2024-07-01T21:51:46","date_gmt":"2024-07-02T02:51:46","guid":{"rendered":"https:\/\/test.avance.org\/?page_id=5912"},"modified":"2024-08-01T12:44:55","modified_gmt":"2024-08-01T17:44:55","slug":"bookworm-brunch","status":"publish","type":"page","link":"https:\/\/test.avance.org\/es\/events\/bookworm-brunch\/","title":{"rendered":"Bookworm Brunch"},"content":{"rendered":"<h2>\n\t\tBookworm Brunch\n\t<\/h2>\n<h2>\n\t\tBookworm Brunch\n\t<\/h2>\n\t<p><strong>\u00a1El Evento Bookworm de AVANCE celebra el D\u00eda Nacional de la Lectura en Estados Unidos e inspira a la pr\u00f3xima generaci\u00f3n a amar la lectura! <\/strong><\/p>\n<p>&nbsp;<\/p>\n<p>\u00a1El Bookworm Brunch de AVANCE es una oportunidad para que las familias participantes de los programas de AVANCE disfruten de un d\u00eda de diversi\u00f3n para todas las edades mientras celebran la alfabetizaci\u00f3n y exploran el mundo m\u00e1gico de los libros!   \nMientras las familias disfrutan de un delicioso brunch sus hijos se sumergen en el mundo de la lectura en vivo, conviven con personajes de cuentos, realizan manualidades atractivas y otras actividades divertidas y pr\u00e1cticas de alfabetizaci\u00f3n.<\/p>\n<p>&nbsp;<\/p>\n<p>We had a blast at this year&#8217;s Bookworm Brunch on Saturday, March 2, 2024, at the Dallas Arboretum and Botanical Gardens. Thank you to everyone who joined us at our 2024 Bookworm Brunch and helped make it unforgettable!<\/p>\n<p>&nbsp;<\/p>\n<p>Explore this year&#8217;s event, and check back for updates on next year&#8217;s Bookworm Brunch.<\/p>\n\t\t\t<a href=\"\" target=\"_self\" rel=\"noopener\">\n\t\t\t\t\t\t\tExplore el Bookworm Brunch\n\t\t\t\t\t<\/a>","protected":false},"excerpt":{"rendered":"<p>Bookworm Brunch Bookworm Brunch The AVANCE Bookworm Brunch celebrates National Read Across America Day and inspires the next generation to love reading! &nbsp; Our Bookworm Brunch is an opportunity for families in our AVANCE programs to enjoy a day of fun for all ages while celebrating literacy and exploring the magical world of books! Families &#8230; <a title=\"Bookworm Brunch\" class=\"read-more\" href=\"https:\/\/test.avance.org\/es\/events\/bookworm-brunch\/\" aria-label=\"Leer m\u00e1s sobre Bookworm Brunch\">Leer m\u00e1s<\/a><\/p>","protected":false},"author":20,"featured_media":0,"parent":5888,"menu_order":4,"comment_status":"closed","ping_status":"closed","template":"","meta":{"inline_featured_image":false,"_vp_format_video_url":"","_vp_image_focal_point":[],"footnotes":""},"class_list":["post-5912","page","type-page","status-publish"],"yoast_head":"<!-- This site is optimized with the Yoast SEO plugin v27.6 - https:\/\/yoast.com\/product\/yoast-seo-wordpress\/ -->\n<title>Bookworm Brunch - AVANCE Dallas<\/title>\n<meta name=\"robots\" content=\"index, follow, max-snippet:-1, max-image-preview:large, max-video-preview:-1\" \/>\n<link rel=\"canonical\" href=\"https:\/\/test.avance.org\/es\/events\/bookworm-brunch\/\" \/>\n<meta property=\"og:locale\" content=\"es_MX\" \/>\n<meta property=\"og:type\" content=\"article\" \/>\n<meta property=\"og:title\" content=\"Bookworm Brunch - AVANCE Dallas\" \/>\n<meta property=\"og:description\" content=\"Bookworm Brunch Bookworm Brunch The AVANCE Bookworm Brunch celebrates National Read Across America Day and inspires the next generation to love reading! &nbsp; Our Bookworm Brunch is an opportunity for families in our AVANCE programs to enjoy a day of fun for all ages while celebrating literacy and exploring the magical world of books! Families ... Leer m\u00e1s\" \/>\n<meta property=\"og:url\" content=\"https:\/\/test.avance.org\/es\/events\/bookworm-brunch\/\" \/>\n<meta property=\"og:site_name\" content=\"AVANCE Dallas\" \/>\n<meta property=\"article:publisher\" content=\"https:\/\/www.facebook.com\/AVANCEinc\/\" \/>\n<meta property=\"article:modified_time\" content=\"2024-08-01T17:44:55+00:00\" \/>\n<meta name=\"twitter:card\" content=\"summary_large_image\" \/>\n<meta name=\"twitter:site\" content=\"@AVANCEinc\" \/>\n<meta name=\"twitter:label1\" content=\"Tiempo de lectura\" \/>\n\t<meta name=\"twitter:data1\" content=\"1 minuto\" \/>\n<script type=\"application\/ld+json\" class=\"yoast-schema-graph\">{\"@context\":\"https:\\\/\\\/schema.org\",\"@graph\":[{\"@type\":\"WebPage\",\"@id\":\"https:\\\/\\\/test.avance.org\\\/events\\\/bookworm-brunch\\\/\",\"url\":\"https:\\\/\\\/test.avance.org\\\/events\\\/bookworm-brunch\\\/\",\"name\":\"Bookworm Brunch - AVANCE Dallas\",\"isPartOf\":{\"@id\":\"https:\\\/\\\/test.avance.org\\\/#website\"},\"datePublished\":\"2024-07-02T02:51:46+00:00\",\"dateModified\":\"2024-08-01T17:44:55+00:00\",\"breadcrumb\":{\"@id\":\"https:\\\/\\\/test.avance.org\\\/events\\\/bookworm-brunch\\\/#breadcrumb\"},\"inLanguage\":\"es\",\"potentialAction\":[{\"@type\":\"ReadAction\",\"target\":[\"https:\\\/\\\/test.avance.org\\\/events\\\/bookworm-brunch\\\/\"]}]},{\"@type\":\"BreadcrumbList\",\"@id\":\"https:\\\/\\\/test.avance.org\\\/events\\\/bookworm-brunch\\\/#breadcrumb\",\"itemListElement\":[{\"@type\":\"ListItem\",\"position\":1,\"name\":\"Home\",\"item\":\"https:\\\/\\\/test.avance.org\\\/\"},{\"@type\":\"ListItem\",\"position\":2,\"name\":\"Events\",\"item\":\"https:\\\/\\\/test.avance.org\\\/events\\\/\"},{\"@type\":\"ListItem\",\"position\":3,\"name\":\"Bookworm Brunch\"}]},{\"@type\":\"WebSite\",\"@id\":\"https:\\\/\\\/test.avance.org\\\/#website\",\"url\":\"https:\\\/\\\/test.avance.org\\\/\",\"name\":\"AVANCE Dallas\",\"description\":\"Unlocking America&#039;s Potential\",\"publisher\":{\"@id\":\"https:\\\/\\\/test.avance.org\\\/#organization\"},\"potentialAction\":[{\"@type\":\"SearchAction\",\"target\":{\"@type\":\"EntryPoint\",\"urlTemplate\":\"https:\\\/\\\/test.avance.org\\\/?s={search_term_string}\"},\"query-input\":{\"@type\":\"PropertyValueSpecification\",\"valueRequired\":true,\"valueName\":\"search_term_string\"}}],\"inLanguage\":\"es\"},{\"@type\":\"Organization\",\"@id\":\"https:\\\/\\\/test.avance.org\\\/#organization\",\"name\":\"AVANCE Dallas\",\"url\":\"https:\\\/\\\/test.avance.org\\\/\",\"logo\":{\"@type\":\"ImageObject\",\"inLanguage\":\"es\",\"@id\":\"https:\\\/\\\/test.avance.org\\\/#\\\/schema\\\/logo\\\/image\\\/\",\"url\":\"https:\\\/\\\/test.avance.org\\\/wp-content\\\/uploads\\\/2024\\\/06\\\/cropped-logo-1.png\",\"contentUrl\":\"https:\\\/\\\/test.avance.org\\\/wp-content\\\/uploads\\\/2024\\\/06\\\/cropped-logo-1.png\",\"width\":1920,\"height\":631,\"caption\":\"AVANCE Dallas\"},\"image\":{\"@id\":\"https:\\\/\\\/test.avance.org\\\/#\\\/schema\\\/logo\\\/image\\\/\"},\"sameAs\":[\"https:\\\/\\\/www.facebook.com\\\/AVANCEinc\\\/\",\"https:\\\/\\\/x.com\\\/AVANCEinc\",\"https:\\\/\\\/www.instagram.com\\\/avance__inc\\\/\",\"https:\\\/\\\/www.linkedin.com\\\/company\\\/avance-inc\"]}]}<\/script>\n<!-- \/ Yoast SEO plugin. -->","yoast_head_json":{"title":"Bookworm Brunch - AVANCE Dallas","robots":{"index":"index","follow":"follow","max-snippet":"max-snippet:-1","max-image-preview":"max-image-preview:large","max-video-preview":"max-video-preview:-1"},"canonical":"https:\/\/test.avance.org\/es\/events\/bookworm-brunch\/","og_locale":"es_MX","og_type":"article","og_title":"Bookworm Brunch - AVANCE Dallas","og_description":"Bookworm Brunch Bookworm Brunch The AVANCE Bookworm Brunch celebrates National Read Across America Day and inspires the next generation to love reading! &nbsp; Our Bookworm Brunch is an opportunity for families in our AVANCE programs to enjoy a day of fun for all ages while celebrating literacy and exploring the magical world of books! Families ... Leer m\u00e1s","og_url":"https:\/\/test.avance.org\/es\/events\/bookworm-brunch\/","og_site_name":"AVANCE Dallas","article_publisher":"https:\/\/www.facebook.com\/AVANCEinc\/","article_modified_time":"2024-08-01T17:44:55+00:00","twitter_card":"summary_large_image","twitter_site":"@AVANCEinc","twitter_misc":{"Tiempo de lectura":"1 minuto"},"schema":{"@context":"https:\/\/schema.org","@graph":[{"@type":"WebPage","@id":"https:\/\/test.avance.org\/events\/bookworm-brunch\/","url":"https:\/\/test.avance.org\/events\/bookworm-brunch\/","name":"Bookworm Brunch - AVANCE Dallas","isPartOf":{"@id":"https:\/\/test.avance.org\/#website"},"datePublished":"2024-07-02T02:51:46+00:00","dateModified":"2024-08-01T17:44:55+00:00","breadcrumb":{"@id":"https:\/\/test.avance.org\/events\/bookworm-brunch\/#breadcrumb"},"inLanguage":"es","potentialAction":[{"@type":"ReadAction","target":["https:\/\/test.avance.org\/events\/bookworm-brunch\/"]}]},{"@type":"BreadcrumbList","@id":"https:\/\/test.avance.org\/events\/bookworm-brunch\/#breadcrumb","itemListElement":[{"@type":"ListItem","position":1,"name":"Home","item":"https:\/\/test.avance.org\/"},{"@type":"ListItem","position":2,"name":"Events","item":"https:\/\/test.avance.org\/events\/"},{"@type":"ListItem","position":3,"name":"Bookworm Brunch"}]},{"@type":"WebSite","@id":"https:\/\/test.avance.org\/#website","url":"https:\/\/test.avance.org\/","name":"AVANCE Dallas","description":"Unlocking America&#039;s Potential","publisher":{"@id":"https:\/\/test.avance.org\/#organization"},"potentialAction":[{"@type":"SearchAction","target":{"@type":"EntryPoint","urlTemplate":"https:\/\/test.avance.org\/?s={search_term_string}"},"query-input":{"@type":"PropertyValueSpecification","valueRequired":true,"valueName":"search_term_string"}}],"inLanguage":"es"},{"@type":"Organization","@id":"https:\/\/test.avance.org\/#organization","name":"AVANCE Dallas","url":"https:\/\/test.avance.org\/","logo":{"@type":"ImageObject","inLanguage":"es","@id":"https:\/\/test.avance.org\/#\/schema\/logo\/image\/","url":"https:\/\/test.avance.org\/wp-content\/uploads\/2024\/06\/cropped-logo-1.png","contentUrl":"https:\/\/test.avance.org\/wp-content\/uploads\/2024\/06\/cropped-logo-1.png","width":1920,"height":631,"caption":"AVANCE Dallas"},"image":{"@id":"https:\/\/test.avance.org\/#\/schema\/logo\/image\/"},"sameAs":["https:\/\/www.facebook.com\/AVANCEinc\/","https:\/\/x.com\/AVANCEinc","https:\/\/www.instagram.com\/avance__inc\/","https:\/\/www.linkedin.com\/company\/avance-inc"]}]}},"post_mailing_queue_ids":[],"_links":{"self":[{"href":"https:\/\/test.avance.org\/es\/wp-json\/wp\/v2\/pages\/5912","targetHints":{"allow":["GET"]}}],"collection":[{"href":"https:\/\/test.avance.org\/es\/wp-json\/wp\/v2\/pages"}],"about":[{"href":"https:\/\/test.avance.org\/es\/wp-json\/wp\/v2\/types\/page"}],"author":[{"embeddable":true,"href":"https:\/\/test.avance.org\/es\/wp-json\/wp\/v2\/users\/20"}],"replies":[{"embeddable":true,"href":"https:\/\/test.avance.org\/es\/wp-json\/wp\/v2\/comments?post=5912"}],"version-history":[{"count":5,"href":"https:\/\/test.avance.org\/es\/wp-json\/wp\/v2\/pages\/5912\/revisions"}],"predecessor-version":[{"id":6346,"href":"https:\/\/test.avance.org\/es\/wp-json\/wp\/v2\/pages\/5912\/revisions\/6346"}],"up":[{"embeddable":true,"href":"https:\/\/test.avance.org\/es\/wp-json\/wp\/v2\/pages\/5888"}],"wp:attachment":[{"href":"https:\/\/test.avance.org\/es\/wp-json\/wp\/v2\/media?parent=5912"}],"curies":[{"name":"wp","href":"https:\/\/api.w.org\/{rel}","templated":true}]}}